{"id":178659,"date":"2026-03-24T12:09:59","date_gmt":"2026-03-24T12:09:59","guid":{"rendered":"https:\/\/modesthanim.com\/product\/volanli-poplin-elbise-murdum\/"},"modified":"2026-04-04T12:05:16","modified_gmt":"2026-04-04T12:05:16","slug":"volanli-poplin-elbise-murdum","status":"publish","type":"product","link":"https:\/\/mod.wisdar.net\/tr\/urun\/volanli-poplin-elbise-murdum\/","title":{"rendered":"Volanl\u0131 Poplin Elbise M\u00fcrd\u00fcm"},"content":{"rendered":"<p>Beden Yard\u0131m Rehberi <\/p>\n<p>BEDEN KILAVUZU<\/p>\n<p>\u00a0<\/p>\n<p>\t\t\t\u00d6l\u00e7\u00fcler<br \/>\n\t\t\tS<br \/>\n\t\t\tM<br \/>\n\t\t\tL<br \/>\n\t\t\tXL<\/p>\n<p>\t\t\tBoy<br \/>\n\t\t\t137 cm<br \/>\n\t\t\t137,5 cm<br \/>\n\t\t\t138 cm<br \/>\n\t\t\t138,5 cm<\/p>\n<p>\t\t\tG\u00f6\u011f\u00fcs \u00c7evresi<br \/>\n\t\t\t104 cm<br \/>\n\t\t\t108 cm<br \/>\n\t\t\t112 cm<br \/>\n\t\t\t116 cm<\/p>\n<p>\t\t\tKol<br \/>\n\t\t\t59 cm<br \/>\n\t\t\t59,4 cm<br \/>\n\t\t\t59,8 cm<br \/>\n\t\t\t60,2 cm<\/p>\n<p>\t\t\tBasen<br \/>\n\t\t\t128 cm<br \/>\n\t\t\t132 cm<br \/>\n\t\t\t136 cm<br \/>\n\t\t\t140 cm<\/p>\n<p>\u2014 Technical Details \u2014<br \/>\nMarka: Minik Terzi<br \/>\nSezon: MEVS\u0130ML\u0130K<br \/>\nCinsiyet: Kad\u0131n<br \/>\nMalzeme: Poplin<br \/>\nKuma\u015f \u0130\u00e7eri\u011fi: %76 Pamuk %22 Pes %2 Ea<br \/>\nKal\u0131p: Tam Kal\u0131p<br \/>\nKol Boyu: Uzun Kollu<br \/>\nYaka Tipi: Bisiklet Yaka<br \/>\nMankenin Giydi\u011fi Beden: S Beden<br \/>\nA\u00e7\u0131klama: Ters \u00e7evirerek k\u0131sa programda 30\u00b0 y\u0131kay\u0131n\u0131z.<\/p>\n","protected":false},"excerpt":{"rendered":"<p>Beden Yard\u0131m Rehberi BEDEN KILAVUZU \u00a0 \u00d6l\u00e7\u00fcler S M L XL Boy 137 cm 137,5 cm 138 cm 138,5 cm G\u00f6\u011f\u00fcs \u00c7evresi 104 cm 108 cm 112 cm 116 cm Kol 59 cm 59,4 cm 59,8 cm 60,2 cm Basen 128 cm 132 cm 136 cm 140 cm \u2014 Technical Details \u2014 Marka: Minik Terzi [&hellip;]<\/p>\n","protected":false},"featured_media":178644,"comment_status":"open","ping_status":"closed","template":"","meta":[],"product_brand":[],"product_cat":[6249,1933],"product_tag":[6768],"class_list":{"0":"post-178659","1":"product","2":"type-product","3":"status-publish","4":"has-post-thumbnail","6":"product_cat-elbiseler","7":"product_cat-gunluk-ve-gunduz-elbiseleri","8":"product_tag-uzun-kol","9":"pa_brand-minik-terzi","10":"pa_color-murdum","11":"pa_size-l","12":"pa_size-m","13":"pa_size-s","15":"first","16":"instock","17":"sale","18":"shipping-taxable","19":"purchasable","20":"product-type-variable"},"_links":{"self":[{"href":"https:\/\/mod.wisdar.net\/tr\/wp-json\/wp\/v2\/product\/178659","targetHints":{"allow":["GET"]}}],"collection":[{"href":"https:\/\/mod.wisdar.net\/tr\/wp-json\/wp\/v2\/product"}],"about":[{"href":"https:\/\/mod.wisdar.net\/tr\/wp-json\/wp\/v2\/types\/product"}],"replies":[{"embeddable":true,"href":"https:\/\/mod.wisdar.net\/tr\/wp-json\/wp\/v2\/comments?post=178659"}],"wp:featuredmedia":[{"embeddable":true,"href":"https:\/\/mod.wisdar.net\/tr\/wp-json\/wp\/v2\/media\/178644"}],"wp:attachment":[{"href":"https:\/\/mod.wisdar.net\/tr\/wp-json\/wp\/v2\/media?parent=178659"}],"wp:term":[{"taxonomy":"product_brand","embeddable":true,"href":"https:\/\/mod.wisdar.net\/tr\/wp-json\/wp\/v2\/product_brand?post=178659"},{"taxonomy":"product_cat","embeddable":true,"href":"https:\/\/mod.wisdar.net\/tr\/wp-json\/wp\/v2\/product_cat?post=178659"},{"taxonomy":"product_tag","embeddable":true,"href":"https:\/\/mod.wisdar.net\/tr\/wp-json\/wp\/v2\/product_tag?post=178659"}],"curies":[{"name":"wp","href":"https:\/\/api.w.org\/{rel}","templated":true}]}}