{"id":178803,"date":"2026-03-24T21:14:30","date_gmt":"2026-03-24T21:14:30","guid":{"rendered":"https:\/\/modesthanim.com\/product\/tyess-kiz-cocuk-tuy-detayli-simli-elbise\/"},"modified":"2026-03-24T21:15:37","modified_gmt":"2026-03-24T21:15:37","slug":"tyess-kiz-cocuk-tuy-detayli-simli-elbise","status":"publish","type":"product","link":"https:\/\/mod.wisdar.net\/tr\/urun\/tyess-kiz-cocuk-tuy-detayli-simli-elbise\/","title":{"rendered":"Tyess K\u0131z \u00c7ocuk T\u00fcy Detayl\u0131 Simli Elbise"},"content":{"rendered":"<p>K\u0131z \u00c7ocuk Desenli Elbise \u2013 %100 Pamuk \u2013 Yaka : Bisiklet Yaka Kol : Uzun Kol Kal\u0131nl\u0131k : \u0130nce Kal\u0131p : Geni\u015f Kuma\u015f : Dokuma Astar : Astarl\u0131 Detay : Kol Detayl\u0131 Boy : Standart Cep : Cepsiz<\/p>\n","protected":false},"excerpt":{"rendered":"<p>K\u0131z \u00c7ocuk Desenli Elbise \u2013 %100 Pamuk \u2013 Yaka : Bisiklet Yaka Kol : Uzun Kol Kal\u0131nl\u0131k : \u0130nce Kal\u0131p : Geni\u015f Kuma\u015f : Dokuma Astar : Astarl\u0131 Detay : Kol Detayl\u0131 Boy : Standart Cep : Cepsiz<\/p>\n","protected":false},"featured_media":178796,"comment_status":"open","ping_status":"closed","template":"","meta":[],"product_brand":[],"product_cat":[8718,8715,8694],"product_tag":[8418],"class_list":{"0":"post-178803","1":"product","2":"type-product","3":"status-publish","4":"has-post-thumbnail","6":"product_cat-elbiseler-etekler","7":"product_cat-kiz-cocuklari-2-14-yas","8":"product_cat-cocuklar","9":"product_tag-abiye-elbise","11":"first","12":"instock","13":"sale","14":"shipping-taxable","15":"purchasable","16":"product-type-variable"},"_links":{"self":[{"href":"https:\/\/mod.wisdar.net\/tr\/wp-json\/wp\/v2\/product\/178803","targetHints":{"allow":["GET"]}}],"collection":[{"href":"https:\/\/mod.wisdar.net\/tr\/wp-json\/wp\/v2\/product"}],"about":[{"href":"https:\/\/mod.wisdar.net\/tr\/wp-json\/wp\/v2\/types\/product"}],"replies":[{"embeddable":true,"href":"https:\/\/mod.wisdar.net\/tr\/wp-json\/wp\/v2\/comments?post=178803"}],"wp:featuredmedia":[{"embeddable":true,"href":"https:\/\/mod.wisdar.net\/tr\/wp-json\/wp\/v2\/media\/178796"}],"wp:attachment":[{"href":"https:\/\/mod.wisdar.net\/tr\/wp-json\/wp\/v2\/media?parent=178803"}],"wp:term":[{"taxonomy":"product_brand","embeddable":true,"href":"https:\/\/mod.wisdar.net\/tr\/wp-json\/wp\/v2\/product_brand?post=178803"},{"taxonomy":"product_cat","embeddable":true,"href":"https:\/\/mod.wisdar.net\/tr\/wp-json\/wp\/v2\/product_cat?post=178803"},{"taxonomy":"product_tag","embeddable":true,"href":"https:\/\/mod.wisdar.net\/tr\/wp-json\/wp\/v2\/product_tag?post=178803"}],"curies":[{"name":"wp","href":"https:\/\/api.w.org\/{rel}","templated":true}]}}