{"id":178843,"date":"2026-03-24T21:15:27","date_gmt":"2026-03-24T21:15:27","guid":{"rendered":"https:\/\/modesthanim.com\/product\/tyess-kiz-cocuk-lila-tokali-kolsuz-elbise\/"},"modified":"2026-04-15T20:30:50","modified_gmt":"2026-04-15T20:30:50","slug":"tyess-kiz-cocuk-lila-tokali-kolsuz-elbise","status":"publish","type":"product","link":"https:\/\/mod.wisdar.net\/tr\/urun\/tyess-kiz-cocuk-lila-tokali-kolsuz-elbise\/","title":{"rendered":"Tyess K\u0131z \u00c7ocuk Lila Tokal\u0131 Kolsuz Elbise"},"content":{"rendered":"<p>K\u0131z \u00c7ocuk Lila Elbise \u2013 %100 Pamuk \u2013 Yaka : F\u0131rf\u0131r Yaka Kol : Ask\u0131l\u0131 Kal\u0131p : Geni\u015f Kuma\u015f : T\u00fcl Astar : Dokuma Cep : Cepsiz<\/p>\n","protected":false},"excerpt":{"rendered":"<p>K\u0131z \u00c7ocuk Lila Elbise \u2013 %100 Pamuk \u2013 Yaka : F\u0131rf\u0131r Yaka Kol : Ask\u0131l\u0131 Kal\u0131p : Geni\u015f Kuma\u015f : T\u00fcl Astar : Dokuma Cep : Cepsiz<\/p>\n","protected":false},"featured_media":178836,"comment_status":"open","ping_status":"closed","template":"","meta":[],"product_brand":[],"product_cat":[8718,8715,8694],"product_tag":[7488],"class_list":{"0":"post-178843","1":"product","2":"type-product","3":"status-publish","4":"has-post-thumbnail","6":"product_cat-elbiseler-etekler","7":"product_cat-kiz-cocuklari-2-14-yas","8":"product_cat-cocuklar","9":"product_tag-pamuk","10":"pa_brand-tyess","11":"pa_color-lila","12":"pa_size-10-yas","13":"pa_size-12-yas","14":"pa_size-14-yas","15":"pa_size-4-yas","16":"pa_size-6-yas","17":"pa_size-8-yas","19":"first","20":"instock","21":"sale","22":"shipping-taxable","23":"purchasable","24":"product-type-variable"},"_links":{"self":[{"href":"https:\/\/mod.wisdar.net\/tr\/wp-json\/wp\/v2\/product\/178843","targetHints":{"allow":["GET"]}}],"collection":[{"href":"https:\/\/mod.wisdar.net\/tr\/wp-json\/wp\/v2\/product"}],"about":[{"href":"https:\/\/mod.wisdar.net\/tr\/wp-json\/wp\/v2\/types\/product"}],"replies":[{"embeddable":true,"href":"https:\/\/mod.wisdar.net\/tr\/wp-json\/wp\/v2\/comments?post=178843"}],"wp:featuredmedia":[{"embeddable":true,"href":"https:\/\/mod.wisdar.net\/tr\/wp-json\/wp\/v2\/media\/178836"}],"wp:attachment":[{"href":"https:\/\/mod.wisdar.net\/tr\/wp-json\/wp\/v2\/media?parent=178843"}],"wp:term":[{"taxonomy":"product_brand","embeddable":true,"href":"https:\/\/mod.wisdar.net\/tr\/wp-json\/wp\/v2\/product_brand?post=178843"},{"taxonomy":"product_cat","embeddable":true,"href":"https:\/\/mod.wisdar.net\/tr\/wp-json\/wp\/v2\/product_cat?post=178843"},{"taxonomy":"product_tag","embeddable":true,"href":"https:\/\/mod.wisdar.net\/tr\/wp-json\/wp\/v2\/product_tag?post=178843"}],"curies":[{"name":"wp","href":"https:\/\/api.w.org\/{rel}","templated":true}]}}