{"id":178891,"date":"2026-03-24T21:18:36","date_gmt":"2026-03-24T21:18:36","guid":{"rendered":"https:\/\/modesthanim.com\/product\/tyess-kiz-cocuk-gold-fiyonklu-abiye-elbise\/"},"modified":"2026-04-15T20:32:03","modified_gmt":"2026-04-15T20:32:03","slug":"tyess-kiz-cocuk-gold-fiyonklu-abiye-elbise","status":"publish","type":"product","link":"https:\/\/mod.wisdar.net\/tr\/urun\/tyess-kiz-cocuk-gold-fiyonklu-abiye-elbise\/","title":{"rendered":"Tyess K\u0131z \u00c7ocuk Gold Fiyonklu Abiye Elbise"},"content":{"rendered":"<p>K\u0131z \u00c7ocuk Gold Elbise \u2013 %74 Polyester, %26 Lurex \u2013 Yaka : Bisiklet Yaka Kol : Kolsuz Kal\u0131p : Geni\u015f Kuma\u015f : Dokuma Astar : Astarl\u0131 Kapama Detay\u0131 : Fermuarl\u0131 Detay : Omuz Detayl\u0131 Cep : Cepsiz<\/p>\n","protected":false},"excerpt":{"rendered":"<p>K\u0131z \u00c7ocuk Gold Elbise \u2013 %74 Polyester, %26 Lurex \u2013 Yaka : Bisiklet Yaka Kol : Kolsuz Kal\u0131p : Geni\u015f Kuma\u015f : Dokuma Astar : Astarl\u0131 Kapama Detay\u0131 : Fermuarl\u0131 Detay : Omuz Detayl\u0131 Cep : Cepsiz<\/p>\n","protected":false},"featured_media":178884,"comment_status":"open","ping_status":"closed","template":"","meta":[],"product_brand":[],"product_cat":[8718,8715,8694],"product_tag":[8427,7959],"class_list":{"0":"post-178891","1":"product","2":"type-product","3":"status-publish","4":"has-post-thumbnail","6":"product_cat-elbiseler-etekler","7":"product_cat-kiz-cocuklari-2-14-yas","8":"product_cat-cocuklar","9":"product_tag-gece-elbisesi","10":"product_tag-resmi-giyim","11":"pa_brand-tyess","12":"pa_color-gold","13":"pa_size-10-yas","14":"pa_size-12-yas","15":"pa_size-14-yas","16":"pa_size-4-yas","17":"pa_size-6-yas","18":"pa_size-8-yas","20":"first","21":"instock","22":"sale","23":"shipping-taxable","24":"purchasable","25":"product-type-variable"},"_links":{"self":[{"href":"https:\/\/mod.wisdar.net\/tr\/wp-json\/wp\/v2\/product\/178891","targetHints":{"allow":["GET"]}}],"collection":[{"href":"https:\/\/mod.wisdar.net\/tr\/wp-json\/wp\/v2\/product"}],"about":[{"href":"https:\/\/mod.wisdar.net\/tr\/wp-json\/wp\/v2\/types\/product"}],"replies":[{"embeddable":true,"href":"https:\/\/mod.wisdar.net\/tr\/wp-json\/wp\/v2\/comments?post=178891"}],"wp:featuredmedia":[{"embeddable":true,"href":"https:\/\/mod.wisdar.net\/tr\/wp-json\/wp\/v2\/media\/178884"}],"wp:attachment":[{"href":"https:\/\/mod.wisdar.net\/tr\/wp-json\/wp\/v2\/media?parent=178891"}],"wp:term":[{"taxonomy":"product_brand","embeddable":true,"href":"https:\/\/mod.wisdar.net\/tr\/wp-json\/wp\/v2\/product_brand?post=178891"},{"taxonomy":"product_cat","embeddable":true,"href":"https:\/\/mod.wisdar.net\/tr\/wp-json\/wp\/v2\/product_cat?post=178891"},{"taxonomy":"product_tag","embeddable":true,"href":"https:\/\/mod.wisdar.net\/tr\/wp-json\/wp\/v2\/product_tag?post=178891"}],"curies":[{"name":"wp","href":"https:\/\/api.w.org\/{rel}","templated":true}]}}