{"id":179106,"date":"2026-03-25T20:44:21","date_gmt":"2026-03-25T20:44:21","guid":{"rendered":"https:\/\/modesthanim.com\/product\/renkli-serit-detayli-ferace\/"},"modified":"2026-03-25T21:15:07","modified_gmt":"2026-03-25T21:15:07","slug":"renkli-serit-detayli-ferace","status":"publish","type":"product","link":"https:\/\/mod.wisdar.net\/tr\/urun\/renkli-serit-detayli-ferace\/","title":{"rendered":"RENKL\u0130 \u015eER\u0130T DETAYLI FERACE"},"content":{"rendered":"<p>Renk:Siyah<br \/>\nKuma\u015f:Dubai ipe\u011fi<br \/>\nBeden:38-40-42-44-46-48<br \/>\nBoy:148 cm<br \/>\nY\u0131kama talimat\u0131:Kuru temizleme \u00f6nerilir.<br \/>\nMankenin \u00fczerindeki 38 bedendir.<br \/>\nManken boy:1.70<br \/>\nManken kilo:60<\/p>\n","protected":false},"excerpt":{"rendered":"<p>Renk:Siyah Kuma\u015f:Dubai ipe\u011fi Beden:38-40-42-44-46-48 Boy:148 cm Y\u0131kama talimat\u0131:Kuru temizleme \u00f6nerilir. Mankenin \u00fczerindeki 38 bedendir. Manken boy:1.70 Manken kilo:60<\/p>\n","protected":false},"featured_media":179104,"comment_status":"open","ping_status":"closed","template":"","meta":[],"product_brand":[],"product_cat":[4028],"product_tag":[8298,7547,8449,7548],"class_list":{"0":"post-179106","1":"product","2":"type-product","3":"status-publish","4":"has-post-thumbnail","6":"product_cat-abaya","7":"product_tag-abaya","8":"product_tag-kadin-giyim","9":"product_tag-luks","10":"product_tag-mutevazi-moda","11":"pa_size-4706","12":"pa_size-4711","13":"pa_size-4713","14":"pa_size-4751","15":"pa_size-4749","16":"pa_size-4747","18":"first","19":"instock","20":"sale","21":"shipping-taxable","22":"purchasable","23":"product-type-variable"},"_links":{"self":[{"href":"https:\/\/mod.wisdar.net\/tr\/wp-json\/wp\/v2\/product\/179106","targetHints":{"allow":["GET"]}}],"collection":[{"href":"https:\/\/mod.wisdar.net\/tr\/wp-json\/wp\/v2\/product"}],"about":[{"href":"https:\/\/mod.wisdar.net\/tr\/wp-json\/wp\/v2\/types\/product"}],"replies":[{"embeddable":true,"href":"https:\/\/mod.wisdar.net\/tr\/wp-json\/wp\/v2\/comments?post=179106"}],"wp:featuredmedia":[{"embeddable":true,"href":"https:\/\/mod.wisdar.net\/tr\/wp-json\/wp\/v2\/media\/179104"}],"wp:attachment":[{"href":"https:\/\/mod.wisdar.net\/tr\/wp-json\/wp\/v2\/media?parent=179106"}],"wp:term":[{"taxonomy":"product_brand","embeddable":true,"href":"https:\/\/mod.wisdar.net\/tr\/wp-json\/wp\/v2\/product_brand?post=179106"},{"taxonomy":"product_cat","embeddable":true,"href":"https:\/\/mod.wisdar.net\/tr\/wp-json\/wp\/v2\/product_cat?post=179106"},{"taxonomy":"product_tag","embeddable":true,"href":"https:\/\/mod.wisdar.net\/tr\/wp-json\/wp\/v2\/product_tag?post=179106"}],"curies":[{"name":"wp","href":"https:\/\/api.w.org\/{rel}","templated":true}]}}