{"id":179147,"date":"2026-03-25T20:45:53","date_gmt":"2026-03-25T20:45:53","guid":{"rendered":"https:\/\/modesthanim.com\/product\/top-tas-ferace-siyah\/"},"modified":"2026-04-04T14:40:34","modified_gmt":"2026-04-04T14:40:34","slug":"top-tas-ferace-siyah","status":"publish","type":"product","link":"https:\/\/mod.wisdar.net\/tr\/urun\/top-tas-ferace-siyah\/","title":{"rendered":"TOP TA\u015e FERACE S\u0130YAH"},"content":{"rendered":"<p>Dubai ipe\u011fi kuma\u015f<br \/>\n146 cm boy<br \/>\n\u00c7\u0131t \u00e7\u0131tl\u0131 tasar\u0131m<\/p>\n","protected":false},"excerpt":{"rendered":"<p>Dubai ipe\u011fi kuma\u015f 146 cm boy \u00c7\u0131t \u00e7\u0131tl\u0131 tasar\u0131m<\/p>\n","protected":false},"featured_media":179144,"comment_status":"open","ping_status":"closed","template":"","meta":[],"product_brand":[],"product_cat":[4028],"product_tag":[],"class_list":{"0":"post-179147","1":"product","2":"type-product","3":"status-publish","4":"has-post-thumbnail","6":"product_cat-abaya","7":"pa_brand-efsa","8":"pa_color-siyah","9":"pa_size-4706","10":"pa_size-4711","11":"pa_size-4713","12":"pa_size-4751","13":"pa_size-4749","14":"pa_size-4747","15":"pa_size-4746","16":"pa_size-4744","18":"first","19":"instock","20":"sale","21":"shipping-taxable","22":"purchasable","23":"product-type-variable"},"_links":{"self":[{"href":"https:\/\/mod.wisdar.net\/tr\/wp-json\/wp\/v2\/product\/179147","targetHints":{"allow":["GET"]}}],"collection":[{"href":"https:\/\/mod.wisdar.net\/tr\/wp-json\/wp\/v2\/product"}],"about":[{"href":"https:\/\/mod.wisdar.net\/tr\/wp-json\/wp\/v2\/types\/product"}],"replies":[{"embeddable":true,"href":"https:\/\/mod.wisdar.net\/tr\/wp-json\/wp\/v2\/comments?post=179147"}],"wp:featuredmedia":[{"embeddable":true,"href":"https:\/\/mod.wisdar.net\/tr\/wp-json\/wp\/v2\/media\/179144"}],"wp:attachment":[{"href":"https:\/\/mod.wisdar.net\/tr\/wp-json\/wp\/v2\/media?parent=179147"}],"wp:term":[{"taxonomy":"product_brand","embeddable":true,"href":"https:\/\/mod.wisdar.net\/tr\/wp-json\/wp\/v2\/product_brand?post=179147"},{"taxonomy":"product_cat","embeddable":true,"href":"https:\/\/mod.wisdar.net\/tr\/wp-json\/wp\/v2\/product_cat?post=179147"},{"taxonomy":"product_tag","embeddable":true,"href":"https:\/\/mod.wisdar.net\/tr\/wp-json\/wp\/v2\/product_tag?post=179147"}],"curies":[{"name":"wp","href":"https:\/\/api.w.org\/{rel}","templated":true}]}}