{"id":179289,"date":"2026-03-25T20:49:39","date_gmt":"2026-03-25T20:49:39","guid":{"rendered":"https:\/\/modesthanim.com\/product\/ozel-tas-detayli-ferace\/"},"modified":"2026-03-25T21:12:38","modified_gmt":"2026-03-25T21:12:38","slug":"ozel-tas-detayli-ferace","status":"publish","type":"product","link":"https:\/\/mod.wisdar.net\/tr\/urun\/ozel-tas-detayli-ferace\/","title":{"rendered":"\u00d6ZEL TA\u015e DETAYLI FERACE"},"content":{"rendered":"<p>Bu ferace, \u00f6zel ta\u015f detaylar\u0131yla dikkat \u00e7eken \u015f\u0131k bir tasar\u0131ma sahiptir. Rahat kesimi ve kaliteli kuma\u015f\u0131yla hem g\u00fcnl\u00fck hem de \u00f6zel g\u00fcnlerde zarif bir se\u00e7im sunar. Modern tarz\u0131n\u0131z\u0131 tamamlayacak bu ferace, gard\u0131robunuzun vazge\u00e7ilmez par\u00e7alar\u0131ndan biri olacak.<\/p>\n","protected":false},"excerpt":{"rendered":"<p>Bu ferace, \u00f6zel ta\u015f detaylar\u0131yla dikkat \u00e7eken \u015f\u0131k bir tasar\u0131ma sahiptir. Rahat kesimi ve kaliteli kuma\u015f\u0131yla hem g\u00fcnl\u00fck hem de \u00f6zel g\u00fcnlerde zarif bir se\u00e7im sunar. Modern tarz\u0131n\u0131z\u0131 tamamlayacak bu ferace, gard\u0131robunuzun vazge\u00e7ilmez par\u00e7alar\u0131ndan biri olacak.<\/p>\n","protected":false},"featured_media":179285,"comment_status":"open","ping_status":"closed","template":"","meta":[],"product_brand":[],"product_cat":[4028],"product_tag":[],"class_list":{"0":"post-179289","1":"product","2":"type-product","3":"status-publish","4":"has-post-thumbnail","6":"product_cat-abaya","7":"pa_size-4706","8":"pa_size-4711","9":"pa_size-4713","10":"pa_size-4751","11":"pa_size-4749","12":"pa_size-4747","13":"pa_size-4746","14":"pa_size-4744","16":"first","17":"instock","18":"sale","19":"shipping-taxable","20":"purchasable","21":"product-type-variable"},"_links":{"self":[{"href":"https:\/\/mod.wisdar.net\/tr\/wp-json\/wp\/v2\/product\/179289","targetHints":{"allow":["GET"]}}],"collection":[{"href":"https:\/\/mod.wisdar.net\/tr\/wp-json\/wp\/v2\/product"}],"about":[{"href":"https:\/\/mod.wisdar.net\/tr\/wp-json\/wp\/v2\/types\/product"}],"replies":[{"embeddable":true,"href":"https:\/\/mod.wisdar.net\/tr\/wp-json\/wp\/v2\/comments?post=179289"}],"wp:featuredmedia":[{"embeddable":true,"href":"https:\/\/mod.wisdar.net\/tr\/wp-json\/wp\/v2\/media\/179285"}],"wp:attachment":[{"href":"https:\/\/mod.wisdar.net\/tr\/wp-json\/wp\/v2\/media?parent=179289"}],"wp:term":[{"taxonomy":"product_brand","embeddable":true,"href":"https:\/\/mod.wisdar.net\/tr\/wp-json\/wp\/v2\/product_brand?post=179289"},{"taxonomy":"product_cat","embeddable":true,"href":"https:\/\/mod.wisdar.net\/tr\/wp-json\/wp\/v2\/product_cat?post=179289"},{"taxonomy":"product_tag","embeddable":true,"href":"https:\/\/mod.wisdar.net\/tr\/wp-json\/wp\/v2\/product_tag?post=179289"}],"curies":[{"name":"wp","href":"https:\/\/api.w.org\/{rel}","templated":true}]}}