{"id":179408,"date":"2026-03-25T20:51:59","date_gmt":"2026-03-25T20:51:59","guid":{"rendered":"https:\/\/modesthanim.com\/product\/yakasi-islemeli-ferace\/"},"modified":"2026-03-25T21:11:52","modified_gmt":"2026-03-25T21:11:52","slug":"yakasi-islemeli-ferace","status":"publish","type":"product","link":"https:\/\/mod.wisdar.net\/tr\/urun\/yakasi-islemeli-ferace\/","title":{"rendered":"YAKASI \u0130\u015eLEMEL\u0130 FERACE"},"content":{"rendered":"","protected":false},"excerpt":{"rendered":"","protected":false},"featured_media":179404,"comment_status":"open","ping_status":"closed","template":"","meta":[],"product_brand":[],"product_cat":[4028],"product_tag":[8298,5012,6744,7548],"class_list":{"0":"post-179408","1":"product","2":"type-product","3":"status-publish","4":"has-post-thumbnail","6":"product_cat-abaya","7":"product_tag-abaya","8":"product_tag-elegant","9":"product_tag-kadin-modasi","10":"product_tag-mutevazi-moda","11":"pa_size-4706","12":"pa_size-4711","13":"pa_size-4713","14":"pa_size-4751","15":"pa_size-4749","16":"pa_size-4747","17":"pa_size-4746","18":"pa_size-4744","20":"first","21":"instock","22":"sale","23":"shipping-taxable","24":"purchasable","25":"product-type-variable"},"_links":{"self":[{"href":"https:\/\/mod.wisdar.net\/tr\/wp-json\/wp\/v2\/product\/179408","targetHints":{"allow":["GET"]}}],"collection":[{"href":"https:\/\/mod.wisdar.net\/tr\/wp-json\/wp\/v2\/product"}],"about":[{"href":"https:\/\/mod.wisdar.net\/tr\/wp-json\/wp\/v2\/types\/product"}],"replies":[{"embeddable":true,"href":"https:\/\/mod.wisdar.net\/tr\/wp-json\/wp\/v2\/comments?post=179408"}],"wp:featuredmedia":[{"embeddable":true,"href":"https:\/\/mod.wisdar.net\/tr\/wp-json\/wp\/v2\/media\/179404"}],"wp:attachment":[{"href":"https:\/\/mod.wisdar.net\/tr\/wp-json\/wp\/v2\/media?parent=179408"}],"wp:term":[{"taxonomy":"product_brand","embeddable":true,"href":"https:\/\/mod.wisdar.net\/tr\/wp-json\/wp\/v2\/product_brand?post=179408"},{"taxonomy":"product_cat","embeddable":true,"href":"https:\/\/mod.wisdar.net\/tr\/wp-json\/wp\/v2\/product_cat?post=179408"},{"taxonomy":"product_tag","embeddable":true,"href":"https:\/\/mod.wisdar.net\/tr\/wp-json\/wp\/v2\/product_tag?post=179408"}],"curies":[{"name":"wp","href":"https:\/\/api.w.org\/{rel}","templated":true}]}}