{"id":179434,"date":"2026-03-25T20:52:20","date_gmt":"2026-03-25T20:52:20","guid":{"rendered":"https:\/\/modesthanim.com\/product\/tasli-kollu-ferace\/"},"modified":"2026-03-25T21:10:59","modified_gmt":"2026-03-25T21:10:59","slug":"tasli-kollu-ferace","status":"publish","type":"product","link":"https:\/\/mod.wisdar.net\/tr\/urun\/tasli-kollu-ferace\/","title":{"rendered":"TA\u015eLI KOLLU FERACE"},"content":{"rendered":"<p>\u015e\u0131k ve zarif tasar\u0131m\u0131yla dikkat \u00e7eken bu ferace, \u00f6zel g\u00fcnlerinizde ve \u00f6nemli etkinliklerde rahatl\u0131kla tercih edebilece\u011finiz bir par\u00e7ad\u0131r. Kaliteli kuma\u015f\u0131 ve ince i\u015f\u00e7ili\u011fi sayesinde hem konfor hem de stil sunar. Kollar\u0131ndaki ta\u015f detaylar\u0131yla g\u00f6z al\u0131c\u0131 bir g\u00f6r\u00fcn\u00fcm kazanan bu ferace, gard\u0131robunuzun vazge\u00e7ilmezleri aras\u0131nda yer alacak.<\/p>\n","protected":false},"excerpt":{"rendered":"<p>\u015e\u0131k ve zarif tasar\u0131m\u0131yla dikkat \u00e7eken bu ferace, \u00f6zel g\u00fcnlerinizde ve \u00f6nemli etkinliklerde rahatl\u0131kla tercih edebilece\u011finiz bir par\u00e7ad\u0131r. Kaliteli kuma\u015f\u0131 ve ince i\u015f\u00e7ili\u011fi sayesinde hem konfor hem de stil sunar. Kollar\u0131ndaki ta\u015f detaylar\u0131yla g\u00f6z al\u0131c\u0131 bir g\u00f6r\u00fcn\u00fcm kazanan bu ferace, gard\u0131robunuzun vazge\u00e7ilmezleri aras\u0131nda yer alacak.<\/p>\n","protected":false},"featured_media":179431,"comment_status":"open","ping_status":"closed","template":"","meta":[],"product_brand":[],"product_cat":[4028],"product_tag":[],"class_list":{"0":"post-179434","1":"product","2":"type-product","3":"status-publish","4":"has-post-thumbnail","6":"product_cat-abaya","7":"pa_size-4706","8":"pa_size-4711","9":"pa_size-4713","10":"pa_size-4751","11":"pa_size-4749","12":"pa_size-4747","13":"pa_size-4746","14":"pa_size-4744","16":"first","17":"instock","18":"sale","19":"shipping-taxable","20":"purchasable","21":"product-type-variable"},"_links":{"self":[{"href":"https:\/\/mod.wisdar.net\/tr\/wp-json\/wp\/v2\/product\/179434","targetHints":{"allow":["GET"]}}],"collection":[{"href":"https:\/\/mod.wisdar.net\/tr\/wp-json\/wp\/v2\/product"}],"about":[{"href":"https:\/\/mod.wisdar.net\/tr\/wp-json\/wp\/v2\/types\/product"}],"replies":[{"embeddable":true,"href":"https:\/\/mod.wisdar.net\/tr\/wp-json\/wp\/v2\/comments?post=179434"}],"wp:featuredmedia":[{"embeddable":true,"href":"https:\/\/mod.wisdar.net\/tr\/wp-json\/wp\/v2\/media\/179431"}],"wp:attachment":[{"href":"https:\/\/mod.wisdar.net\/tr\/wp-json\/wp\/v2\/media?parent=179434"}],"wp:term":[{"taxonomy":"product_brand","embeddable":true,"href":"https:\/\/mod.wisdar.net\/tr\/wp-json\/wp\/v2\/product_brand?post=179434"},{"taxonomy":"product_cat","embeddable":true,"href":"https:\/\/mod.wisdar.net\/tr\/wp-json\/wp\/v2\/product_cat?post=179434"},{"taxonomy":"product_tag","embeddable":true,"href":"https:\/\/mod.wisdar.net\/tr\/wp-json\/wp\/v2\/product_tag?post=179434"}],"curies":[{"name":"wp","href":"https:\/\/api.w.org\/{rel}","templated":true}]}}