{"id":179500,"date":"2026-03-25T20:55:07","date_gmt":"2026-03-25T20:55:07","guid":{"rendered":"https:\/\/modesthanim.com\/product\/kollari-islemeli-ferace-siyah\/"},"modified":"2026-03-25T21:07:56","modified_gmt":"2026-03-25T21:07:56","slug":"kollari-islemeli-ferace-siyah","status":"publish","type":"product","link":"https:\/\/mod.wisdar.net\/tr\/urun\/kollari-islemeli-ferace-siyah\/","title":{"rendered":"Kollar\u0131 \u0130\u015flemeli Ferace Siyah"},"content":{"rendered":"<p>Renk:Siyah<br \/>\nBeden:38-40-42-44-46-48-50-52<br \/>\nBoy:146 cm<br \/>\nY\u0131kama talimat\u0131:Kuru temizleme \u00f6nerilir.<br \/>\nMankenin \u00fczerindeki 38 bedendir.<br \/>\nManken boy:1.70<br \/>\nManken kilo:60<\/p>\n","protected":false},"excerpt":{"rendered":"<p>Renk:Siyah Beden:38-40-42-44-46-48-50-52 Boy:146 cm Y\u0131kama talimat\u0131:Kuru temizleme \u00f6nerilir. Mankenin \u00fczerindeki 38 bedendir. Manken boy:1.70 Manken kilo:60<\/p>\n","protected":false},"featured_media":179498,"comment_status":"open","ping_status":"closed","template":"","meta":[],"product_brand":[],"product_cat":[4028],"product_tag":[8298,7074],"class_list":{"0":"post-179500","1":"product","2":"type-product","3":"status-publish","4":"has-post-thumbnail","6":"product_cat-abaya","7":"product_tag-abaya","8":"product_tag-siyah","9":"pa_color-siyah","10":"pa_size-4706","11":"pa_size-4711","12":"pa_size-4713","13":"pa_size-4751","14":"pa_size-4749","15":"pa_size-4747","16":"pa_size-4746","17":"pa_size-4744","19":"first","20":"instock","21":"sale","22":"shipping-taxable","23":"purchasable","24":"product-type-variable"},"_links":{"self":[{"href":"https:\/\/mod.wisdar.net\/tr\/wp-json\/wp\/v2\/product\/179500","targetHints":{"allow":["GET"]}}],"collection":[{"href":"https:\/\/mod.wisdar.net\/tr\/wp-json\/wp\/v2\/product"}],"about":[{"href":"https:\/\/mod.wisdar.net\/tr\/wp-json\/wp\/v2\/types\/product"}],"replies":[{"embeddable":true,"href":"https:\/\/mod.wisdar.net\/tr\/wp-json\/wp\/v2\/comments?post=179500"}],"wp:featuredmedia":[{"embeddable":true,"href":"https:\/\/mod.wisdar.net\/tr\/wp-json\/wp\/v2\/media\/179498"}],"wp:attachment":[{"href":"https:\/\/mod.wisdar.net\/tr\/wp-json\/wp\/v2\/media?parent=179500"}],"wp:term":[{"taxonomy":"product_brand","embeddable":true,"href":"https:\/\/mod.wisdar.net\/tr\/wp-json\/wp\/v2\/product_brand?post=179500"},{"taxonomy":"product_cat","embeddable":true,"href":"https:\/\/mod.wisdar.net\/tr\/wp-json\/wp\/v2\/product_cat?post=179500"},{"taxonomy":"product_tag","embeddable":true,"href":"https:\/\/mod.wisdar.net\/tr\/wp-json\/wp\/v2\/product_tag?post=179500"}],"curies":[{"name":"wp","href":"https:\/\/api.w.org\/{rel}","templated":true}]}}