{"id":179548,"date":"2026-03-25T20:57:14","date_gmt":"2026-03-25T20:57:14","guid":{"rendered":"https:\/\/modesthanim.com\/product\/mocca-parlak-takim-siyah\/"},"modified":"2026-04-04T13:54:22","modified_gmt":"2026-04-04T13:54:22","slug":"mocca-parlak-takim-siyah","status":"publish","type":"product","link":"https:\/\/mod.wisdar.net\/tr\/urun\/mocca-parlak-takim-siyah\/","title":{"rendered":"MOCCA PARLAK TAKIM S\u0130YAH"},"content":{"rendered":"<p>\u015e\u0131kl\u0131\u011f\u0131 ve konforu bir araya getiren Mocca parlak tak\u0131m, siyah rengiyle her an\u0131n\u0131za zarafet kat\u0131yor. Kaliteli kuma\u015f\u0131 ve \u00f6zenli i\u015f\u00e7ili\u011fiyle g\u00fcn boyu rahatl\u0131k sunan bu tak\u0131m, modern tasar\u0131m\u0131yla gard\u0131robunuzun vazge\u00e7ilmezi olacak.<\/p>\n","protected":false},"excerpt":{"rendered":"<p>\u015e\u0131kl\u0131\u011f\u0131 ve konforu bir araya getiren Mocca parlak tak\u0131m, siyah rengiyle her an\u0131n\u0131za zarafet kat\u0131yor. Kaliteli kuma\u015f\u0131 ve \u00f6zenli i\u015f\u00e7ili\u011fiyle g\u00fcn boyu rahatl\u0131k sunan bu tak\u0131m, modern tasar\u0131m\u0131yla gard\u0131robunuzun vazge\u00e7ilmezi olacak.<\/p>\n","protected":false},"featured_media":179544,"comment_status":"open","ping_status":"closed","template":"","meta":[],"product_brand":[],"product_cat":[4028],"product_tag":[],"class_list":{"0":"post-179548","1":"product","2":"type-product","3":"status-publish","4":"has-post-thumbnail","6":"product_cat-abaya","7":"pa_brand-efsa","8":"pa_size-4446","9":"pa_size-4463","10":"pa_size-4680","12":"first","13":"instock","14":"sale","15":"shipping-taxable","16":"purchasable","17":"product-type-variable"},"_links":{"self":[{"href":"https:\/\/mod.wisdar.net\/tr\/wp-json\/wp\/v2\/product\/179548","targetHints":{"allow":["GET"]}}],"collection":[{"href":"https:\/\/mod.wisdar.net\/tr\/wp-json\/wp\/v2\/product"}],"about":[{"href":"https:\/\/mod.wisdar.net\/tr\/wp-json\/wp\/v2\/types\/product"}],"replies":[{"embeddable":true,"href":"https:\/\/mod.wisdar.net\/tr\/wp-json\/wp\/v2\/comments?post=179548"}],"wp:featuredmedia":[{"embeddable":true,"href":"https:\/\/mod.wisdar.net\/tr\/wp-json\/wp\/v2\/media\/179544"}],"wp:attachment":[{"href":"https:\/\/mod.wisdar.net\/tr\/wp-json\/wp\/v2\/media?parent=179548"}],"wp:term":[{"taxonomy":"product_brand","embeddable":true,"href":"https:\/\/mod.wisdar.net\/tr\/wp-json\/wp\/v2\/product_brand?post=179548"},{"taxonomy":"product_cat","embeddable":true,"href":"https:\/\/mod.wisdar.net\/tr\/wp-json\/wp\/v2\/product_cat?post=179548"},{"taxonomy":"product_tag","embeddable":true,"href":"https:\/\/mod.wisdar.net\/tr\/wp-json\/wp\/v2\/product_tag?post=179548"}],"curies":[{"name":"wp","href":"https:\/\/api.w.org\/{rel}","templated":true}]}}