{"id":179558,"date":"2026-03-25T20:57:44","date_gmt":"2026-03-25T20:57:44","guid":{"rendered":"https:\/\/modesthanim.com\/product\/serra-ferace-lacivert\/"},"modified":"2026-03-25T21:08:10","modified_gmt":"2026-03-25T21:08:10","slug":"serra-ferace-lacivert","status":"publish","type":"product","link":"https:\/\/mod.wisdar.net\/tr\/urun\/serra-ferace-lacivert\/","title":{"rendered":"SERRA FERACE LAC\u0130VERT"},"content":{"rendered":"<p>Renk: Lacivert<br \/>\nKuma\u015f: Krep \u015eifon<br \/>\nBeden: 38-40-42-44<br \/>\nBoy: 135 cm<br \/>\nY\u0131kama talimat\u0131: Kuru temizleme \u00f6nerilir.<br \/>\nMankenin \u00fczerindeki 38 bedendir.<br \/>\nManken boy: 1.70 m<br \/>\nManken kilo: 60 kg<\/p>\n","protected":false},"excerpt":{"rendered":"<p>Renk: Lacivert Kuma\u015f: Krep \u015eifon Beden: 38-40-42-44 Boy: 135 cm Y\u0131kama talimat\u0131: Kuru temizleme \u00f6nerilir. Mankenin \u00fczerindeki 38 bedendir. Manken boy: 1.70 m Manken kilo: 60 kg<\/p>\n","protected":false},"featured_media":179554,"comment_status":"open","ping_status":"closed","template":"","meta":[],"product_brand":[],"product_cat":[4028],"product_tag":[],"class_list":{"0":"post-179558","1":"product","2":"type-product","3":"status-publish","4":"has-post-thumbnail","6":"product_cat-abaya","7":"pa_color-lacivert","8":"pa_size-2xl","9":"pa_size-3xl","10":"pa_size-l","11":"pa_size-m","12":"pa_size-xl","14":"first","15":"instock","16":"sale","17":"shipping-taxable","18":"purchasable","19":"product-type-variable"},"_links":{"self":[{"href":"https:\/\/mod.wisdar.net\/tr\/wp-json\/wp\/v2\/product\/179558","targetHints":{"allow":["GET"]}}],"collection":[{"href":"https:\/\/mod.wisdar.net\/tr\/wp-json\/wp\/v2\/product"}],"about":[{"href":"https:\/\/mod.wisdar.net\/tr\/wp-json\/wp\/v2\/types\/product"}],"replies":[{"embeddable":true,"href":"https:\/\/mod.wisdar.net\/tr\/wp-json\/wp\/v2\/comments?post=179558"}],"wp:featuredmedia":[{"embeddable":true,"href":"https:\/\/mod.wisdar.net\/tr\/wp-json\/wp\/v2\/media\/179554"}],"wp:attachment":[{"href":"https:\/\/mod.wisdar.net\/tr\/wp-json\/wp\/v2\/media?parent=179558"}],"wp:term":[{"taxonomy":"product_brand","embeddable":true,"href":"https:\/\/mod.wisdar.net\/tr\/wp-json\/wp\/v2\/product_brand?post=179558"},{"taxonomy":"product_cat","embeddable":true,"href":"https:\/\/mod.wisdar.net\/tr\/wp-json\/wp\/v2\/product_cat?post=179558"},{"taxonomy":"product_tag","embeddable":true,"href":"https:\/\/mod.wisdar.net\/tr\/wp-json\/wp\/v2\/product_tag?post=179558"}],"curies":[{"name":"wp","href":"https:\/\/api.w.org\/{rel}","templated":true}]}}