{"id":179665,"date":"2026-03-25T21:03:50","date_gmt":"2026-03-25T21:03:50","guid":{"rendered":"https:\/\/modesthanim.com\/product\/inci-papatya-ferace-sal-takim-beyaz\/"},"modified":"2026-04-11T13:52:47","modified_gmt":"2026-04-11T13:52:47","slug":"inci-papatya-ferace-sal-takim-beyaz","status":"publish","type":"product","link":"https:\/\/mod.wisdar.net\/tr\/urun\/inci-papatya-ferace-sal-takim-beyaz\/","title":{"rendered":"\u0130NC\u0130 PAPATYA FERACE \u015eAL TAKIM BEYAZ"},"content":{"rendered":"","protected":false},"excerpt":{"rendered":"","protected":false},"featured_media":179659,"comment_status":"open","ping_status":"closed","template":"","meta":[],"product_brand":[],"product_cat":[4028],"product_tag":[7294,6936,5012,7625,8449,6995,4999],"class_list":{"0":"post-179665","1":"product","2":"type-product","3":"status-publish","4":"has-post-thumbnail","6":"product_cat-abaya","7":"product_tag-beyaz","8":"product_tag-cok-yonlu","9":"product_tag-elegant","10":"product_tag-kadin-giyim-2","11":"product_tag-luks","12":"product_tag-moda-aksesuari","13":"product_tag-outerwear","14":"pa_brand-efsa","15":"pa_size-4706","16":"pa_size-4711","17":"pa_size-4713","18":"pa_size-4751","19":"pa_size-4749","20":"pa_size-4747","21":"pa_size-4746","22":"pa_size-4744","24":"first","25":"outofstock","26":"shipping-taxable","27":"product-type-variable"},"_links":{"self":[{"href":"https:\/\/mod.wisdar.net\/tr\/wp-json\/wp\/v2\/product\/179665","targetHints":{"allow":["GET"]}}],"collection":[{"href":"https:\/\/mod.wisdar.net\/tr\/wp-json\/wp\/v2\/product"}],"about":[{"href":"https:\/\/mod.wisdar.net\/tr\/wp-json\/wp\/v2\/types\/product"}],"replies":[{"embeddable":true,"href":"https:\/\/mod.wisdar.net\/tr\/wp-json\/wp\/v2\/comments?post=179665"}],"wp:featuredmedia":[{"embeddable":true,"href":"https:\/\/mod.wisdar.net\/tr\/wp-json\/wp\/v2\/media\/179659"}],"wp:attachment":[{"href":"https:\/\/mod.wisdar.net\/tr\/wp-json\/wp\/v2\/media?parent=179665"}],"wp:term":[{"taxonomy":"product_brand","embeddable":true,"href":"https:\/\/mod.wisdar.net\/tr\/wp-json\/wp\/v2\/product_brand?post=179665"},{"taxonomy":"product_cat","embeddable":true,"href":"https:\/\/mod.wisdar.net\/tr\/wp-json\/wp\/v2\/product_cat?post=179665"},{"taxonomy":"product_tag","embeddable":true,"href":"https:\/\/mod.wisdar.net\/tr\/wp-json\/wp\/v2\/product_tag?post=179665"}],"curies":[{"name":"wp","href":"https:\/\/api.w.org\/{rel}","templated":true}]}}