{"id":179732,"date":"2026-03-26T08:47:27","date_gmt":"2026-03-26T08:47:27","guid":{"rendered":"https:\/\/modesthanim.com\/product\/beli-lastikli-basic-pantolon-bej\/"},"modified":"2026-03-26T10:54:21","modified_gmt":"2026-03-26T10:54:21","slug":"beli-lastikli-basic-pantolon-bej","status":"publish","type":"product","link":"https:\/\/mod.wisdar.net\/tr\/urun\/beli-lastikli-basic-pantolon-bej\/","title":{"rendered":"Beli Lastikli Basic Pantolon \u2013 Bej"},"content":{"rendered":"<p>Esnek bel yap\u0131s\u0131 hareket \u00f6zg\u00fcrl\u00fc\u011f\u00fc sa\u011flarken, sade kesimi d\u00fczenli ve dengeli bir g\u00f6r\u00fcn\u00fcm sunar. Farkl\u0131 \u00fcst par\u00e7alarla kolayca kombinlenebilen bu pantolon, konforlu bir stil arayanlar i\u00e7in pratik ve zamans\u0131z bir par\u00e7ad\u0131r.<br \/>\nKuma\u015f \u0130\u00e7eri\u011fi: %89 Polyester, %11 Elastan<br \/>\nDesen: D\u00fcz<br \/>\nBel Tipi: Y\u00fcksel Bel<br \/>\nBel Formu: Kapamas\u0131z, Beli Lastikli<br \/>\nPa\u00e7a Tipi: Havu\u00e7<br \/>\nCep: Yan Cep<br \/>\nAstar: Astars\u0131z<br \/>\n\u00dcr\u00fcn Boyu: 97,5 cm<br \/>\nKal\u0131p Tipi: Normal Kal\u0131p<br \/>\nManken \u00d6l\u00e7\u00fcleri: Boy: 175 cm, G\u00f6\u011f\u00fcs: 85 cm, Bel: 60 cm, Basen: 90 cm<br \/>\nMankenin Giydi\u011fi Beden: 38<\/p>\n","protected":false},"excerpt":{"rendered":"<p>Esnek bel yap\u0131s\u0131 hareket \u00f6zg\u00fcrl\u00fc\u011f\u00fc sa\u011flarken, sade kesimi d\u00fczenli ve dengeli bir g\u00f6r\u00fcn\u00fcm sunar. Farkl\u0131 \u00fcst par\u00e7alarla kolayca kombinlenebilen bu pantolon, konforlu bir stil arayanlar i\u00e7in pratik ve zamans\u0131z bir par\u00e7ad\u0131r. Kuma\u015f \u0130\u00e7eri\u011fi: %89 Polyester, %11 Elastan Desen: D\u00fcz Bel Tipi: Y\u00fcksel Bel Bel Formu: Kapamas\u0131z, Beli Lastikli Pa\u00e7a Tipi: Havu\u00e7 Cep: Yan Cep Astar: [&hellip;]<\/p>\n","protected":false},"featured_media":179724,"comment_status":"open","ping_status":"closed","template":"","meta":[],"product_brand":[],"product_cat":[1882],"product_tag":[],"class_list":{"0":"post-179732","1":"product","2":"type-product","3":"status-publish","4":"has-post-thumbnail","6":"product_cat-alt-giyim","7":"pa_color-bej","8":"pa_size-4706","9":"pa_size-4711","10":"pa_size-4713","11":"pa_size-4751","12":"pa_size-4749","13":"pa_size-4747","14":"pa_size-4746","15":"pa_size-4744","17":"first","18":"instock","19":"sale","20":"shipping-taxable","21":"purchasable","22":"product-type-variable"},"_links":{"self":[{"href":"https:\/\/mod.wisdar.net\/tr\/wp-json\/wp\/v2\/product\/179732","targetHints":{"allow":["GET"]}}],"collection":[{"href":"https:\/\/mod.wisdar.net\/tr\/wp-json\/wp\/v2\/product"}],"about":[{"href":"https:\/\/mod.wisdar.net\/tr\/wp-json\/wp\/v2\/types\/product"}],"replies":[{"embeddable":true,"href":"https:\/\/mod.wisdar.net\/tr\/wp-json\/wp\/v2\/comments?post=179732"}],"wp:featuredmedia":[{"embeddable":true,"href":"https:\/\/mod.wisdar.net\/tr\/wp-json\/wp\/v2\/media\/179724"}],"wp:attachment":[{"href":"https:\/\/mod.wisdar.net\/tr\/wp-json\/wp\/v2\/media?parent=179732"}],"wp:term":[{"taxonomy":"product_brand","embeddable":true,"href":"https:\/\/mod.wisdar.net\/tr\/wp-json\/wp\/v2\/product_brand?post=179732"},{"taxonomy":"product_cat","embeddable":true,"href":"https:\/\/mod.wisdar.net\/tr\/wp-json\/wp\/v2\/product_cat?post=179732"},{"taxonomy":"product_tag","embeddable":true,"href":"https:\/\/mod.wisdar.net\/tr\/wp-json\/wp\/v2\/product_tag?post=179732"}],"curies":[{"name":"wp","href":"https:\/\/api.w.org\/{rel}","templated":true}]}}