{"id":179803,"date":"2026-03-26T10:55:14","date_gmt":"2026-03-26T10:55:14","guid":{"rendered":"https:\/\/modesthanim.com\/product\/dugme-detayli-tencel-takim-koyu-mink\/"},"modified":"2026-04-04T23:23:31","modified_gmt":"2026-04-04T23:23:31","slug":"dugme-detayli-tencel-takim-koyu-mink","status":"publish","type":"product","link":"https:\/\/mod.wisdar.net\/tr\/urun\/dugme-detayli-tencel-takim-koyu-mink\/","title":{"rendered":"D\u00fc\u011fme Detayl\u0131 Tencel Tak\u0131m Koyu Mink"},"content":{"rendered":"<p>%70 liyosel (Tencel) ve %30 rayon kar\u0131\u015f\u0131m\u0131ndan \u00fcretilen bu tak\u0131m, liyosel liflerinin do\u011fal, nefes alabilen ve yumu\u015fak d\u00f6k\u00fcml\u00fc yap\u0131s\u0131 sayesinde ak\u0131c\u0131 ve \u015f\u0131k bir sil\u00fcet sunar. Cilt dostu bile\u015fimi g\u00fcn boyu konfor sa\u011flarken, p\u00fcr\u00fczs\u00fcz ve ak\u0131c\u0131 dokusu tasar\u0131ma modern ve zarif bir g\u00f6r\u00fcn\u00fcm kazand\u0131r\u0131r.<br \/>\nF\u0131rf\u0131r detay\u0131 hareket kat\u0131p dinamik ve ay\u0131rt edici bir g\u00f6r\u00fcn\u00fcm yarat\u0131r. Pantolonun arkas\u0131ndaki elastik detay, g\u00fcnl\u00fck kullan\u0131m i\u00e7in ekstra konfor ve hareket \u00f6zg\u00fcrl\u00fc\u011f\u00fc sa\u011flar. V\u00fccutta g\u00fczelce d\u00f6k\u00fclen zarif drapesiyle bu model, hem g\u00fcndelik k\u0131yafetler hem de \u015f\u0131k \u015fehir g\u00f6r\u00fcn\u00fcmleri i\u00e7in zahmetsizce kombinlenebilir.<br \/>\nBeden Bilgisi: Normal bedeninizi se\u00e7menizi \u00f6neririz.<br \/>\nBak\u0131m Talimatlar\u0131: 30\u00b0C&#8217;de benzer renklerle y\u0131kay\u0131n. A\u011fart\u0131c\u0131 kullanmay\u0131n. D\u00fc\u015f\u00fck s\u0131cakl\u0131kta \u00fct\u00fcleyin.<br \/>\nG\u00f6mlek \u00d6l\u00e7\u00fcleri: Uzunluk: 77 cm (\u00dcr\u00fcn uzunlu\u011fu \u00fcretim partileri aras\u0131nda 1-5 cm farkl\u0131l\u0131k g\u00f6sterebilir.)<\/p>\n<p>Beden Tablosu:<br \/>\nG\u00f6\u011f\u00fcs Kal\u00e7a Kol Uzunlu\u011fu<br \/>\nBeden 36: 116 cm 128 cm 57 cm<br \/>\nBeden 38: 120 cm 132 cm 57 cm<br \/>\nBeden 40: 124 cm 136 cm 58 cm<br \/>\nBeden 42: 128 cm 140 cm 58 cm <\/p>\n<p>Pantolon \u00d6l\u00e7\u00fcleri: Uzunluk: 113 cm (\u00dcr\u00fcn uzunlu\u011fu \u00fcretim partileri aras\u0131nda 1-3 cm farkl\u0131l\u0131k g\u00f6sterebilir.)<\/p>\n<p>Beden Tablosu:<br \/>\nBel Kal\u00e7a<br \/>\nBeden 36: 68 cm 118 cm<br \/>\nBeden 38: 72 cm 122 cm<br \/>\nBeden 40: 76 cm 126 cm<br \/>\nBeden 42: 80 cm 130 cm <\/p>\n<p>Modelin \u00d6l\u00e7\u00fcleri: Boy: 176 cm G\u00f6\u011f\u00fcs: 80 cm Bel: 60 cm Kal\u00e7a: 90 cm Modelin Giydi\u011fi Beden: 36<\/p>\n","protected":false},"excerpt":{"rendered":"<p>%70 liyosel (Tencel) ve %30 rayon kar\u0131\u015f\u0131m\u0131ndan \u00fcretilen bu tak\u0131m, liyosel liflerinin do\u011fal, nefes alabilen ve yumu\u015fak d\u00f6k\u00fcml\u00fc yap\u0131s\u0131 sayesinde ak\u0131c\u0131 ve \u015f\u0131k bir sil\u00fcet sunar. Cilt dostu bile\u015fimi g\u00fcn boyu konfor sa\u011flarken, p\u00fcr\u00fczs\u00fcz ve ak\u0131c\u0131 dokusu tasar\u0131ma modern ve zarif bir g\u00f6r\u00fcn\u00fcm kazand\u0131r\u0131r. F\u0131rf\u0131r detay\u0131 hareket kat\u0131p dinamik ve ay\u0131rt edici bir g\u00f6r\u00fcn\u00fcm yarat\u0131r. [&hellip;]<\/p>\n","protected":false},"featured_media":179796,"comment_status":"open","ping_status":"closed","template":"","meta":[],"product_brand":[],"product_cat":[1900],"product_tag":[],"class_list":{"0":"post-179803","1":"product","2":"type-product","3":"status-publish","4":"has-post-thumbnail","6":"product_cat-koordinatlar-setler","7":"pa_brand-he-qa","8":"pa_color-koyu-vizon","9":"pa_size-4701","10":"pa_size-4706","11":"pa_size-4711","12":"pa_size-4713","14":"first","15":"instock","16":"sale","17":"shipping-taxable","18":"purchasable","19":"product-type-variable"},"_links":{"self":[{"href":"https:\/\/mod.wisdar.net\/tr\/wp-json\/wp\/v2\/product\/179803","targetHints":{"allow":["GET"]}}],"collection":[{"href":"https:\/\/mod.wisdar.net\/tr\/wp-json\/wp\/v2\/product"}],"about":[{"href":"https:\/\/mod.wisdar.net\/tr\/wp-json\/wp\/v2\/types\/product"}],"replies":[{"embeddable":true,"href":"https:\/\/mod.wisdar.net\/tr\/wp-json\/wp\/v2\/comments?post=179803"}],"wp:featuredmedia":[{"embeddable":true,"href":"https:\/\/mod.wisdar.net\/tr\/wp-json\/wp\/v2\/media\/179796"}],"wp:attachment":[{"href":"https:\/\/mod.wisdar.net\/tr\/wp-json\/wp\/v2\/media?parent=179803"}],"wp:term":[{"taxonomy":"product_brand","embeddable":true,"href":"https:\/\/mod.wisdar.net\/tr\/wp-json\/wp\/v2\/product_brand?post=179803"},{"taxonomy":"product_cat","embeddable":true,"href":"https:\/\/mod.wisdar.net\/tr\/wp-json\/wp\/v2\/product_cat?post=179803"},{"taxonomy":"product_tag","embeddable":true,"href":"https:\/\/mod.wisdar.net\/tr\/wp-json\/wp\/v2\/product_tag?post=179803"}],"curies":[{"name":"wp","href":"https:\/\/api.w.org\/{rel}","templated":true}]}}