{"id":179930,"date":"2026-03-26T10:59:58","date_gmt":"2026-03-26T10:59:58","guid":{"rendered":"https:\/\/modesthanim.com\/product\/akici-set-kahverengi\/"},"modified":"2026-03-26T11:00:49","modified_gmt":"2026-03-26T11:00:49","slug":"akici-set-kahverengi","status":"publish","type":"product","link":"https:\/\/mod.wisdar.net\/tr\/urun\/akici-set-kahverengi\/","title":{"rendered":"Ak\u0131c\u0131 Set Kahverengi"},"content":{"rendered":"<p>%100 polyester kuma\u015ftan \u00fcretilen bu saten set, \u00f6zel k\u0131r\u0131\u015f\u0131k dokuma tekni\u011fi sayesinde y\u00fczeyinde zengin ve dinamik bir doku sunar. Satenin do\u011fal parlakl\u0131\u011f\u0131 ve ak\u0131\u015fkan g\u00f6r\u00fcn\u00fcm\u00fc tasar\u0131ma zarif bir \u0131\u015f\u0131lt\u0131 kazand\u0131r\u0131rken, polyester i\u00e7eri\u011fi dayan\u0131kl\u0131l\u0131k, formunu koruma ve uzun \u00f6m\u00fcrl\u00fc kullan\u0131m sa\u011flar. Hafif ve ak\u0131c\u0131 yap\u0131s\u0131, v\u00fccutta zarif bir sil\u00fcet olu\u015fturur.<br \/>\n\u00d6rme kemer detay\u0131, tasar\u0131ma kontrast bir doku ve hareket hissi katarak modern bir stili vurgular. Bol ve rahat kesimli pantolonlar hem konfor hem de g\u00fc\u00e7l\u00fc ama zarif bir duru\u015f sunar.<br \/>\nG\u00fcnl\u00fck \u015f\u0131kl\u0131k veya \u00f6zel kombinasyonlar i\u00e7in zahmetsizce tercih edilebilecek \u00e7arp\u0131c\u0131 ve sofistike bir settir.<br \/>\nBak\u0131m Talimatlar\u0131: 30\u00b0C&#8217;de hassas programda y\u0131kay\u0131n. \u00c7ama\u015f\u0131r suyu kullanmay\u0131n. D\u00fc\u015f\u00fck \u0131s\u0131da \u00fct\u00fcleyin.<br \/>\nY\u0131kama sonras\u0131 k\u0131r\u0131\u015f\u0131k dokuyu g\u00fc\u00e7lendirmek i\u00e7in k\u0131yafeti hafif\u00e7e buru\u015fturup katlayarak dinlendirebilirsiniz; bu orijinal formuna kavu\u015fmas\u0131na yard\u0131mc\u0131 olacakt\u0131r.<br \/>\nG\u00f6mlek \u00d6l\u00e7\u00fcleri: Uzunluk: 75 cm (\u00dcr\u00fcn uzunlu\u011fu \u00fcretim partileri aras\u0131nda 1-5 cm de\u011fi\u015fiklik g\u00f6sterebilir.)<\/p>\n<p>Beden Tablosu:<br \/>\nG\u00f6\u011f\u00fcs Kal\u00e7a Kol<br \/>\nBeden 36: 124 cm 128 cm 57 cm<br \/>\nBeden 38: 128 cm 132 cm 57 cm<br \/>\nBeden 40: 132 cm 136 cm 57 cm<br \/>\nBeden 42: 136 cm 140 cm 57 cm<\/p>\n<p>Pantolon \u00d6l\u00e7\u00fcleri: Uzunluk: 107 cm (\u00dcr\u00fcn uzunlu\u011fu \u00fcretim partileri aras\u0131nda 1-3 cm de\u011fi\u015fiklik g\u00f6sterebilir.)<\/p>\n<p>Beden Tablosu:<br \/>\nBel Kal\u00e7a<br \/>\nBeden 36: 66 cm 94 cm<br \/>\nBeden 38: 70 cm 98 cm<br \/>\nBeden 40: 74 cm 102 cm<br \/>\nBeden 42: 78 cm 106 cm<\/p>\n<p>Modelin \u00d6l\u00e7\u00fcleri: Boy: 176 cm G\u00f6\u011f\u00fcs: 80 cm Bel: 60 cm Kal\u00e7a: 90 cm<br \/>\nModelin Giyimi: Beden 36<\/p>\n","protected":false},"excerpt":{"rendered":"<p>%100 polyester kuma\u015ftan \u00fcretilen bu saten set, \u00f6zel k\u0131r\u0131\u015f\u0131k dokuma tekni\u011fi sayesinde y\u00fczeyinde zengin ve dinamik bir doku sunar. Satenin do\u011fal parlakl\u0131\u011f\u0131 ve ak\u0131\u015fkan g\u00f6r\u00fcn\u00fcm\u00fc tasar\u0131ma zarif bir \u0131\u015f\u0131lt\u0131 kazand\u0131r\u0131rken, polyester i\u00e7eri\u011fi dayan\u0131kl\u0131l\u0131k, formunu koruma ve uzun \u00f6m\u00fcrl\u00fc kullan\u0131m sa\u011flar. Hafif ve ak\u0131c\u0131 yap\u0131s\u0131, v\u00fccutta zarif bir sil\u00fcet olu\u015fturur. \u00d6rme kemer detay\u0131, tasar\u0131ma kontrast bir [&hellip;]<\/p>\n","protected":false},"featured_media":179925,"comment_status":"open","ping_status":"closed","template":"","meta":[],"product_brand":[],"product_cat":[1900],"product_tag":[],"class_list":{"0":"post-179930","1":"product","2":"type-product","3":"status-publish","4":"has-post-thumbnail","6":"product_cat-koordinatlar-setler","7":"pa_brand-he-qa","8":"pa_color-kahve","9":"pa_size-4701","10":"pa_size-4706","11":"pa_size-4711","12":"pa_size-4713","14":"first","15":"instock","16":"sale","17":"shipping-taxable","18":"purchasable","19":"product-type-variable"},"_links":{"self":[{"href":"https:\/\/mod.wisdar.net\/tr\/wp-json\/wp\/v2\/product\/179930","targetHints":{"allow":["GET"]}}],"collection":[{"href":"https:\/\/mod.wisdar.net\/tr\/wp-json\/wp\/v2\/product"}],"about":[{"href":"https:\/\/mod.wisdar.net\/tr\/wp-json\/wp\/v2\/types\/product"}],"replies":[{"embeddable":true,"href":"https:\/\/mod.wisdar.net\/tr\/wp-json\/wp\/v2\/comments?post=179930"}],"wp:featuredmedia":[{"embeddable":true,"href":"https:\/\/mod.wisdar.net\/tr\/wp-json\/wp\/v2\/media\/179925"}],"wp:attachment":[{"href":"https:\/\/mod.wisdar.net\/tr\/wp-json\/wp\/v2\/media?parent=179930"}],"wp:term":[{"taxonomy":"product_brand","embeddable":true,"href":"https:\/\/mod.wisdar.net\/tr\/wp-json\/wp\/v2\/product_brand?post=179930"},{"taxonomy":"product_cat","embeddable":true,"href":"https:\/\/mod.wisdar.net\/tr\/wp-json\/wp\/v2\/product_cat?post=179930"},{"taxonomy":"product_tag","embeddable":true,"href":"https:\/\/mod.wisdar.net\/tr\/wp-json\/wp\/v2\/product_tag?post=179930"}],"curies":[{"name":"wp","href":"https:\/\/api.w.org\/{rel}","templated":true}]}}