{"id":180005,"date":"2026-03-26T11:02:34","date_gmt":"2026-03-26T11:02:34","guid":{"rendered":"https:\/\/modesthanim.com\/product\/kravat-detayli-modal-set-kraliyet-mavisi\/"},"modified":"2026-04-11T23:40:42","modified_gmt":"2026-04-11T23:40:42","slug":"kravat-detayli-modal-set-kraliyet-mavisi","status":"publish","type":"product","link":"https:\/\/mod.wisdar.net\/tr\/urun\/kravat-detayli-modal-set-kraliyet-mavisi\/","title":{"rendered":"Kravat Detayl\u0131 Modal Set Kraliyet Mavisi"},"content":{"rendered":"<p>Bu set %62 polyester ve %38 modal kuma\u015f kar\u0131\u015f\u0131m\u0131ndan \u00fcretilmi\u015ftir. Kay\u0131n a\u011fac\u0131ndan elde edilen modal liflerin do\u011fal yap\u0131s\u0131 sayesinde nefes alabilen ve hafif bir his sunar. Polyester i\u00e7eri\u011fi dayan\u0131kl\u0131l\u0131\u011f\u0131 ve esnekli\u011fi art\u0131rarak uzun \u00f6m\u00fcrl\u00fc ve konforlu bir yap\u0131 sa\u011flar.<\/p>\n<p>Kravat detay\u0131 sete zarif ve \u015f\u0131k bir vurgu katarken, rahat pileli pantolon hem hareket \u00f6zg\u00fcrl\u00fc\u011f\u00fc hem de \u015f\u0131kl\u0131k sunar. G\u00fcnl\u00fck ve spor kombinasyonlar i\u00e7in vazge\u00e7ilmez bir se\u00e7enek haline gelir. \u0130stenirse yan y\u0131rtma\u00e7 el diki\u015fi ile sabitlenebilir.<\/p>\n<p>Uyum bilgisi: Normal bedeninizi se\u00e7in.<\/p>\n<p>Bak\u0131m talimatlar\u0131: 30\u00b0C&#8217;de benzer renklerle y\u0131kay\u0131n. A\u011fart\u0131c\u0131 kullanmay\u0131n. D\u00fc\u015f\u00fck s\u0131cakl\u0131kta \u00fct\u00fcleyin.<\/p>\n<p>\u00dcst \u00d6l\u00e7\u00fcler:<br \/>\nUzunluk: 80 cm (\u00dcr\u00fcn uzunlu\u011fu \u00fcretim partileri aras\u0131nda 1-5 cm de\u011fi\u015fiklik g\u00f6sterebilir.)<\/p>\n<p>Beden Tablosu:<br \/>\nG\u00f6\u011f\u00fcs \/ Kol \u00c7evresi<br \/>\nBeden S-M: 122 cm \/ 45 cm<br \/>\nBeden M-L: 126 cm \/ 46 cm<\/p>\n<p>Pantolon \u00d6l\u00e7\u00fcleri:<br \/>\nUzunluk: 110 cm (\u00dcr\u00fcn uzunlu\u011fu \u00fcretim partileri aras\u0131nda 1-3 cm de\u011fi\u015fiklik g\u00f6sterebilir.)<\/p>\n<p>Beden Tablosu:<br \/>\nBel \/ Kal\u00e7a<br \/>\nBeden S-M: 66 cm \/ 120 cm<br \/>\nBeden M-L: 70 cm \/ 124 cm<\/p>\n<p>Modelin \u00d6l\u00e7\u00fcleri:<br \/>\nBoy: 176 cm<br \/>\nG\u00f6\u011f\u00fcs: 80 cm<br \/>\nBel: 60 cm<br \/>\nKal\u00e7a: 90 cm<br \/>\nModelin Giydi\u011fi Beden: S-M<\/p>\n","protected":false},"excerpt":{"rendered":"<p>Bu set %62 polyester ve %38 modal kuma\u015f kar\u0131\u015f\u0131m\u0131ndan \u00fcretilmi\u015ftir. Kay\u0131n a\u011fac\u0131ndan elde edilen modal liflerin do\u011fal yap\u0131s\u0131 sayesinde nefes alabilen ve hafif bir his sunar. Polyester i\u00e7eri\u011fi dayan\u0131kl\u0131l\u0131\u011f\u0131 ve esnekli\u011fi art\u0131rarak uzun \u00f6m\u00fcrl\u00fc ve konforlu bir yap\u0131 sa\u011flar. Kravat detay\u0131 sete zarif ve \u015f\u0131k bir vurgu katarken, rahat pileli pantolon hem hareket \u00f6zg\u00fcrl\u00fc\u011f\u00fc hem [&hellip;]<\/p>\n","protected":false},"featured_media":179997,"comment_status":"open","ping_status":"closed","template":"","meta":[],"product_brand":[],"product_cat":[1900],"product_tag":[],"class_list":{"0":"post-180005","1":"product","2":"type-product","3":"status-publish","4":"has-post-thumbnail","6":"product_cat-koordinatlar-setler","7":"pa_brand-he-qa","8":"pa_color-kot-mavi","9":"pa_size-m-l-2","10":"pa_size-s-m-2","12":"first","13":"outofstock","14":"shipping-taxable","15":"product-type-variable"},"_links":{"self":[{"href":"https:\/\/mod.wisdar.net\/tr\/wp-json\/wp\/v2\/product\/180005","targetHints":{"allow":["GET"]}}],"collection":[{"href":"https:\/\/mod.wisdar.net\/tr\/wp-json\/wp\/v2\/product"}],"about":[{"href":"https:\/\/mod.wisdar.net\/tr\/wp-json\/wp\/v2\/types\/product"}],"replies":[{"embeddable":true,"href":"https:\/\/mod.wisdar.net\/tr\/wp-json\/wp\/v2\/comments?post=180005"}],"wp:featuredmedia":[{"embeddable":true,"href":"https:\/\/mod.wisdar.net\/tr\/wp-json\/wp\/v2\/media\/179997"}],"wp:attachment":[{"href":"https:\/\/mod.wisdar.net\/tr\/wp-json\/wp\/v2\/media?parent=180005"}],"wp:term":[{"taxonomy":"product_brand","embeddable":true,"href":"https:\/\/mod.wisdar.net\/tr\/wp-json\/wp\/v2\/product_brand?post=180005"},{"taxonomy":"product_cat","embeddable":true,"href":"https:\/\/mod.wisdar.net\/tr\/wp-json\/wp\/v2\/product_cat?post=180005"},{"taxonomy":"product_tag","embeddable":true,"href":"https:\/\/mod.wisdar.net\/tr\/wp-json\/wp\/v2\/product_tag?post=180005"}],"curies":[{"name":"wp","href":"https:\/\/api.w.org\/{rel}","templated":true}]}}