{"id":180059,"date":"2026-03-26T11:06:04","date_gmt":"2026-03-26T11:06:04","guid":{"rendered":"https:\/\/modesthanim.com\/product\/kravat-detayli-modal-takim-deniz-kabugu\/"},"modified":"2026-03-26T11:07:42","modified_gmt":"2026-03-26T11:07:42","slug":"kravat-detayli-modal-takim-deniz-kabugu","status":"publish","type":"product","link":"https:\/\/mod.wisdar.net\/tr\/urun\/kravat-detayli-modal-takim-deniz-kabugu\/","title":{"rendered":"Kravat Detayl\u0131 Modal Tak\u0131m Deniz Kabu\u011fu"},"content":{"rendered":"<p>Bu tak\u0131m, %62 polyester ve %38 modal kuma\u015f kar\u0131\u015f\u0131m\u0131ndan \u00fcretilmi\u015ftir. Kay\u0131n a\u011fac\u0131ndan elde edilen modal liflerin do\u011fal yap\u0131s\u0131 sayesinde nefes alabilir ve hafif bir his sunar. Polyester i\u00e7eri\u011fi ise dayan\u0131kl\u0131l\u0131k ve esnekli\u011fi art\u0131rarak uzun \u00f6m\u00fcrl\u00fc ve konforlu bir yap\u0131 sa\u011flar.<br \/>\nKravat detay\u0131 tak\u0131ma zarif ve \u015f\u0131k bir vurgu kazand\u0131r\u0131rken, rahat pileli pantolon hem hareket \u00f6zg\u00fcrl\u00fc\u011f\u00fc hem de zarafet sunar. G\u00fcnl\u00fck ve spor kombinasyonlar i\u00e7in vazge\u00e7ilmez bir se\u00e7im haline gelir. \u0130stenirse yan y\u0131rtma\u00e7 el diki\u015fi ile sabitlenebilir.<br \/>\nUyum bilgisi: Her zamanki bedeninizi se\u00e7in.<br \/>\nBak\u0131m talimatlar\u0131: 30\u00b0C&#8217;de benzer renklerle y\u0131kay\u0131n. \u00c7ama\u015f\u0131r suyu kullanmay\u0131n. D\u00fc\u015f\u00fck s\u0131cakl\u0131kta \u00fct\u00fcleyin.<br \/>\n\u00dcst \u00d6l\u00e7\u00fcler: Uzunluk: 80 cm (\u00dcr\u00fcn uzunlu\u011fu \u00fcretim partileri aras\u0131nda 1-5 cm farkl\u0131l\u0131k g\u00f6sterebilir.)<br \/>\nBeden Tablosu: G\u00f6\u011f\u00fcs Kol \u00dcst\u00fc Beden S-M: 122 cm 45 cm Beden M-L: 126 cm 46 cm<br \/>\nPantolon \u00d6l\u00e7\u00fcleri: Uzunluk: 110 cm (\u00dcr\u00fcn uzunlu\u011fu \u00fcretim partileri aras\u0131nda 1-3 cm farkl\u0131l\u0131k g\u00f6sterebilir.)<br \/>\nBeden Tablosu: Bel Kal\u00e7a Beden S-M: 66 cm 120 cm Beden M-L: 70 cm 124 cm<br \/>\nModelin \u00d6l\u00e7\u00fcleri: Boy: 176 cm G\u00f6\u011f\u00fcs: 80 cm Bel: 60 cm Kal\u00e7a: 90 cm Modelin Giyimi Beden: S-M<\/p>\n","protected":false},"excerpt":{"rendered":"<p>Bu tak\u0131m, %62 polyester ve %38 modal kuma\u015f kar\u0131\u015f\u0131m\u0131ndan \u00fcretilmi\u015ftir. Kay\u0131n a\u011fac\u0131ndan elde edilen modal liflerin do\u011fal yap\u0131s\u0131 sayesinde nefes alabilir ve hafif bir his sunar. Polyester i\u00e7eri\u011fi ise dayan\u0131kl\u0131l\u0131k ve esnekli\u011fi art\u0131rarak uzun \u00f6m\u00fcrl\u00fc ve konforlu bir yap\u0131 sa\u011flar. Kravat detay\u0131 tak\u0131ma zarif ve \u015f\u0131k bir vurgu kazand\u0131r\u0131rken, rahat pileli pantolon hem hareket \u00f6zg\u00fcrl\u00fc\u011f\u00fc [&hellip;]<\/p>\n","protected":false},"featured_media":180052,"comment_status":"open","ping_status":"closed","template":"","meta":[],"product_brand":[],"product_cat":[1900],"product_tag":[],"class_list":{"0":"post-180059","1":"product","2":"type-product","3":"status-publish","4":"has-post-thumbnail","6":"product_cat-koordinatlar-setler","7":"pa_brand-he-qa","8":"pa_size-m-l-2","9":"pa_size-s-m-2","11":"first","12":"instock","13":"sale","14":"shipping-taxable","15":"purchasable","16":"product-type-variable"},"_links":{"self":[{"href":"https:\/\/mod.wisdar.net\/tr\/wp-json\/wp\/v2\/product\/180059","targetHints":{"allow":["GET"]}}],"collection":[{"href":"https:\/\/mod.wisdar.net\/tr\/wp-json\/wp\/v2\/product"}],"about":[{"href":"https:\/\/mod.wisdar.net\/tr\/wp-json\/wp\/v2\/types\/product"}],"replies":[{"embeddable":true,"href":"https:\/\/mod.wisdar.net\/tr\/wp-json\/wp\/v2\/comments?post=180059"}],"wp:featuredmedia":[{"embeddable":true,"href":"https:\/\/mod.wisdar.net\/tr\/wp-json\/wp\/v2\/media\/180052"}],"wp:attachment":[{"href":"https:\/\/mod.wisdar.net\/tr\/wp-json\/wp\/v2\/media?parent=180059"}],"wp:term":[{"taxonomy":"product_brand","embeddable":true,"href":"https:\/\/mod.wisdar.net\/tr\/wp-json\/wp\/v2\/product_brand?post=180059"},{"taxonomy":"product_cat","embeddable":true,"href":"https:\/\/mod.wisdar.net\/tr\/wp-json\/wp\/v2\/product_cat?post=180059"},{"taxonomy":"product_tag","embeddable":true,"href":"https:\/\/mod.wisdar.net\/tr\/wp-json\/wp\/v2\/product_tag?post=180059"}],"curies":[{"name":"wp","href":"https:\/\/api.w.org\/{rel}","templated":true}]}}