{"id":180211,"date":"2026-03-26T11:14:10","date_gmt":"2026-03-26T11:14:10","guid":{"rendered":"https:\/\/modesthanim.com\/product\/serra-pantolonlu-takim-haki\/"},"modified":"2026-04-04T23:43:24","modified_gmt":"2026-04-04T23:43:24","slug":"serra-pantolonlu-takim-haki","status":"publish","type":"product","link":"https:\/\/mod.wisdar.net\/tr\/urun\/serra-pantolonlu-takim-haki\/","title":{"rendered":"Serra Pantolonlu Tak\u0131m Haki"},"content":{"rendered":"<p>Tak\u0131m Likral\u0131 Gabardin Kuma\u015ft\u0131r<br \/>\nCeket \u00d6n\u00fc Gizli Fermuarl\u0131<br \/>\nTa\u015flar\u0131 \u00c7ak\u0131md\u0131r (kollar\u0131nda ve \u00f6n\u00fcnde mevcut)<br \/>\nTak\u0131m Seyyar Kemerli<br \/>\nPantolon Bel Yar\u0131m Lastiklidir<br \/>\nPantolon Bol Pa\u00e7ad\u0131r<br \/>\nCeket uzunluk 75cm g\u00f6g\u00fcs 52cm bel48cm omuz 42cm<br \/>\nPantolon bel 45cm boy 106cm<\/p>\n","protected":false},"excerpt":{"rendered":"<p>Tak\u0131m Likral\u0131 Gabardin Kuma\u015ft\u0131r Ceket \u00d6n\u00fc Gizli Fermuarl\u0131 Ta\u015flar\u0131 \u00c7ak\u0131md\u0131r (kollar\u0131nda ve \u00f6n\u00fcnde mevcut) Tak\u0131m Seyyar Kemerli Pantolon Bel Yar\u0131m Lastiklidir Pantolon Bol Pa\u00e7ad\u0131r Ceket uzunluk 75cm g\u00f6g\u00fcs 52cm bel48cm omuz 42cm Pantolon bel 45cm boy 106cm<\/p>\n","protected":false},"featured_media":180203,"comment_status":"open","ping_status":"closed","template":"","meta":[],"product_brand":[],"product_cat":[1900],"product_tag":[7729],"class_list":{"0":"post-180211","1":"product","2":"type-product","3":"status-publish","4":"has-post-thumbnail","6":"product_cat-koordinatlar-setler","7":"product_tag-bol-paca-pantolon","8":"pa_brand-butikkolik","9":"pa_color-haki","10":"pa_size-4706","11":"pa_size-4711","12":"pa_size-4713","13":"pa_size-4751","15":"first","16":"instock","17":"sale","18":"shipping-taxable","19":"purchasable","20":"product-type-variable"},"_links":{"self":[{"href":"https:\/\/mod.wisdar.net\/tr\/wp-json\/wp\/v2\/product\/180211","targetHints":{"allow":["GET"]}}],"collection":[{"href":"https:\/\/mod.wisdar.net\/tr\/wp-json\/wp\/v2\/product"}],"about":[{"href":"https:\/\/mod.wisdar.net\/tr\/wp-json\/wp\/v2\/types\/product"}],"replies":[{"embeddable":true,"href":"https:\/\/mod.wisdar.net\/tr\/wp-json\/wp\/v2\/comments?post=180211"}],"wp:featuredmedia":[{"embeddable":true,"href":"https:\/\/mod.wisdar.net\/tr\/wp-json\/wp\/v2\/media\/180203"}],"wp:attachment":[{"href":"https:\/\/mod.wisdar.net\/tr\/wp-json\/wp\/v2\/media?parent=180211"}],"wp:term":[{"taxonomy":"product_brand","embeddable":true,"href":"https:\/\/mod.wisdar.net\/tr\/wp-json\/wp\/v2\/product_brand?post=180211"},{"taxonomy":"product_cat","embeddable":true,"href":"https:\/\/mod.wisdar.net\/tr\/wp-json\/wp\/v2\/product_cat?post=180211"},{"taxonomy":"product_tag","embeddable":true,"href":"https:\/\/mod.wisdar.net\/tr\/wp-json\/wp\/v2\/product_tag?post=180211"}],"curies":[{"name":"wp","href":"https:\/\/api.w.org\/{rel}","templated":true}]}}