{"id":180412,"date":"2026-03-26T11:19:42","date_gmt":"2026-03-26T11:19:42","guid":{"rendered":"https:\/\/modesthanim.com\/product\/ayza-etekli-takim-siyah\/"},"modified":"2026-03-26T11:20:46","modified_gmt":"2026-03-26T11:20:46","slug":"ayza-etekli-takim-siyah","status":"publish","type":"product","link":"https:\/\/mod.wisdar.net\/tr\/urun\/ayza-etekli-takim-siyah\/","title":{"rendered":"Ayza Etekli Tak\u0131m Siyah"},"content":{"rendered":"<p>*Ceket  omuzdan pelerinli<br \/>\n*Ceket tam boy d\u00fc\u011fme detayl\u0131 kemerli<br \/>\n*Etek beli lastikli<br \/>\n*Etek Piliseli<br \/>\n*Tak\u0131m Poliviscon kuma\u015ft\u0131r<br \/>\n*Ceket boy 63cm omuz 41cm g\u00f6\u011f\u00fcs 46cm<br \/>\n*Etek bel 34cm Boy 90cm<\/p>\n<p>\u2014 Technical Details \u2014<br \/>\nCeket boy: 63cm<br \/>\nCeket omuz: 41cm<br \/>\nCeket g\u00f6\u011f\u00fcs: 46cm<br \/>\nEtek bel: 34cm<br \/>\nEtek boy: 90cm<\/p>\n","protected":false},"excerpt":{"rendered":"<p>*Ceket omuzdan pelerinli *Ceket tam boy d\u00fc\u011fme detayl\u0131 kemerli *Etek beli lastikli *Etek Piliseli *Tak\u0131m Poliviscon kuma\u015ft\u0131r *Ceket boy 63cm omuz 41cm g\u00f6\u011f\u00fcs 46cm *Etek bel 34cm Boy 90cm \u2014 Technical Details \u2014 Ceket boy: 63cm Ceket omuz: 41cm Ceket g\u00f6\u011f\u00fcs: 46cm Etek bel: 34cm Etek boy: 90cm<\/p>\n","protected":false},"featured_media":180399,"comment_status":"open","ping_status":"closed","template":"","meta":[],"product_brand":[],"product_cat":[1900],"product_tag":[8398,6744,7600,8014,7959],"class_list":{"0":"post-180412","1":"product","2":"type-product","3":"status-publish","4":"has-post-thumbnail","6":"product_cat-koordinatlar-setler","7":"product_tag-etek-takim","8":"product_tag-kadin-modasi","9":"product_tag-pileli-etek","10":"product_tag-poliviskoz","11":"product_tag-resmi-giyim","12":"pa_brand-butikkolik","13":"pa_color-siyah","14":"pa_size-4706","15":"pa_size-4711","16":"pa_size-4713","17":"pa_size-4751","18":"pa_size-4749","20":"first","21":"instock","22":"sale","23":"shipping-taxable","24":"purchasable","25":"product-type-variable"},"_links":{"self":[{"href":"https:\/\/mod.wisdar.net\/tr\/wp-json\/wp\/v2\/product\/180412","targetHints":{"allow":["GET"]}}],"collection":[{"href":"https:\/\/mod.wisdar.net\/tr\/wp-json\/wp\/v2\/product"}],"about":[{"href":"https:\/\/mod.wisdar.net\/tr\/wp-json\/wp\/v2\/types\/product"}],"replies":[{"embeddable":true,"href":"https:\/\/mod.wisdar.net\/tr\/wp-json\/wp\/v2\/comments?post=180412"}],"wp:featuredmedia":[{"embeddable":true,"href":"https:\/\/mod.wisdar.net\/tr\/wp-json\/wp\/v2\/media\/180399"}],"wp:attachment":[{"href":"https:\/\/mod.wisdar.net\/tr\/wp-json\/wp\/v2\/media?parent=180412"}],"wp:term":[{"taxonomy":"product_brand","embeddable":true,"href":"https:\/\/mod.wisdar.net\/tr\/wp-json\/wp\/v2\/product_brand?post=180412"},{"taxonomy":"product_cat","embeddable":true,"href":"https:\/\/mod.wisdar.net\/tr\/wp-json\/wp\/v2\/product_cat?post=180412"},{"taxonomy":"product_tag","embeddable":true,"href":"https:\/\/mod.wisdar.net\/tr\/wp-json\/wp\/v2\/product_tag?post=180412"}],"curies":[{"name":"wp","href":"https:\/\/api.w.org\/{rel}","templated":true}]}}