{"id":180472,"date":"2026-03-26T11:22:53","date_gmt":"2026-03-26T11:22:53","guid":{"rendered":"https:\/\/modesthanim.com\/product\/inci-abaya-takim-bordo\/"},"modified":"2026-03-26T12:31:44","modified_gmt":"2026-03-26T12:31:44","slug":"inci-abaya-takim-bordo","status":"publish","type":"product","link":"https:\/\/mod.wisdar.net\/tr\/urun\/inci-abaya-takim-bordo\/","title":{"rendered":"\u0130nci Abaya Tak\u0131m Bordo"},"content":{"rendered":"<p>Abaya<br \/>\n*Saten kuma\u015ft\u0131r<br \/>\n*I\u00e7lik s\u0131f\u0131r kol yaka arkas\u0131ndan fermuarl\u0131<br \/>\n*Yelek yarasa kol formunda ta\u015f detayl\u0131<br \/>\n*Y\u0131rtma\u00e7l\u0131 ku\u015fa\u011f\u0131 mevcut<br \/>\n*I\u00e7lik boy 139cm omuz 39cm g\u00f6\u011f\u00fcs 53cm<br \/>\n*Yelek boy 141cm y\u0131rtma\u00e7 derinlik 60cm<\/p>\n","protected":false},"excerpt":{"rendered":"<p>Abaya *Saten kuma\u015ft\u0131r *I\u00e7lik s\u0131f\u0131r kol yaka arkas\u0131ndan fermuarl\u0131 *Yelek yarasa kol formunda ta\u015f detayl\u0131 *Y\u0131rtma\u00e7l\u0131 ku\u015fa\u011f\u0131 mevcut *I\u00e7lik boy 139cm omuz 39cm g\u00f6\u011f\u00fcs 53cm *Yelek boy 141cm y\u0131rtma\u00e7 derinlik 60cm<\/p>\n","protected":false},"featured_media":180463,"comment_status":"open","ping_status":"closed","template":"","meta":[],"product_brand":[],"product_cat":[4028],"product_tag":[7150,7625,7548],"class_list":{"0":"post-180472","1":"product","2":"type-product","3":"status-publish","4":"has-post-thumbnail","6":"product_cat-abaya","7":"product_tag-bordo","8":"product_tag-kadin-giyim-2","9":"product_tag-mutevazi-moda","10":"pa_brand-butikkolik","11":"pa_color-bordo","12":"pa_size-1-38-40-42","13":"pa_size-2-42-44-46","15":"first","16":"instock","17":"sale","18":"shipping-taxable","19":"purchasable","20":"product-type-variable"},"_links":{"self":[{"href":"https:\/\/mod.wisdar.net\/tr\/wp-json\/wp\/v2\/product\/180472","targetHints":{"allow":["GET"]}}],"collection":[{"href":"https:\/\/mod.wisdar.net\/tr\/wp-json\/wp\/v2\/product"}],"about":[{"href":"https:\/\/mod.wisdar.net\/tr\/wp-json\/wp\/v2\/types\/product"}],"replies":[{"embeddable":true,"href":"https:\/\/mod.wisdar.net\/tr\/wp-json\/wp\/v2\/comments?post=180472"}],"wp:featuredmedia":[{"embeddable":true,"href":"https:\/\/mod.wisdar.net\/tr\/wp-json\/wp\/v2\/media\/180463"}],"wp:attachment":[{"href":"https:\/\/mod.wisdar.net\/tr\/wp-json\/wp\/v2\/media?parent=180472"}],"wp:term":[{"taxonomy":"product_brand","embeddable":true,"href":"https:\/\/mod.wisdar.net\/tr\/wp-json\/wp\/v2\/product_brand?post=180472"},{"taxonomy":"product_cat","embeddable":true,"href":"https:\/\/mod.wisdar.net\/tr\/wp-json\/wp\/v2\/product_cat?post=180472"},{"taxonomy":"product_tag","embeddable":true,"href":"https:\/\/mod.wisdar.net\/tr\/wp-json\/wp\/v2\/product_tag?post=180472"}],"curies":[{"name":"wp","href":"https:\/\/api.w.org\/{rel}","templated":true}]}}