{"id":180537,"date":"2026-03-26T11:24:42","date_gmt":"2026-03-26T11:24:42","guid":{"rendered":"https:\/\/modesthanim.com\/product\/fusun-elbise-murdum\/"},"modified":"2026-04-05T00:53:28","modified_gmt":"2026-04-05T00:53:28","slug":"fusun-elbise-murdum","status":"publish","type":"product","link":"https:\/\/mod.wisdar.net\/tr\/urun\/fusun-elbise-murdum\/","title":{"rendered":"F\u00fcsun Elbise M\u00fcrd\u00fcm"},"content":{"rendered":"<p>Elbise Poliviskon Kuma\u015ft\u0131r<br \/>\nElbise Omuzu Fiyonk Detayl\u0131d\u0131r.<br \/>\nElbise Yaka Arkas\u0131ndan Fermuarl\u0131d\u0131r.<br \/>\nKol Ucu \u00c7ift D\u00fc\u011fmelidir.<br \/>\nElbise Vatkal\u0131d\u0131r.<br \/>\nElbise Boy:136cm Omuz:40cm G\u00f6\u011f\u00fcs:42cm Bel 36cm<\/p>\n","protected":false},"excerpt":{"rendered":"<p>Elbise Poliviskon Kuma\u015ft\u0131r Elbise Omuzu Fiyonk Detayl\u0131d\u0131r. Elbise Yaka Arkas\u0131ndan Fermuarl\u0131d\u0131r. Kol Ucu \u00c7ift D\u00fc\u011fmelidir. Elbise Vatkal\u0131d\u0131r. Elbise Boy:136cm Omuz:40cm G\u00f6\u011f\u00fcs:42cm Bel 36cm<\/p>\n","protected":false},"featured_media":180521,"comment_status":"open","ping_status":"closed","template":"","meta":[],"product_brand":[],"product_cat":[6249,1933],"product_tag":[],"class_list":{"0":"post-180537","1":"product","2":"type-product","3":"status-publish","4":"has-post-thumbnail","6":"product_cat-elbiseler","7":"product_cat-gunluk-ve-gunduz-elbiseleri","8":"pa_brand-butikkolik","9":"pa_color-murdum","10":"pa_size-4706","11":"pa_size-4711","12":"pa_size-4713","13":"pa_size-4751","15":"first","16":"instock","17":"sale","18":"shipping-taxable","19":"purchasable","20":"product-type-variable"},"_links":{"self":[{"href":"https:\/\/mod.wisdar.net\/tr\/wp-json\/wp\/v2\/product\/180537","targetHints":{"allow":["GET"]}}],"collection":[{"href":"https:\/\/mod.wisdar.net\/tr\/wp-json\/wp\/v2\/product"}],"about":[{"href":"https:\/\/mod.wisdar.net\/tr\/wp-json\/wp\/v2\/types\/product"}],"replies":[{"embeddable":true,"href":"https:\/\/mod.wisdar.net\/tr\/wp-json\/wp\/v2\/comments?post=180537"}],"wp:featuredmedia":[{"embeddable":true,"href":"https:\/\/mod.wisdar.net\/tr\/wp-json\/wp\/v2\/media\/180521"}],"wp:attachment":[{"href":"https:\/\/mod.wisdar.net\/tr\/wp-json\/wp\/v2\/media?parent=180537"}],"wp:term":[{"taxonomy":"product_brand","embeddable":true,"href":"https:\/\/mod.wisdar.net\/tr\/wp-json\/wp\/v2\/product_brand?post=180537"},{"taxonomy":"product_cat","embeddable":true,"href":"https:\/\/mod.wisdar.net\/tr\/wp-json\/wp\/v2\/product_cat?post=180537"},{"taxonomy":"product_tag","embeddable":true,"href":"https:\/\/mod.wisdar.net\/tr\/wp-json\/wp\/v2\/product_tag?post=180537"}],"curies":[{"name":"wp","href":"https:\/\/api.w.org\/{rel}","templated":true}]}}