{"id":180574,"date":"2026-03-26T11:25:33","date_gmt":"2026-03-26T11:25:33","guid":{"rendered":"https:\/\/modesthanim.com\/product\/fusun-elbise-siyah\/"},"modified":"2026-04-05T00:45:57","modified_gmt":"2026-04-05T00:45:57","slug":"fusun-elbise-siyah","status":"publish","type":"product","link":"https:\/\/mod.wisdar.net\/tr\/urun\/fusun-elbise-siyah\/","title":{"rendered":"F\u00fcsun Elbise Siyah"},"content":{"rendered":"<p>Elbise  Poliviskon Kuma\u015ft\u0131r<br \/>\nElbise Omuzu Fiyonk Detayl\u0131d\u0131r.<br \/>\nElbise Yaka Arkas\u0131ndan Fermuarl\u0131d\u0131r.<br \/>\nKol Ucu \u00c7ift D\u00fc\u011fmelidir.<br \/>\nElbise Vatkal\u0131d\u0131r.<br \/>\nElbise Boy:136cm Omuz:40cm G\u00f6\u011f\u00fcs:42cm Bel 36cm<\/p>\n","protected":false},"excerpt":{"rendered":"<p>Elbise Poliviskon Kuma\u015ft\u0131r Elbise Omuzu Fiyonk Detayl\u0131d\u0131r. Elbise Yaka Arkas\u0131ndan Fermuarl\u0131d\u0131r. Kol Ucu \u00c7ift D\u00fc\u011fmelidir. Elbise Vatkal\u0131d\u0131r. Elbise Boy:136cm Omuz:40cm G\u00f6\u011f\u00fcs:42cm Bel 36cm<\/p>\n","protected":false},"featured_media":180564,"comment_status":"open","ping_status":"closed","template":"","meta":[],"product_brand":[],"product_cat":[6249,1933],"product_tag":[8427,8014,7959,6937],"class_list":{"0":"post-180574","1":"product","2":"type-product","3":"status-publish","4":"has-post-thumbnail","6":"product_cat-elbiseler","7":"product_cat-gunluk-ve-gunduz-elbiseleri","8":"product_tag-gece-elbisesi","9":"product_tag-poliviskoz","10":"product_tag-resmi-giyim","11":"product_tag-siyah-elbise","12":"pa_brand-butikkolik","13":"pa_color-siyah","14":"pa_size-4706","15":"pa_size-4711","16":"pa_size-4713","17":"pa_size-4751","19":"first","20":"instock","21":"sale","22":"shipping-taxable","23":"purchasable","24":"product-type-variable"},"_links":{"self":[{"href":"https:\/\/mod.wisdar.net\/tr\/wp-json\/wp\/v2\/product\/180574","targetHints":{"allow":["GET"]}}],"collection":[{"href":"https:\/\/mod.wisdar.net\/tr\/wp-json\/wp\/v2\/product"}],"about":[{"href":"https:\/\/mod.wisdar.net\/tr\/wp-json\/wp\/v2\/types\/product"}],"replies":[{"embeddable":true,"href":"https:\/\/mod.wisdar.net\/tr\/wp-json\/wp\/v2\/comments?post=180574"}],"wp:featuredmedia":[{"embeddable":true,"href":"https:\/\/mod.wisdar.net\/tr\/wp-json\/wp\/v2\/media\/180564"}],"wp:attachment":[{"href":"https:\/\/mod.wisdar.net\/tr\/wp-json\/wp\/v2\/media?parent=180574"}],"wp:term":[{"taxonomy":"product_brand","embeddable":true,"href":"https:\/\/mod.wisdar.net\/tr\/wp-json\/wp\/v2\/product_brand?post=180574"},{"taxonomy":"product_cat","embeddable":true,"href":"https:\/\/mod.wisdar.net\/tr\/wp-json\/wp\/v2\/product_cat?post=180574"},{"taxonomy":"product_tag","embeddable":true,"href":"https:\/\/mod.wisdar.net\/tr\/wp-json\/wp\/v2\/product_tag?post=180574"}],"curies":[{"name":"wp","href":"https:\/\/api.w.org\/{rel}","templated":true}]}}