{"id":18061,"date":"2025-11-02T13:31:25","date_gmt":"2025-11-02T13:31:25","guid":{"rendered":"https:\/\/modesthanim.com\/product\/ftz-women-kadin-pantolonlu-kesme-tansel-takim-beige-31029\/"},"modified":"2026-03-26T06:55:07","modified_gmt":"2026-03-26T06:55:07","slug":"ftz-women-kadin-pantolonlu-kesme-tansel-takim-beige-31029","status":"publish","type":"product","link":"https:\/\/mod.wisdar.net\/tr\/urun\/ftz-women-kadin-pantolonlu-kesme-tansel-takim-beige-31029\/","title":{"rendered":"FTZ Women Kad\u0131n Pantolonlu Kesme Tansel Tak\u0131m  Beige 31029"},"content":{"rendered":"<p>Kuma\u015f : %30 Viskon %20 Pamuk %50 Akrilik<br \/>\nKol : 43\u00a0cm<br \/>\nYaka Tipi : G\u00f6mlek Yaka<br \/>\nDesen : Desenli<br \/>\nKal\u0131p : Standart<br \/>\nModel \u00d6l\u00e7\u00fcs\u00fc<br \/>\nBeden: 36\u00a0 Bo0y: 1.80\u00a0cm\u00a0 \u00a0 G\u00f6\u011f\u00fcs: 82\u00a0cm\u00a0 \u00a0 Bel: 60\u00a0cm\u00a0 \u00a0Kal\u00e7a: 91\u00a0cm<br \/>\n\u00dcr\u00fcn \u00d6l\u00e7\u00fcs\u00fc<br \/>\nBoy: 77\u00a0cm\u00a0 \u00a0 G\u00f6\u011f\u00fcs: 51\u00a0cm\u00a0 \u00a0 Bel: 37\u00a0cm\u00a0 \u00a0Kal\u00e7a: 47 cm<br \/>\nY\u0131kama Talimat\u0131 :<br \/>\n\u2013 Makine ile So\u011fuk Y\u0131kama Yap\u0131n\u0131z (30C veya 65F ile 85F)<br \/>\n\u2013 Kurutma Makinesinde Kurutulamaz<br \/>\n\u2013 Kuru Temizleme , Trikloretilen Ay\u0131r\u0131\u00e7\u0131s\u0131yla Az \u00c7\u00f6z\u00fcc\u00fc Kullan\u0131n\u0131z<br \/>\n\u2013 D\u00fc\u015f\u00fck Is\u0131da \u00dct\u00fcleme Yap\u0131n\u0131z<br \/>\n\u2013 \u00c7ama\u015f\u0131r Suyu Kullanmay\u0131n\u0131z<\/p>\n<p>\u2014 Technical Details \u2014<br \/>\nKuma\u015f Tipi: \u015e\u0130FON<br \/>\nKal\u0131p: Regular<br \/>\nKal\u0131p \u00d6zellikleri: Regular<br \/>\nBoy: 77<br \/>\nDesen: Desenli<br \/>\nAstar Durumu: Astars\u0131z<br \/>\nBel: 37<br \/>\nCep: Var<br \/>\nKal\u0131nl\u0131k: \u0130nce<br \/>\nKemer Ku\u015fak Durumu: Kemersiz<br \/>\nKol Boyu: 43<br \/>\nKol Tipi: Standart<br \/>\nMateryal: Viskon Kar\u0131\u015f\u0131ml\u0131<br \/>\nPar\u00e7a Say\u0131s\u0131: 2<br \/>\nBeden Aral\u0131\u011f\u0131: 38\/44<\/p>\n","protected":false},"excerpt":{"rendered":"<p>Kuma\u015f : %30 Viskon %20 Pamuk %50 Akrilik Kol : 43\u00a0cm Yaka Tipi : G\u00f6mlek Yaka Desen : Desenli Kal\u0131p : Standart Model \u00d6l\u00e7\u00fcs\u00fc Beden: 36\u00a0 Bo0y: 1.80\u00a0cm\u00a0 \u00a0 G\u00f6\u011f\u00fcs: 82\u00a0cm\u00a0 \u00a0 Bel: 60\u00a0cm\u00a0 \u00a0Kal\u00e7a: 91\u00a0cm \u00dcr\u00fcn \u00d6l\u00e7\u00fcs\u00fc Boy: 77\u00a0cm\u00a0 \u00a0 G\u00f6\u011f\u00fcs: 51\u00a0cm\u00a0 \u00a0 Bel: 37\u00a0cm\u00a0 \u00a0Kal\u00e7a: 47 cm Y\u0131kama Talimat\u0131 : \u2013 Makine ile [&hellip;]<\/p>\n","protected":false},"featured_media":0,"comment_status":"open","ping_status":"closed","template":"","meta":[],"product_brand":[],"product_cat":[1900],"product_tag":[4839,6753,6908],"class_list":{"0":"post-18061","1":"product","2":"type-product","3":"status-publish","5":"product_cat-koordinatlar-setler","6":"product_tag-4839","7":"product_tag-bej","8":"product_tag-kadin-takim","9":"pa_brand-ftz-women","10":"pa_color-beige","11":"pa_size-4706","12":"pa_size-4711","13":"pa_size-4713","14":"pa_size-4751","16":"first","17":"outofstock","18":"shipping-taxable","19":"product-type-variable"},"_links":{"self":[{"href":"https:\/\/mod.wisdar.net\/tr\/wp-json\/wp\/v2\/product\/18061","targetHints":{"allow":["GET"]}}],"collection":[{"href":"https:\/\/mod.wisdar.net\/tr\/wp-json\/wp\/v2\/product"}],"about":[{"href":"https:\/\/mod.wisdar.net\/tr\/wp-json\/wp\/v2\/types\/product"}],"replies":[{"embeddable":true,"href":"https:\/\/mod.wisdar.net\/tr\/wp-json\/wp\/v2\/comments?post=18061"}],"wp:attachment":[{"href":"https:\/\/mod.wisdar.net\/tr\/wp-json\/wp\/v2\/media?parent=18061"}],"wp:term":[{"taxonomy":"product_brand","embeddable":true,"href":"https:\/\/mod.wisdar.net\/tr\/wp-json\/wp\/v2\/product_brand?post=18061"},{"taxonomy":"product_cat","embeddable":true,"href":"https:\/\/mod.wisdar.net\/tr\/wp-json\/wp\/v2\/product_cat?post=18061"},{"taxonomy":"product_tag","embeddable":true,"href":"https:\/\/mod.wisdar.net\/tr\/wp-json\/wp\/v2\/product_tag?post=18061"}],"curies":[{"name":"wp","href":"https:\/\/api.w.org\/{rel}","templated":true}]}}