{"id":180641,"date":"2026-03-26T11:28:01","date_gmt":"2026-03-26T11:28:01","guid":{"rendered":"https:\/\/modesthanim.com\/product\/kup-detayli-yelek-mavi\/"},"modified":"2026-03-26T12:34:36","modified_gmt":"2026-03-26T12:34:36","slug":"kup-detayli-yelek-mavi","status":"publish","type":"product","link":"https:\/\/mod.wisdar.net\/tr\/urun\/kup-detayli-yelek-mavi\/","title":{"rendered":"Kup Detayl\u0131 Yelek \u2013 Mavi"},"content":{"rendered":"<p>Yap\u0131land\u0131r\u0131lm\u0131\u015f formu ve rafine tasar\u0131m\u0131yla \u00f6ne \u00e7\u0131kan Kup Detayl\u0131 Yelek, sofistike ve zamans\u0131z kombinlerin tamamlay\u0131c\u0131 par\u00e7as\u0131d\u0131r.<\/p>\n<p>Kuma\u015f \u0130\u00e7eri\u011fi: %80 Pamuklu, %20 Geri D\u00f6n\u00fc\u015ft\u00fcr\u00fclm\u00fc\u015f Pamuk<br \/>\nDesen: D\u00fcz<br \/>\nYaka Tipi: Bisiklet Yaka<br \/>\nKol Tipi: Kolsuz<br \/>\nCep: Aplike Cep<br \/>\nAstar: Astars\u0131z<br \/>\n\u00dcr\u00fcn Boyu: 47 cm<br \/>\nKal\u0131p Tipi: Normal Kal\u0131p<br \/>\nManken \u00d6l\u00e7\u00fcleri:<br \/>\nBoy: 174 cm<br \/>\nG\u00f6\u011f\u00fcs: 85 cm<br \/>\nBel: 59 cm<br \/>\nBasen: 90 cm<br \/>\nMankenin Giydi\u011fi Beden: 38<\/p>\n","protected":false},"excerpt":{"rendered":"<p>Yap\u0131land\u0131r\u0131lm\u0131\u015f formu ve rafine tasar\u0131m\u0131yla \u00f6ne \u00e7\u0131kan Kup Detayl\u0131 Yelek, sofistike ve zamans\u0131z kombinlerin tamamlay\u0131c\u0131 par\u00e7as\u0131d\u0131r. Kuma\u015f \u0130\u00e7eri\u011fi: %80 Pamuklu, %20 Geri D\u00f6n\u00fc\u015ft\u00fcr\u00fclm\u00fc\u015f Pamuk Desen: D\u00fcz Yaka Tipi: Bisiklet Yaka Kol Tipi: Kolsuz Cep: Aplike Cep Astar: Astars\u0131z \u00dcr\u00fcn Boyu: 47 cm Kal\u0131p Tipi: Normal Kal\u0131p Manken \u00d6l\u00e7\u00fcleri: Boy: 174 cm G\u00f6\u011f\u00fcs: 85 cm Bel: [&hellip;]<\/p>\n","protected":false},"featured_media":180631,"comment_status":"open","ping_status":"closed","template":"","meta":[],"product_brand":[],"product_cat":[2053],"product_tag":[],"class_list":{"0":"post-180641","1":"product","2":"type-product","3":"status-publish","4":"has-post-thumbnail","6":"product_cat-yelekler-yelekler","7":"pa_color-mavi","8":"pa_size-4706","9":"pa_size-4711","10":"pa_size-4713","11":"pa_size-4751","13":"first","14":"instock","15":"sale","16":"shipping-taxable","17":"purchasable","18":"product-type-variable"},"_links":{"self":[{"href":"https:\/\/mod.wisdar.net\/tr\/wp-json\/wp\/v2\/product\/180641","targetHints":{"allow":["GET"]}}],"collection":[{"href":"https:\/\/mod.wisdar.net\/tr\/wp-json\/wp\/v2\/product"}],"about":[{"href":"https:\/\/mod.wisdar.net\/tr\/wp-json\/wp\/v2\/types\/product"}],"replies":[{"embeddable":true,"href":"https:\/\/mod.wisdar.net\/tr\/wp-json\/wp\/v2\/comments?post=180641"}],"wp:featuredmedia":[{"embeddable":true,"href":"https:\/\/mod.wisdar.net\/tr\/wp-json\/wp\/v2\/media\/180631"}],"wp:attachment":[{"href":"https:\/\/mod.wisdar.net\/tr\/wp-json\/wp\/v2\/media?parent=180641"}],"wp:term":[{"taxonomy":"product_brand","embeddable":true,"href":"https:\/\/mod.wisdar.net\/tr\/wp-json\/wp\/v2\/product_brand?post=180641"},{"taxonomy":"product_cat","embeddable":true,"href":"https:\/\/mod.wisdar.net\/tr\/wp-json\/wp\/v2\/product_cat?post=180641"},{"taxonomy":"product_tag","embeddable":true,"href":"https:\/\/mod.wisdar.net\/tr\/wp-json\/wp\/v2\/product_tag?post=180641"}],"curies":[{"name":"wp","href":"https:\/\/api.w.org\/{rel}","templated":true}]}}