{"id":180659,"date":"2026-03-26T11:28:31","date_gmt":"2026-03-26T11:28:31","guid":{"rendered":"https:\/\/modesthanim.com\/product\/tasli-denim-pantolon-mavi\/"},"modified":"2026-03-26T12:35:10","modified_gmt":"2026-03-26T12:35:10","slug":"tasli-denim-pantolon-mavi","status":"publish","type":"product","link":"https:\/\/mod.wisdar.net\/tr\/urun\/tasli-denim-pantolon-mavi\/","title":{"rendered":"Ta\u015fl\u0131 Denim Pantolon \u2013 Mavi"},"content":{"rendered":"<p>Zamans\u0131z denim formunu incelikle yerle\u015ftirilmi\u015f ta\u015f vurgular\u0131yla zenginle\u015ftiren Ta\u015fl\u0131 Denim Pantolon, sofistike ve dikkat \u00e7ekici kombinler i\u00e7in rafine bir tercihtir.<br \/>\nKuma\u015f \u0130\u00e7eri\u011fi: %80 Pamuklu, %20 Geri D\u00f6n\u00fc\u015ft\u00fcr\u00fclm\u00fc\u015f Pamuk<br \/>\nDesen: D\u00fcz<br \/>\nBel Tipi: Y\u00fcksek Bel<br \/>\nBel Formu: D\u00fc\u011fme Kapamal\u0131<br \/>\nPa\u00e7a Tipi: Havu\u00e7 Pa\u00e7a<br \/>\nCep: Be\u015f Cep<br \/>\nAstar: Astars\u0131z<br \/>\n\u00dcr\u00fcn Boyu: 90 cm<br \/>\nKal\u0131p Tipi: Normal Kal\u0131p<br \/>\nManken \u00d6l\u00e7\u00fcleri:Boy: 174 cmG\u00f6\u011f\u00fcs: 85 cmBel: 59 cmBasen: 90 cm<br \/>\nMankenin Giydi\u011fi Beden: 38<\/p>\n","protected":false},"excerpt":{"rendered":"<p>Zamans\u0131z denim formunu incelikle yerle\u015ftirilmi\u015f ta\u015f vurgular\u0131yla zenginle\u015ftiren Ta\u015fl\u0131 Denim Pantolon, sofistike ve dikkat \u00e7ekici kombinler i\u00e7in rafine bir tercihtir. Kuma\u015f \u0130\u00e7eri\u011fi: %80 Pamuklu, %20 Geri D\u00f6n\u00fc\u015ft\u00fcr\u00fclm\u00fc\u015f Pamuk Desen: D\u00fcz Bel Tipi: Y\u00fcksek Bel Bel Formu: D\u00fc\u011fme Kapamal\u0131 Pa\u00e7a Tipi: Havu\u00e7 Pa\u00e7a Cep: Be\u015f Cep Astar: Astars\u0131z \u00dcr\u00fcn Boyu: 90 cm Kal\u0131p Tipi: Normal Kal\u0131p [&hellip;]<\/p>\n","protected":false},"featured_media":180646,"comment_status":"open","ping_status":"closed","template":"","meta":[],"product_brand":[],"product_cat":[1882],"product_tag":[7844,7650],"class_list":{"0":"post-180659","1":"product","2":"type-product","3":"status-publish","4":"has-post-thumbnail","6":"product_cat-alt-giyim","7":"product_tag-denim","8":"product_tag-yuksek-bel-3","9":"pa_color-mavi","10":"pa_size-4706","11":"pa_size-4711","12":"pa_size-4713","13":"pa_size-4751","15":"first","16":"instock","17":"sale","18":"shipping-taxable","19":"purchasable","20":"product-type-variable"},"_links":{"self":[{"href":"https:\/\/mod.wisdar.net\/tr\/wp-json\/wp\/v2\/product\/180659","targetHints":{"allow":["GET"]}}],"collection":[{"href":"https:\/\/mod.wisdar.net\/tr\/wp-json\/wp\/v2\/product"}],"about":[{"href":"https:\/\/mod.wisdar.net\/tr\/wp-json\/wp\/v2\/types\/product"}],"replies":[{"embeddable":true,"href":"https:\/\/mod.wisdar.net\/tr\/wp-json\/wp\/v2\/comments?post=180659"}],"wp:featuredmedia":[{"embeddable":true,"href":"https:\/\/mod.wisdar.net\/tr\/wp-json\/wp\/v2\/media\/180646"}],"wp:attachment":[{"href":"https:\/\/mod.wisdar.net\/tr\/wp-json\/wp\/v2\/media?parent=180659"}],"wp:term":[{"taxonomy":"product_brand","embeddable":true,"href":"https:\/\/mod.wisdar.net\/tr\/wp-json\/wp\/v2\/product_brand?post=180659"},{"taxonomy":"product_cat","embeddable":true,"href":"https:\/\/mod.wisdar.net\/tr\/wp-json\/wp\/v2\/product_cat?post=180659"},{"taxonomy":"product_tag","embeddable":true,"href":"https:\/\/mod.wisdar.net\/tr\/wp-json\/wp\/v2\/product_tag?post=180659"}],"curies":[{"name":"wp","href":"https:\/\/api.w.org\/{rel}","templated":true}]}}