{"id":180759,"date":"2026-03-26T11:33:35","date_gmt":"2026-03-26T11:33:35","guid":{"rendered":"https:\/\/modesthanim.com\/product\/tek-dugmeli-takim-kahve\/"},"modified":"2026-03-26T12:36:36","modified_gmt":"2026-03-26T12:36:36","slug":"tek-dugmeli-takim-kahve","status":"publish","type":"product","link":"https:\/\/mod.wisdar.net\/tr\/urun\/tek-dugmeli-takim-kahve\/","title":{"rendered":"Tek D\u00fc\u011fmeli Tak\u0131m \u2013 Kahve"},"content":{"rendered":"<p>G\u00fcn\u00fcn her an\u0131na e\u015flik edebilecek kadar konforlu, en \u00f6zel davetlerde boy g\u00f6sterecek kadar iddial\u0131.<\/p>\n<p>\u00dcST<br \/>\nKuma\u015f \u0130\u00e7eri\u011fi: %85 Rayon, %15 Naylon<br \/>\nDesen: D\u00fcz<br \/>\nYaka Tipi: V Yaka<br \/>\nKol Tipi: Uzun Kol<br \/>\nCep: Cepsiz<br \/>\nAstar: Astars\u0131z<br \/>\n\u00dcr\u00fcn Boyu: 75 cm<br \/>\nKal\u0131p Tipi: Normal Kal\u0131p<\/p>\n<p>ALT<br \/>\nKuma\u015f \u0130\u00e7eri\u011fi: %85 Rayon, %15 Naylon<br \/>\nDesen: D\u00fcz<br \/>\nBel Tipi: Normal Bel<br \/>\nBel Formu: D\u00fc\u011fme Kapamal\u0131, Bel Arkas\u0131 Lastikli<br \/>\nPa\u00e7a Tipi: Bol Pa\u00e7a<br \/>\nCep: Yan Cep<br \/>\nAstar: Astars\u0131z<br \/>\n\u00dcr\u00fcn Boyu: 105 cm<br \/>\nKal\u0131p Tipi: Normal Kal\u0131p<\/p>\n<p>Manken \u00d6l\u00e7\u00fcleri:<br \/>\nBoy: 174 cm<br \/>\nG\u00f6\u011f\u00fcs: 85 cm<br \/>\nBel: 59 cm<br \/>\nBasen: 90 cm<\/p>\n<p>Mankenin Giydi\u011fi Beden: 38<\/p>\n<p>\u2014 Technical Details \u2014<br \/>\nsize_chart: {&#8216;unit&#8217;: &#8216;cm&#8217;, &#8217;38&#8217;: {&#8216;omuz&#8217;: 39, &#8216;g\u00f6\u011f\u00fcs&#8217;: 104, &#8216;bel&#8217;: 70, &#8216;basen&#8217;: 102, &#8216;boy&#8217;: 75, &#8216;kol_boyu&#8217;: 61}, &#8217;40&#8217;: {&#8216;omuz&#8217;: 40, &#8216;g\u00f6\u011f\u00fcs&#8217;: 108, &#8216;bel&#8217;: 74, &#8216;basen&#8217;: 106, &#8216;boy&#8217;: 75.5, &#8216;kol_boyu&#8217;: 61.5}, &#8217;42&#8217;: {&#8216;omuz&#8217;: 41, &#8216;g\u00f6\u011f\u00fcs&#8217;: 112, &#8216;bel&#8217;: 78, &#8216;basen&#8217;: 110, &#8216;boy&#8217;: 76, &#8216;kol_boyu&#8217;: 62}, &#8217;44&#8217;: {&#8216;omuz&#8217;: 42, &#8216;g\u00f6\u011f\u00fcs&#8217;: 116, &#8216;bel&#8217;: 82, &#8216;basen&#8217;: 114, &#8216;boy&#8217;: 76.5, &#8216;kol_boyu&#8217;: 62.5}, &#8217;46&#8217;: {&#8216;omuz&#8217;: 43, &#8216;g\u00f6\u011f\u00fcs&#8217;: 122, &#8216;bel&#8217;: 88, &#8216;basen&#8217;: 120, &#8216;boy&#8217;: 77, &#8216;kol_boyu&#8217;: 63}, &#8217;48&#8217;: {&#8216;omuz&#8217;: 44, &#8216;g\u00f6\u011f\u00fcs&#8217;: 126, &#8216;bel&#8217;: 92, &#8216;basen&#8217;: 124, &#8216;boy&#8217;: 77.5, &#8216;kol_boyu&#8217;: 63.5}}<\/p>\n","protected":false},"excerpt":{"rendered":"<p>G\u00fcn\u00fcn her an\u0131na e\u015flik edebilecek kadar konforlu, en \u00f6zel davetlerde boy g\u00f6sterecek kadar iddial\u0131. \u00dcST Kuma\u015f \u0130\u00e7eri\u011fi: %85 Rayon, %15 Naylon Desen: D\u00fcz Yaka Tipi: V Yaka Kol Tipi: Uzun Kol Cep: Cepsiz Astar: Astars\u0131z \u00dcr\u00fcn Boyu: 75 cm Kal\u0131p Tipi: Normal Kal\u0131p ALT Kuma\u015f \u0130\u00e7eri\u011fi: %85 Rayon, %15 Naylon Desen: D\u00fcz Bel Tipi: Normal [&hellip;]<\/p>\n","protected":false},"featured_media":180740,"comment_status":"open","ping_status":"closed","template":"","meta":[],"product_brand":[],"product_cat":[1900],"product_tag":[7729,6744,6840],"class_list":{"0":"post-180759","1":"product","2":"type-product","3":"status-publish","4":"has-post-thumbnail","6":"product_cat-koordinatlar-setler","7":"product_tag-bol-paca-pantolon","8":"product_tag-kadin-modasi","9":"product_tag-kahve-rengi","10":"pa_color-kahve","11":"pa_size-4706","12":"pa_size-4711","13":"pa_size-4713","14":"pa_size-4751","15":"pa_size-4749","16":"pa_size-4747","18":"first","19":"instock","20":"sale","21":"shipping-taxable","22":"purchasable","23":"product-type-variable"},"_links":{"self":[{"href":"https:\/\/mod.wisdar.net\/tr\/wp-json\/wp\/v2\/product\/180759","targetHints":{"allow":["GET"]}}],"collection":[{"href":"https:\/\/mod.wisdar.net\/tr\/wp-json\/wp\/v2\/product"}],"about":[{"href":"https:\/\/mod.wisdar.net\/tr\/wp-json\/wp\/v2\/types\/product"}],"replies":[{"embeddable":true,"href":"https:\/\/mod.wisdar.net\/tr\/wp-json\/wp\/v2\/comments?post=180759"}],"wp:featuredmedia":[{"embeddable":true,"href":"https:\/\/mod.wisdar.net\/tr\/wp-json\/wp\/v2\/media\/180740"}],"wp:attachment":[{"href":"https:\/\/mod.wisdar.net\/tr\/wp-json\/wp\/v2\/media?parent=180759"}],"wp:term":[{"taxonomy":"product_brand","embeddable":true,"href":"https:\/\/mod.wisdar.net\/tr\/wp-json\/wp\/v2\/product_brand?post=180759"},{"taxonomy":"product_cat","embeddable":true,"href":"https:\/\/mod.wisdar.net\/tr\/wp-json\/wp\/v2\/product_cat?post=180759"},{"taxonomy":"product_tag","embeddable":true,"href":"https:\/\/mod.wisdar.net\/tr\/wp-json\/wp\/v2\/product_tag?post=180759"}],"curies":[{"name":"wp","href":"https:\/\/api.w.org\/{rel}","templated":true}]}}