{"id":180772,"date":"2026-03-26T11:33:48","date_gmt":"2026-03-26T11:33:48","guid":{"rendered":"https:\/\/modesthanim.com\/product\/tek-dugmeli-takim-findik\/"},"modified":"2026-03-26T12:36:13","modified_gmt":"2026-03-26T12:36:13","slug":"tek-dugmeli-takim-findik","status":"publish","type":"product","link":"https:\/\/mod.wisdar.net\/tr\/urun\/tek-dugmeli-takim-findik\/","title":{"rendered":"Tek D\u00fc\u011fmeli Tak\u0131m \u2013 F\u0131nd\u0131k"},"content":{"rendered":"<p>G\u00fcn\u00fcn her an\u0131na e\u015flik edebilecek kadar konforlu, en \u00f6zel davetlerde boy g\u00f6sterecek kadar iddial\u0131.<\/p>\n<p>\u00dcST<br \/>\nKuma\u015f \u0130\u00e7eri\u011fi: %85 Rayon, %15 Naylon<br \/>\nDesen: D\u00fcz<br \/>\nYaka Tipi: V Yaka<br \/>\nKol Tipi: Uzun Kol<br \/>\nCep: Cepsiz<br \/>\nAstar: Astars\u0131z<br \/>\n\u00dcr\u00fcn Boyu: 75 cm<br \/>\nKal\u0131p Tipi: Normal Kal\u0131p<\/p>\n<p>ALT<br \/>\nKuma\u015f \u0130\u00e7eri\u011fi: %85 Rayon, %15 Naylon<br \/>\nDesen: D\u00fcz<br \/>\nBel Tipi: Normal Bel<br \/>\nBel Formu: D\u00fc\u011fme Kapamal\u0131, Bel Arkas\u0131 Lastikli<br \/>\nPa\u00e7a Tipi: Bol Pa\u00e7a<br \/>\nCep: Yan Cep<br \/>\nAstar: Astars\u0131z<br \/>\n\u00dcr\u00fcn Boyu: 105 cm<br \/>\nKal\u0131p Tipi: Normal Kal\u0131p<br \/>\nManken \u00d6l\u00e7\u00fcleri:<br \/>\nBoy: 175 cm<br \/>\nG\u00f6\u011f\u00fcs: 85 cm<br \/>\nBel: 60 cm<br \/>\nBasen: 90 cm<br \/>\nMankenin Giydi\u011fi Beden: 38<\/p>\n<p>\u2014 Technical Details \u2014<br \/>\nmeasurements: {&#8217;38&#8217;: {&#8216;omuz&#8217;: &#8217;39&#8217;, &#8216;g\u00f6\u011f\u00fcs&#8217;: &#8216;104&#8217;, &#8216;bel&#8217;: &#8217;70&#8217;, &#8216;basen&#8217;: &#8216;102&#8217;, &#8216;boy&#8217;: &#8217;75&#8217;, &#8216;kol_boyu&#8217;: &#8217;61&#8217;}, &#8217;40&#8217;: {&#8216;omuz&#8217;: &#8217;40&#8217;, &#8216;g\u00f6\u011f\u00fcs&#8217;: &#8216;108&#8217;, &#8216;bel&#8217;: &#8217;74&#8217;, &#8216;basen&#8217;: &#8216;106&#8217;, &#8216;boy&#8217;: &#8216;75.5&#8217;, &#8216;kol_boyu&#8217;: &#8216;61.5&#8217;}, &#8217;42&#8217;: {&#8216;omuz&#8217;: &#8217;41&#8217;, &#8216;g\u00f6\u011f\u00fcs&#8217;: &#8216;112&#8217;, &#8216;bel&#8217;: &#8217;78&#8217;, &#8216;basen&#8217;: &#8216;110&#8217;, &#8216;boy&#8217;: &#8217;76&#8217;, &#8216;kol_boyu&#8217;: &#8217;62&#8217;}, &#8217;44&#8217;: {&#8216;omuz&#8217;: &#8217;42&#8217;, &#8216;g\u00f6\u011f\u00fcs&#8217;: &#8216;116&#8217;, &#8216;bel&#8217;: &#8217;82&#8217;, &#8216;basen&#8217;: &#8216;114&#8217;, &#8216;boy&#8217;: &#8216;76.5&#8217;, &#8216;kol_boyu&#8217;: &#8216;62.5&#8217;}, &#8217;46&#8217;: {&#8216;omuz&#8217;: &#8217;43&#8217;, &#8216;g\u00f6\u011f\u00fcs&#8217;: &#8216;122&#8217;, &#8216;bel&#8217;: &#8217;88&#8217;, &#8216;basen&#8217;: &#8216;120&#8217;, &#8216;boy&#8217;: &#8217;77&#8217;, &#8216;kol_boyu&#8217;: &#8217;63&#8217;}, &#8217;48&#8217;: {&#8216;omuz&#8217;: &#8217;44&#8217;, &#8216;g\u00f6\u011f\u00fcs&#8217;: &#8216;126&#8217;, &#8216;bel&#8217;: &#8217;92&#8217;, &#8216;basen&#8217;: &#8216;124&#8217;, &#8216;boy&#8217;: &#8216;77.5&#8217;, &#8216;kol_boyu&#8217;: &#8216;63.5&#8217;}}<\/p>\n","protected":false},"excerpt":{"rendered":"<p>G\u00fcn\u00fcn her an\u0131na e\u015flik edebilecek kadar konforlu, en \u00f6zel davetlerde boy g\u00f6sterecek kadar iddial\u0131. \u00dcST Kuma\u015f \u0130\u00e7eri\u011fi: %85 Rayon, %15 Naylon Desen: D\u00fcz Yaka Tipi: V Yaka Kol Tipi: Uzun Kol Cep: Cepsiz Astar: Astars\u0131z \u00dcr\u00fcn Boyu: 75 cm Kal\u0131p Tipi: Normal Kal\u0131p ALT Kuma\u015f \u0130\u00e7eri\u011fi: %85 Rayon, %15 Naylon Desen: D\u00fcz Bel Tipi: Normal [&hellip;]<\/p>\n","protected":false},"featured_media":180745,"comment_status":"open","ping_status":"closed","template":"","meta":[],"product_brand":[],"product_cat":[1900],"product_tag":[6744,7959],"class_list":{"0":"post-180772","1":"product","2":"type-product","3":"status-publish","4":"has-post-thumbnail","6":"product_cat-koordinatlar-setler","7":"product_tag-kadin-modasi","8":"product_tag-resmi-giyim","9":"pa_color-findik","10":"pa_size-4706","11":"pa_size-4711","12":"pa_size-4713","13":"pa_size-4751","14":"pa_size-4749","15":"pa_size-4747","17":"first","18":"instock","19":"sale","20":"shipping-taxable","21":"purchasable","22":"product-type-variable"},"_links":{"self":[{"href":"https:\/\/mod.wisdar.net\/tr\/wp-json\/wp\/v2\/product\/180772","targetHints":{"allow":["GET"]}}],"collection":[{"href":"https:\/\/mod.wisdar.net\/tr\/wp-json\/wp\/v2\/product"}],"about":[{"href":"https:\/\/mod.wisdar.net\/tr\/wp-json\/wp\/v2\/types\/product"}],"replies":[{"embeddable":true,"href":"https:\/\/mod.wisdar.net\/tr\/wp-json\/wp\/v2\/comments?post=180772"}],"wp:featuredmedia":[{"embeddable":true,"href":"https:\/\/mod.wisdar.net\/tr\/wp-json\/wp\/v2\/media\/180745"}],"wp:attachment":[{"href":"https:\/\/mod.wisdar.net\/tr\/wp-json\/wp\/v2\/media?parent=180772"}],"wp:term":[{"taxonomy":"product_brand","embeddable":true,"href":"https:\/\/mod.wisdar.net\/tr\/wp-json\/wp\/v2\/product_brand?post=180772"},{"taxonomy":"product_cat","embeddable":true,"href":"https:\/\/mod.wisdar.net\/tr\/wp-json\/wp\/v2\/product_cat?post=180772"},{"taxonomy":"product_tag","embeddable":true,"href":"https:\/\/mod.wisdar.net\/tr\/wp-json\/wp\/v2\/product_tag?post=180772"}],"curies":[{"name":"wp","href":"https:\/\/api.w.org\/{rel}","templated":true}]}}