{"id":180899,"date":"2026-03-26T11:40:56","date_gmt":"2026-03-26T11:40:56","guid":{"rendered":"https:\/\/modesthanim.com\/product\/onden-pilikaseli-takim-ekru\/"},"modified":"2026-03-26T12:37:58","modified_gmt":"2026-03-26T12:37:58","slug":"onden-pilikaseli-takim-ekru","status":"publish","type":"product","link":"https:\/\/mod.wisdar.net\/tr\/urun\/onden-pilikaseli-takim-ekru\/","title":{"rendered":"\u00d6nden Pilika\u015feli Tak\u0131m \u2013 Ekru"},"content":{"rendered":"<p>\u00d6nden Pilika\u015feli Tak\u0131m, klasik tak\u0131m elbise anlay\u0131\u015f\u0131na derinlik ve hacim katarak stilinizi bir ad\u0131m \u00f6teye ta\u015f\u0131yor.<\/p>\n<p>\u00dcST<br \/>\nKuma\u015f \u0130\u00e7eri\u011fi: %85 Rayon, %15 Naylon<br \/>\nDesen: D\u00fcz<br \/>\nYaka Tipi: G\u00f6mlek Yaka<br \/>\nKol Tipi: Uzun Kol<br \/>\nCep: S\u00fcs Cep<br \/>\nAstar: Astars\u0131z<br \/>\n\u00dcr\u00fcn Boyu: 53 cm<br \/>\nKal\u0131p Tipi: Normal Kal\u0131p<\/p>\n<p>ALT<br \/>\nKuma\u015f \u0130\u00e7eri\u011fi: %85 Rayon, %15 Naylon<br \/>\nDesen: D\u00fcz<br \/>\nBel Tipi: Normal Bel<br \/>\nBel Formu: Fermuar Kapamal\u0131<br \/>\nEtek Tipi: Piliseli<br \/>\nCep: Gizli Cep<br \/>\nAstar: Astars\u0131z<br \/>\n\u00dcr\u00fcn Boyu: 105 cm<br \/>\nKal\u0131p Tipi: Normal Kal\u0131p<br \/>\nManken \u00d6l\u00e7\u00fcleri:<br \/>\nBoy: 175 cm<br \/>\nG\u00f6\u011f\u00fcs: 85 cm<br \/>\nBel: 60 cm<br \/>\nBasen: 90 cm<br \/>\nMankenin Giydi\u011fi Beden: 38<\/p>\n<p>\u2014 Technical Details \u2014<br \/>\nsize_chart: {&#8216;unit&#8217;: &#8216;cm&#8217;, &#8216;measurements&#8217;: {&#8217;38&#8217;: {&#8216;omuz&#8217;: 40, &#8216;g\u00f6\u011f\u00fcs&#8217;: 104, &#8216;bel&#8217;: 84, &#8216;boy&#8217;: 53, &#8216;kol_boyu&#8217;: 62}, &#8217;40&#8217;: {&#8216;omuz&#8217;: 41, &#8216;g\u00f6\u011f\u00fcs&#8217;: 108, &#8216;bel&#8217;: 88, &#8216;boy&#8217;: 53.5, &#8216;kol_boyu&#8217;: 62.5}, &#8217;42&#8217;: {&#8216;omuz&#8217;: 42, &#8216;g\u00f6\u011f\u00fcs&#8217;: 112, &#8216;bel&#8217;: 92, &#8216;boy&#8217;: 54, &#8216;kol_boyu&#8217;: 63}, &#8217;44&#8217;: {&#8216;omuz&#8217;: 43, &#8216;g\u00f6\u011f\u00fcs&#8217;: 116, &#8216;bel&#8217;: 96, &#8216;boy&#8217;: 54, &#8216;kol_boyu&#8217;: 63.5}}}<\/p>\n","protected":false},"excerpt":{"rendered":"<p>\u00d6nden Pilika\u015feli Tak\u0131m, klasik tak\u0131m elbise anlay\u0131\u015f\u0131na derinlik ve hacim katarak stilinizi bir ad\u0131m \u00f6teye ta\u015f\u0131yor. \u00dcST Kuma\u015f \u0130\u00e7eri\u011fi: %85 Rayon, %15 Naylon Desen: D\u00fcz Yaka Tipi: G\u00f6mlek Yaka Kol Tipi: Uzun Kol Cep: S\u00fcs Cep Astar: Astars\u0131z \u00dcr\u00fcn Boyu: 53 cm Kal\u0131p Tipi: Normal Kal\u0131p ALT Kuma\u015f \u0130\u00e7eri\u011fi: %85 Rayon, %15 Naylon Desen: D\u00fcz [&hellip;]<\/p>\n","protected":false},"featured_media":180876,"comment_status":"open","ping_status":"closed","template":"","meta":[],"product_brand":[],"product_cat":[1900],"product_tag":[6908,7959],"class_list":{"0":"post-180899","1":"product","2":"type-product","3":"status-publish","4":"has-post-thumbnail","6":"product_cat-koordinatlar-setler","7":"product_tag-kadin-takim","8":"product_tag-resmi-giyim","9":"pa_color-ekru","10":"pa_size-4706","11":"pa_size-4711","12":"pa_size-4713","13":"pa_size-4751","15":"first","16":"instock","17":"sale","18":"shipping-taxable","19":"purchasable","20":"product-type-variable"},"_links":{"self":[{"href":"https:\/\/mod.wisdar.net\/tr\/wp-json\/wp\/v2\/product\/180899","targetHints":{"allow":["GET"]}}],"collection":[{"href":"https:\/\/mod.wisdar.net\/tr\/wp-json\/wp\/v2\/product"}],"about":[{"href":"https:\/\/mod.wisdar.net\/tr\/wp-json\/wp\/v2\/types\/product"}],"replies":[{"embeddable":true,"href":"https:\/\/mod.wisdar.net\/tr\/wp-json\/wp\/v2\/comments?post=180899"}],"wp:featuredmedia":[{"embeddable":true,"href":"https:\/\/mod.wisdar.net\/tr\/wp-json\/wp\/v2\/media\/180876"}],"wp:attachment":[{"href":"https:\/\/mod.wisdar.net\/tr\/wp-json\/wp\/v2\/media?parent=180899"}],"wp:term":[{"taxonomy":"product_brand","embeddable":true,"href":"https:\/\/mod.wisdar.net\/tr\/wp-json\/wp\/v2\/product_brand?post=180899"},{"taxonomy":"product_cat","embeddable":true,"href":"https:\/\/mod.wisdar.net\/tr\/wp-json\/wp\/v2\/product_cat?post=180899"},{"taxonomy":"product_tag","embeddable":true,"href":"https:\/\/mod.wisdar.net\/tr\/wp-json\/wp\/v2\/product_tag?post=180899"}],"curies":[{"name":"wp","href":"https:\/\/api.w.org\/{rel}","templated":true}]}}