{"id":180948,"date":"2026-03-26T11:44:27","date_gmt":"2026-03-26T11:44:27","guid":{"rendered":"https:\/\/modesthanim.com\/product\/kemerli-yandan-fermuarli-pantolon-siyah\/"},"modified":"2026-03-26T12:38:07","modified_gmt":"2026-03-26T12:38:07","slug":"kemerli-yandan-fermuarli-pantolon-siyah","status":"publish","type":"product","link":"https:\/\/mod.wisdar.net\/tr\/urun\/kemerli-yandan-fermuarli-pantolon-siyah\/","title":{"rendered":"Kemerli Yandan Fermuarl\u0131 Pantolon \u2013 Siyah"},"content":{"rendered":"<p>Dengeli kesimi ve fonksiyonel detaylar\u0131yla \u00f6ne \u00e7\u0131kan Kemerli Yandan Fermuarl\u0131 Pantolon, sofistike ve rafine kombinler i\u00e7in se\u00e7kin bir tercihtir.<br \/>\nKuma\u015f \u0130\u00e7eri\u011fi: %65 Polyester, %32 Viskon, %3 Elastan<br \/>\nDesen: D\u00fcz<br \/>\nBel Tipi: Normal Bel<br \/>\nBel Formu: Fermuar Kapama<br \/>\nPa\u00e7a Tipi: Boru Pa\u00e7a<br \/>\nCep: Yan Cep<br \/>\nAstar: Astars\u0131z<br \/>\n\u00dcr\u00fcn Boyu 108 cm<br \/>\nKal\u0131p Tipi: Normal Kal\u0131p<br \/>\nManken \u00d6l\u00e7\u00fcleri:Boy: 174 cmG\u00f6\u011f\u00fcs: 85 cmBel: 59 cmBasen: 90 cm<br \/>\nMankenin Giydi\u011fi Beden: 38<\/p>\n","protected":false},"excerpt":{"rendered":"<p>Dengeli kesimi ve fonksiyonel detaylar\u0131yla \u00f6ne \u00e7\u0131kan Kemerli Yandan Fermuarl\u0131 Pantolon, sofistike ve rafine kombinler i\u00e7in se\u00e7kin bir tercihtir. Kuma\u015f \u0130\u00e7eri\u011fi: %65 Polyester, %32 Viskon, %3 Elastan Desen: D\u00fcz Bel Tipi: Normal Bel Bel Formu: Fermuar Kapama Pa\u00e7a Tipi: Boru Pa\u00e7a Cep: Yan Cep Astar: Astars\u0131z \u00dcr\u00fcn Boyu 108 cm Kal\u0131p Tipi: Normal Kal\u0131p Manken [&hellip;]<\/p>\n","protected":false},"featured_media":180938,"comment_status":"open","ping_status":"closed","template":"","meta":[],"product_brand":[],"product_cat":[1882],"product_tag":[],"class_list":{"0":"post-180948","1":"product","2":"type-product","3":"status-publish","4":"has-post-thumbnail","6":"product_cat-alt-giyim","7":"pa_color-siyah","8":"pa_size-4706","9":"pa_size-4711","10":"pa_size-4713","11":"pa_size-4751","13":"first","14":"instock","15":"sale","16":"shipping-taxable","17":"purchasable","18":"product-type-variable"},"_links":{"self":[{"href":"https:\/\/mod.wisdar.net\/tr\/wp-json\/wp\/v2\/product\/180948","targetHints":{"allow":["GET"]}}],"collection":[{"href":"https:\/\/mod.wisdar.net\/tr\/wp-json\/wp\/v2\/product"}],"about":[{"href":"https:\/\/mod.wisdar.net\/tr\/wp-json\/wp\/v2\/types\/product"}],"replies":[{"embeddable":true,"href":"https:\/\/mod.wisdar.net\/tr\/wp-json\/wp\/v2\/comments?post=180948"}],"wp:featuredmedia":[{"embeddable":true,"href":"https:\/\/mod.wisdar.net\/tr\/wp-json\/wp\/v2\/media\/180938"}],"wp:attachment":[{"href":"https:\/\/mod.wisdar.net\/tr\/wp-json\/wp\/v2\/media?parent=180948"}],"wp:term":[{"taxonomy":"product_brand","embeddable":true,"href":"https:\/\/mod.wisdar.net\/tr\/wp-json\/wp\/v2\/product_brand?post=180948"},{"taxonomy":"product_cat","embeddable":true,"href":"https:\/\/mod.wisdar.net\/tr\/wp-json\/wp\/v2\/product_cat?post=180948"},{"taxonomy":"product_tag","embeddable":true,"href":"https:\/\/mod.wisdar.net\/tr\/wp-json\/wp\/v2\/product_tag?post=180948"}],"curies":[{"name":"wp","href":"https:\/\/api.w.org\/{rel}","templated":true}]}}