{"id":181140,"date":"2026-03-26T11:56:03","date_gmt":"2026-03-26T11:56:03","guid":{"rendered":"https:\/\/modesthanim.com\/product\/mini-geometrik-desenli-etek-mor\/"},"modified":"2026-03-26T12:42:05","modified_gmt":"2026-03-26T12:42:05","slug":"mini-geometrik-desenli-etek-mor","status":"publish","type":"product","link":"https:\/\/mod.wisdar.net\/tr\/urun\/mini-geometrik-desenli-etek-mor\/","title":{"rendered":"Mini Geometrik Desenli Etek \u2013 Mor"},"content":{"rendered":"<p>Mini geometrik desenin modern ritmiyle tasarlanan bu etek, net silueti ve dinamik yap\u0131s\u0131yla stilinize g\u00fc\u00e7l\u00fc bir karakter kazand\u0131r\u0131r.<br \/>\nKuma\u015f \u0130\u00e7eri\u011fi: %59 Viskon, %41 rayon<br \/>\nDesen: Mini Geometrik Desen<br \/>\nBel Tipi: Y\u00fcksek Bel<br \/>\nEtek Tipi: A-Line Etek<br \/>\nCep: Cepsiz<br \/>\nAstar: Astarl\u0131<br \/>\n\u00dcr\u00fcn Boyu: 95 cm<br \/>\nKal\u0131p Tipi: Normal Kal\u0131p<br \/>\nManken \u00d6l\u00e7\u00fcleri: Boy: 175 cm, G\u00f6\u011f\u00fcs: 85 cm, Bel: 60 cm, Basen: 90 cm<br \/>\nMankenin Giydi\u011fi Beden: 38<\/p>\n","protected":false},"excerpt":{"rendered":"<p>Mini geometrik desenin modern ritmiyle tasarlanan bu etek, net silueti ve dinamik yap\u0131s\u0131yla stilinize g\u00fc\u00e7l\u00fc bir karakter kazand\u0131r\u0131r. Kuma\u015f \u0130\u00e7eri\u011fi: %59 Viskon, %41 rayon Desen: Mini Geometrik Desen Bel Tipi: Y\u00fcksek Bel Etek Tipi: A-Line Etek Cep: Cepsiz Astar: Astarl\u0131 \u00dcr\u00fcn Boyu: 95 cm Kal\u0131p Tipi: Normal Kal\u0131p Manken \u00d6l\u00e7\u00fcleri: Boy: 175 cm, G\u00f6\u011f\u00fcs: 85 [&hellip;]<\/p>\n","protected":false},"featured_media":181135,"comment_status":"open","ping_status":"closed","template":"","meta":[],"product_brand":[],"product_cat":[1969],"product_tag":[],"class_list":{"0":"post-181140","1":"product","2":"type-product","3":"status-publish","4":"has-post-thumbnail","6":"product_cat-etekler","7":"pa_color-mor","8":"pa_size-4706","9":"pa_size-4711","10":"pa_size-4713","11":"pa_size-4751","12":"pa_size-4749","13":"pa_size-4747","15":"first","16":"instock","17":"sale","18":"shipping-taxable","19":"purchasable","20":"product-type-variable"},"_links":{"self":[{"href":"https:\/\/mod.wisdar.net\/tr\/wp-json\/wp\/v2\/product\/181140","targetHints":{"allow":["GET"]}}],"collection":[{"href":"https:\/\/mod.wisdar.net\/tr\/wp-json\/wp\/v2\/product"}],"about":[{"href":"https:\/\/mod.wisdar.net\/tr\/wp-json\/wp\/v2\/types\/product"}],"replies":[{"embeddable":true,"href":"https:\/\/mod.wisdar.net\/tr\/wp-json\/wp\/v2\/comments?post=181140"}],"wp:featuredmedia":[{"embeddable":true,"href":"https:\/\/mod.wisdar.net\/tr\/wp-json\/wp\/v2\/media\/181135"}],"wp:attachment":[{"href":"https:\/\/mod.wisdar.net\/tr\/wp-json\/wp\/v2\/media?parent=181140"}],"wp:term":[{"taxonomy":"product_brand","embeddable":true,"href":"https:\/\/mod.wisdar.net\/tr\/wp-json\/wp\/v2\/product_brand?post=181140"},{"taxonomy":"product_cat","embeddable":true,"href":"https:\/\/mod.wisdar.net\/tr\/wp-json\/wp\/v2\/product_cat?post=181140"},{"taxonomy":"product_tag","embeddable":true,"href":"https:\/\/mod.wisdar.net\/tr\/wp-json\/wp\/v2\/product_tag?post=181140"}],"curies":[{"name":"wp","href":"https:\/\/api.w.org\/{rel}","templated":true}]}}