{"id":18117,"date":"2025-11-02T13:34:13","date_gmt":"2025-11-02T13:34:13","guid":{"rendered":"https:\/\/modesthanim.com\/product\/ftz-kadin-indigo-cupra-pantolon-takimi-31059\/"},"modified":"2026-04-03T18:21:54","modified_gmt":"2026-04-03T18:21:54","slug":"ftz-kadin-indigo-cupra-pantolon-takimi-31059","status":"publish","type":"product","link":"https:\/\/mod.wisdar.net\/tr\/urun\/ftz-kadin-indigo-cupra-pantolon-takimi-31059\/","title":{"rendered":"FTZ Kad\u0131n \u0130ndigo Cupra Pantolon Tak\u0131m\u0131 31059"},"content":{"rendered":"<p>Kuma\u015f: %30 Viskon %20 Pamuk %50 Akrilik<br \/>\nKol Uzunlu\u011fu: 46 cm<br \/>\nYaka Tipi: G\u00f6mlek Yakas\u0131<br \/>\nDesen: D\u00fcz<br \/>\nKal\u0131p: Rahat Kesim<br \/>\nModel \u00d6l\u00e7\u00fcleri<br \/>\nBeden: 36 Boy: 1.80 cm G\u00f6\u011f\u00fcs: 82 cm Bel: 60 cm Kal\u00e7a: 91 cm<br \/>\n\u00dcr\u00fcn \u00d6l\u00e7\u00fcleri<br \/>\nUzunluk: 78 cm G\u00f6\u011f\u00fcs: 53 cm Bel: 33 cm Kal\u00e7a: 46 cm<br \/>\nY\u0131kama Talimatlar\u0131:<br \/>\nSo\u011fuk Makinede Y\u0131kay\u0131n (30C veya 65F ile 85F)<br \/>\nKurutma Makinesinde Kurutmay\u0131n<br \/>\nKuru Temizleme, Trichloroethylene ile Hafif \u00c7\u00f6z\u00fcc\u00fc Kullan\u0131n<br \/>\nD\u00fc\u015f\u00fck S\u0131cakl\u0131kta \u00dct\u00fcleyin<br \/>\n\u00c7ama\u015f\u0131r Suyu Kullanmay\u0131n<\/p>\n<p>\u2014 Teknik Detaylar \u2014<br \/>\nKuma\u015f Tipi: CAPELLA KUMA\u015e<br \/>\nKal\u0131p: D\u00fczenli<br \/>\nKal\u0131p \u00d6zellikleri: D\u00fczenli<br \/>\nUzunluk: 78<br \/>\nDesen: D\u00fcz<br \/>\nAstar Durumu: Astars\u0131z<br \/>\nBel: 33<br \/>\nCepler: Var<br \/>\nKal\u0131nl\u0131k: \u0130nce<br \/>\nKemer Ge\u00e7irme Durumu: Kemersiz<br \/>\nKol Uzunlu\u011fu: 46<br \/>\nKol Tipi: Standart<br \/>\nMalzeme: Viskon Kar\u0131\u015f\u0131m\u0131<br \/>\nPar\u00e7a Say\u0131s\u0131: 2<br \/>\nBeden Aral\u0131\u011f\u0131: 38\/44<\/p>\n","protected":false},"excerpt":{"rendered":"<p>Kuma\u015f: %30 Viskon %20 Pamuk %50 Akrilik Kol Uzunlu\u011fu: 46 cm Yaka Tipi: G\u00f6mlek Yakas\u0131 Desen: D\u00fcz Kal\u0131p: Rahat Kesim Model \u00d6l\u00e7\u00fcleri Beden: 36 Boy: 1.80 cm G\u00f6\u011f\u00fcs: 82 cm Bel: 60 cm Kal\u00e7a: 91 cm \u00dcr\u00fcn \u00d6l\u00e7\u00fcleri Uzunluk: 78 cm G\u00f6\u011f\u00fcs: 53 cm Bel: 33 cm Kal\u00e7a: 46 cm Y\u0131kama Talimatlar\u0131: So\u011fuk Makinede Y\u0131kay\u0131n [&hellip;]<\/p>\n","protected":false},"featured_media":0,"comment_status":"open","ping_status":"closed","template":"","meta":[],"product_brand":[],"product_cat":[],"product_tag":[],"class_list":{"0":"post-18117","1":"product","2":"type-product","3":"status-publish","6":"first","7":"instock","8":"sale","9":"shipping-taxable","10":"purchasable","11":"product-type-variable"},"_links":{"self":[{"href":"https:\/\/mod.wisdar.net\/tr\/wp-json\/wp\/v2\/product\/18117","targetHints":{"allow":["GET"]}}],"collection":[{"href":"https:\/\/mod.wisdar.net\/tr\/wp-json\/wp\/v2\/product"}],"about":[{"href":"https:\/\/mod.wisdar.net\/tr\/wp-json\/wp\/v2\/types\/product"}],"replies":[{"embeddable":true,"href":"https:\/\/mod.wisdar.net\/tr\/wp-json\/wp\/v2\/comments?post=18117"}],"wp:attachment":[{"href":"https:\/\/mod.wisdar.net\/tr\/wp-json\/wp\/v2\/media?parent=18117"}],"wp:term":[{"taxonomy":"product_brand","embeddable":true,"href":"https:\/\/mod.wisdar.net\/tr\/wp-json\/wp\/v2\/product_brand?post=18117"},{"taxonomy":"product_cat","embeddable":true,"href":"https:\/\/mod.wisdar.net\/tr\/wp-json\/wp\/v2\/product_cat?post=18117"},{"taxonomy":"product_tag","embeddable":true,"href":"https:\/\/mod.wisdar.net\/tr\/wp-json\/wp\/v2\/product_tag?post=18117"}],"curies":[{"name":"wp","href":"https:\/\/api.w.org\/{rel}","templated":true}]}}