{"id":181192,"date":"2026-03-26T11:58:29","date_gmt":"2026-03-26T11:58:29","guid":{"rendered":"https:\/\/modesthanim.com\/product\/etek-ucu-firfirli-elbise-olive\/"},"modified":"2026-03-26T12:43:50","modified_gmt":"2026-03-26T12:43:50","slug":"etek-ucu-firfirli-elbise-olive","status":"publish","type":"product","link":"https:\/\/mod.wisdar.net\/tr\/urun\/etek-ucu-firfirli-elbise-olive\/","title":{"rendered":"Etek Ucu F\u0131rf\u0131rl\u0131 Elbise \u2013 Olive"},"content":{"rendered":"<p>Modern kesimini romantik bir dokunu\u015fla tamamlayan Etek Ucu F\u0131rf\u0131rl\u0131 Elbise, sofistike ve dikkat \u00e7ekici kombinler i\u00e7in se\u00e7kin bir tercihtir.<br \/>\nKuma\u015f \u0130\u00e7eri\u011fi: %59 Viskon, %41 Rayon<br \/>\nDesen: Mini Geometrik Desen<br \/>\nYaka Tipi: S\u0131f\u0131r Yaka<br \/>\nKol Tipi: Uzun Kol<br \/>\nCep: Cepsiz<br \/>\nAstar: Astars\u0131z<br \/>\n\u00dcr\u00fcn Boyu: 140 cm<br \/>\nKal\u0131p Tipi: Normal Kal\u0131p<br \/>\nManken \u00d6l\u00e7\u00fcleri:Boy: 175 cmG\u00f6\u011f\u00fcs: 85 cmBel: 60 cmBasen: 90 cm<br \/>\nMankenin Giydi\u011fi Beden: 38<\/p>\n<p>\u2014 Technical Details \u2014<br \/>\nDesen: Mini Geometrik Desen<br \/>\nYaka Tipi: S\u0131f\u0131r Yaka<br \/>\nKol Tipi: Uzun Kol<br \/>\nCep: Cepsiz<br \/>\nAstar: Astars\u0131z<br \/>\n\u00dcr\u00fcn Boyu: 140 cm<br \/>\nKal\u0131p Tipi: Normal Kal\u0131p<br \/>\nManken \u00d6l\u00e7\u00fcleri: Boy: 175 cm, G\u00f6\u011f\u00fcs: 85 cm, Bel: 60 cm, Basen: 90 cm<br \/>\nMankenin Giydi\u011fi Beden: 38<br \/>\nSize Chart: {&#8217;38&#8217;: {&#8216;OMUZ&#8217;: &#8217;39&#8217;, &#8216;G\u00d6\u011e\u00dcS&#8217;: &#8216;102&#8217;, &#8216;BOY&#8217;: &#8216;140&#8217;, &#8216;KOL BOYU&#8217;: &#8217;61&#8217;}, &#8217;40&#8217;: {&#8216;OMUZ&#8217;: &#8217;40&#8217;, &#8216;G\u00d6\u011e\u00dcS&#8217;: &#8216;106&#8217;, &#8216;BOY&#8217;: &#8216;140.5&#8217;, &#8216;KOL BOYU&#8217;: &#8216;61.5&#8217;}, &#8217;42&#8217;: {&#8216;OMUZ&#8217;: &#8217;41&#8217;, &#8216;G\u00d6\u011e\u00dcS&#8217;: &#8216;110&#8217;, &#8216;BOY&#8217;: &#8216;141&#8217;, &#8216;KOL BOYU&#8217;: &#8217;62&#8217;}, &#8217;44&#8217;: {&#8216;OMUZ&#8217;: &#8217;42&#8217;, &#8216;G\u00d6\u011e\u00dcS&#8217;: &#8216;114&#8217;, &#8216;BOY&#8217;: &#8216;141.5&#8217;, &#8216;KOL BOYU&#8217;: &#8216;62.5&#8217;}, &#8217;46&#8217;: {&#8216;OMUZ&#8217;: &#8217;43&#8217;, &#8216;G\u00d6\u011e\u00dcS&#8217;: &#8216;120&#8217;, &#8216;BOY&#8217;: &#8216;142&#8217;, &#8216;KOL BOYU&#8217;: &#8217;63&#8217;}, &#8217;48&#8217;: {&#8216;OMUZ&#8217;: &#8217;44&#8217;, &#8216;G\u00d6\u011e\u00dcS&#8217;: &#8216;124&#8217;, &#8216;BOY&#8217;: &#8216;142.5&#8217;, &#8216;KOL BOYU&#8217;: &#8216;63.5&#8217;}}<\/p>\n","protected":false},"excerpt":{"rendered":"<p>Modern kesimini romantik bir dokunu\u015fla tamamlayan Etek Ucu F\u0131rf\u0131rl\u0131 Elbise, sofistike ve dikkat \u00e7ekici kombinler i\u00e7in se\u00e7kin bir tercihtir. Kuma\u015f \u0130\u00e7eri\u011fi: %59 Viskon, %41 Rayon Desen: Mini Geometrik Desen Yaka Tipi: S\u0131f\u0131r Yaka Kol Tipi: Uzun Kol Cep: Cepsiz Astar: Astars\u0131z \u00dcr\u00fcn Boyu: 140 cm Kal\u0131p Tipi: Normal Kal\u0131p Manken \u00d6l\u00e7\u00fcleri:Boy: 175 cmG\u00f6\u011f\u00fcs: 85 cmBel: [&hellip;]<\/p>\n","protected":false},"featured_media":181182,"comment_status":"open","ping_status":"closed","template":"","meta":[],"product_brand":[],"product_cat":[6249,1933],"product_tag":[6775,6748,6774],"class_list":{"0":"post-181192","1":"product","2":"type-product","3":"status-publish","4":"has-post-thumbnail","6":"product_cat-elbiseler","7":"product_cat-gunluk-ve-gunduz-elbiseleri","8":"product_tag-haki-elbise","9":"product_tag-uzun-kollu-elbise","10":"product_tag-viskon-elbise","11":"pa_color-olive","12":"pa_size-4706","13":"pa_size-4711","14":"pa_size-4713","15":"pa_size-4751","16":"pa_size-4749","17":"pa_size-4747","19":"first","20":"instock","21":"sale","22":"shipping-taxable","23":"purchasable","24":"product-type-variable"},"_links":{"self":[{"href":"https:\/\/mod.wisdar.net\/tr\/wp-json\/wp\/v2\/product\/181192","targetHints":{"allow":["GET"]}}],"collection":[{"href":"https:\/\/mod.wisdar.net\/tr\/wp-json\/wp\/v2\/product"}],"about":[{"href":"https:\/\/mod.wisdar.net\/tr\/wp-json\/wp\/v2\/types\/product"}],"replies":[{"embeddable":true,"href":"https:\/\/mod.wisdar.net\/tr\/wp-json\/wp\/v2\/comments?post=181192"}],"wp:featuredmedia":[{"embeddable":true,"href":"https:\/\/mod.wisdar.net\/tr\/wp-json\/wp\/v2\/media\/181182"}],"wp:attachment":[{"href":"https:\/\/mod.wisdar.net\/tr\/wp-json\/wp\/v2\/media?parent=181192"}],"wp:term":[{"taxonomy":"product_brand","embeddable":true,"href":"https:\/\/mod.wisdar.net\/tr\/wp-json\/wp\/v2\/product_brand?post=181192"},{"taxonomy":"product_cat","embeddable":true,"href":"https:\/\/mod.wisdar.net\/tr\/wp-json\/wp\/v2\/product_cat?post=181192"},{"taxonomy":"product_tag","embeddable":true,"href":"https:\/\/mod.wisdar.net\/tr\/wp-json\/wp\/v2\/product_tag?post=181192"}],"curies":[{"name":"wp","href":"https:\/\/api.w.org\/{rel}","templated":true}]}}