{"id":181224,"date":"2026-03-26T12:00:20","date_gmt":"2026-03-26T12:00:20","guid":{"rendered":"https:\/\/modesthanim.com\/product\/metal-aksesuarli-canta-siyah\/"},"modified":"2026-03-26T12:45:38","modified_gmt":"2026-03-26T12:45:38","slug":"metal-aksesuarli-canta-siyah","status":"publish","type":"product","link":"https:\/\/mod.wisdar.net\/tr\/urun\/metal-aksesuarli-canta-siyah\/","title":{"rendered":"Metal Aksesuarl\u0131 \u00c7anta \u2013 Siyah"},"content":{"rendered":"<p>Zamans\u0131z tasar\u0131m\u0131 sayesinde farkl\u0131 kombinlerle kolayca uyum sa\u011flayarak pratik ve zarif bir g\u00f6r\u00fcn\u00fcm sunar.<br \/>\nMateryal: Suni Deri<br \/>\nDesen: D\u00fcz<br \/>\n\u00d6l\u00e7\u00fcler:<br \/>\nAstar:<br \/>\nD\u0131\u015f Detaylar: Bir B\u00f6lme, Kilit Kapama<\/p>\n","protected":false},"excerpt":{"rendered":"<p>Zamans\u0131z tasar\u0131m\u0131 sayesinde farkl\u0131 kombinlerle kolayca uyum sa\u011flayarak pratik ve zarif bir g\u00f6r\u00fcn\u00fcm sunar. Materyal: Suni Deri Desen: D\u00fcz \u00d6l\u00e7\u00fcler: Astar: D\u0131\u015f Detaylar: Bir B\u00f6lme, Kilit Kapama<\/p>\n","protected":false},"featured_media":181223,"comment_status":"open","ping_status":"closed","template":"","meta":[],"product_brand":[],"product_cat":[6960,6957],"product_tag":[7075,5012,7001,7074,7100],"class_list":{"0":"post-181224","1":"product","2":"type-product","3":"status-publish","4":"has-post-thumbnail","6":"product_cat-cantalar","7":"product_cat-cantalar-el-cantalari","8":"product_tag-canta","9":"product_tag-elegant","10":"product_tag-metal-detaylar","11":"product_tag-siyah","12":"product_tag-suni-deri-2","13":"pa_color-siyah","14":"pa_size-std","16":"first","17":"instock","18":"sale","19":"shipping-taxable","20":"purchasable","21":"product-type-variable"},"_links":{"self":[{"href":"https:\/\/mod.wisdar.net\/tr\/wp-json\/wp\/v2\/product\/181224","targetHints":{"allow":["GET"]}}],"collection":[{"href":"https:\/\/mod.wisdar.net\/tr\/wp-json\/wp\/v2\/product"}],"about":[{"href":"https:\/\/mod.wisdar.net\/tr\/wp-json\/wp\/v2\/types\/product"}],"replies":[{"embeddable":true,"href":"https:\/\/mod.wisdar.net\/tr\/wp-json\/wp\/v2\/comments?post=181224"}],"wp:featuredmedia":[{"embeddable":true,"href":"https:\/\/mod.wisdar.net\/tr\/wp-json\/wp\/v2\/media\/181223"}],"wp:attachment":[{"href":"https:\/\/mod.wisdar.net\/tr\/wp-json\/wp\/v2\/media?parent=181224"}],"wp:term":[{"taxonomy":"product_brand","embeddable":true,"href":"https:\/\/mod.wisdar.net\/tr\/wp-json\/wp\/v2\/product_brand?post=181224"},{"taxonomy":"product_cat","embeddable":true,"href":"https:\/\/mod.wisdar.net\/tr\/wp-json\/wp\/v2\/product_cat?post=181224"},{"taxonomy":"product_tag","embeddable":true,"href":"https:\/\/mod.wisdar.net\/tr\/wp-json\/wp\/v2\/product_tag?post=181224"}],"curies":[{"name":"wp","href":"https:\/\/api.w.org\/{rel}","templated":true}]}}