{"id":181275,"date":"2026-03-26T12:03:19","date_gmt":"2026-03-26T12:03:19","guid":{"rendered":"https:\/\/modesthanim.com\/product\/spor-dikisli-denim-pantolon-mavi\/"},"modified":"2026-03-26T12:46:16","modified_gmt":"2026-03-26T12:46:16","slug":"spor-dikisli-denim-pantolon-mavi","status":"publish","type":"product","link":"https:\/\/mod.wisdar.net\/tr\/urun\/spor-dikisli-denim-pantolon-mavi\/","title":{"rendered":"Spor Diki\u015fli Denim Pantolon \u2013 Mavi"},"content":{"rendered":"<p>Zamans\u0131z denim dokusunu belirgin diki\u015f vurgular\u0131yla zenginle\u015ftiren Spor Diki\u015fli Denim Pantolon, rafine ve iddial\u0131 kombinler i\u00e7in se\u00e7kin bir tercihtir.<br \/>\nKuma\u015f \u0130\u00e7eri\u011fi: %80 Pamuklu, %20 Geri D\u00f6n\u00fc\u015ft\u00fcr\u00fclm\u00fc\u015f Pamuk<br \/>\nDesen: D\u00fcz<br \/>\nBel Tipi: Normal Bel<br \/>\nBel Formu: D\u00fc\u011fme Kapamal\u0131<br \/>\nPa\u00e7a Tipi: Boru Pa\u00e7a<br \/>\nCep: Be\u015f Cep<br \/>\nAstar: Astars\u0131z<br \/>\n\u00dcr\u00fcn Boyu: 100 cm<br \/>\nKal\u0131p Tipi: Normal Kal\u0131p<br \/>\nManken \u00d6l\u00e7\u00fcleri:Boy: 174 cmG\u00f6\u011f\u00fcs: 85 cmBel: 59 cmBasen: 90 cm<br \/>\nMankenin Giydi\u011fi Beden: 36<\/p>\n","protected":false},"excerpt":{"rendered":"<p>Zamans\u0131z denim dokusunu belirgin diki\u015f vurgular\u0131yla zenginle\u015ftiren Spor Diki\u015fli Denim Pantolon, rafine ve iddial\u0131 kombinler i\u00e7in se\u00e7kin bir tercihtir. Kuma\u015f \u0130\u00e7eri\u011fi: %80 Pamuklu, %20 Geri D\u00f6n\u00fc\u015ft\u00fcr\u00fclm\u00fc\u015f Pamuk Desen: D\u00fcz Bel Tipi: Normal Bel Bel Formu: D\u00fc\u011fme Kapamal\u0131 Pa\u00e7a Tipi: Boru Pa\u00e7a Cep: Be\u015f Cep Astar: Astars\u0131z \u00dcr\u00fcn Boyu: 100 cm Kal\u0131p Tipi: Normal Kal\u0131p Manken [&hellip;]<\/p>\n","protected":false},"featured_media":181265,"comment_status":"open","ping_status":"closed","template":"","meta":[],"product_brand":[],"product_cat":[1882],"product_tag":[],"class_list":{"0":"post-181275","1":"product","2":"type-product","3":"status-publish","4":"has-post-thumbnail","6":"product_cat-alt-giyim","7":"pa_color-mavi","8":"pa_size-4701","9":"pa_size-4706","10":"pa_size-4711","11":"pa_size-4713","12":"pa_size-4751","14":"first","15":"instock","16":"sale","17":"shipping-taxable","18":"purchasable","19":"product-type-variable"},"_links":{"self":[{"href":"https:\/\/mod.wisdar.net\/tr\/wp-json\/wp\/v2\/product\/181275","targetHints":{"allow":["GET"]}}],"collection":[{"href":"https:\/\/mod.wisdar.net\/tr\/wp-json\/wp\/v2\/product"}],"about":[{"href":"https:\/\/mod.wisdar.net\/tr\/wp-json\/wp\/v2\/types\/product"}],"replies":[{"embeddable":true,"href":"https:\/\/mod.wisdar.net\/tr\/wp-json\/wp\/v2\/comments?post=181275"}],"wp:featuredmedia":[{"embeddable":true,"href":"https:\/\/mod.wisdar.net\/tr\/wp-json\/wp\/v2\/media\/181265"}],"wp:attachment":[{"href":"https:\/\/mod.wisdar.net\/tr\/wp-json\/wp\/v2\/media?parent=181275"}],"wp:term":[{"taxonomy":"product_brand","embeddable":true,"href":"https:\/\/mod.wisdar.net\/tr\/wp-json\/wp\/v2\/product_brand?post=181275"},{"taxonomy":"product_cat","embeddable":true,"href":"https:\/\/mod.wisdar.net\/tr\/wp-json\/wp\/v2\/product_cat?post=181275"},{"taxonomy":"product_tag","embeddable":true,"href":"https:\/\/mod.wisdar.net\/tr\/wp-json\/wp\/v2\/product_tag?post=181275"}],"curies":[{"name":"wp","href":"https:\/\/api.w.org\/{rel}","templated":true}]}}