{"id":181337,"date":"2026-03-26T12:07:54","date_gmt":"2026-03-26T12:07:54","guid":{"rendered":"https:\/\/modesthanim.com\/product\/cift-kulplu-deri-canta-beyaz\/"},"modified":"2026-03-26T12:46:33","modified_gmt":"2026-03-26T12:46:33","slug":"cift-kulplu-deri-canta-beyaz","status":"publish","type":"product","link":"https:\/\/mod.wisdar.net\/tr\/urun\/cift-kulplu-deri-canta-beyaz\/","title":{"rendered":"\u00c7ift Kulplu Deri \u00c7anta \u2013 Beyaz"},"content":{"rendered":"<p>\u00c7ift kulp detay\u0131yla hem \u015f\u0131k hem de konforlu bir kullan\u0131m sunan deri \u00e7anta modeli, g\u00fcnl\u00fck stilin vazge\u00e7ilmez par\u00e7alar\u0131ndan biridir.<br \/>\nMateryal: %100 Deri<br \/>\nDesen: D\u00fcz<br \/>\n\u00d6l\u00e7\u00fcler:<br \/>\nAstar:<br \/>\nD\u0131\u015f Detaylar: Bir B\u00f6lme, Fermuar Kapama, Ayarlanabilir Uzun Ask\u0131<\/p>\n","protected":false},"excerpt":{"rendered":"<p>\u00c7ift kulp detay\u0131yla hem \u015f\u0131k hem de konforlu bir kullan\u0131m sunan deri \u00e7anta modeli, g\u00fcnl\u00fck stilin vazge\u00e7ilmez par\u00e7alar\u0131ndan biridir. Materyal: %100 Deri Desen: D\u00fcz \u00d6l\u00e7\u00fcler: Astar: D\u0131\u015f Detaylar: Bir B\u00f6lme, Fermuar Kapama, Ayarlanabilir Uzun Ask\u0131<\/p>\n","protected":false},"featured_media":181334,"comment_status":"open","ping_status":"closed","template":"","meta":[],"product_brand":[],"product_cat":[6960,6957],"product_tag":[7285,7019,7016,6995],"class_list":{"0":"post-181337","1":"product","2":"type-product","3":"status-publish","4":"has-post-thumbnail","6":"product_cat-cantalar","7":"product_cat-cantalar-el-cantalari","8":"product_tag-deri-canta","9":"product_tag-gunluk-kullanim","10":"product_tag-kadin-cantasi","11":"product_tag-moda-aksesuari","12":"pa_color-beyaz","13":"pa_size-std","15":"first","16":"instock","17":"sale","18":"shipping-taxable","19":"purchasable","20":"product-type-variable"},"_links":{"self":[{"href":"https:\/\/mod.wisdar.net\/tr\/wp-json\/wp\/v2\/product\/181337","targetHints":{"allow":["GET"]}}],"collection":[{"href":"https:\/\/mod.wisdar.net\/tr\/wp-json\/wp\/v2\/product"}],"about":[{"href":"https:\/\/mod.wisdar.net\/tr\/wp-json\/wp\/v2\/types\/product"}],"replies":[{"embeddable":true,"href":"https:\/\/mod.wisdar.net\/tr\/wp-json\/wp\/v2\/comments?post=181337"}],"wp:featuredmedia":[{"embeddable":true,"href":"https:\/\/mod.wisdar.net\/tr\/wp-json\/wp\/v2\/media\/181334"}],"wp:attachment":[{"href":"https:\/\/mod.wisdar.net\/tr\/wp-json\/wp\/v2\/media?parent=181337"}],"wp:term":[{"taxonomy":"product_brand","embeddable":true,"href":"https:\/\/mod.wisdar.net\/tr\/wp-json\/wp\/v2\/product_brand?post=181337"},{"taxonomy":"product_cat","embeddable":true,"href":"https:\/\/mod.wisdar.net\/tr\/wp-json\/wp\/v2\/product_cat?post=181337"},{"taxonomy":"product_tag","embeddable":true,"href":"https:\/\/mod.wisdar.net\/tr\/wp-json\/wp\/v2\/product_tag?post=181337"}],"curies":[{"name":"wp","href":"https:\/\/api.w.org\/{rel}","templated":true}]}}