{"id":181341,"date":"2026-03-26T12:07:58","date_gmt":"2026-03-26T12:07:58","guid":{"rendered":"https:\/\/modesthanim.com\/product\/asimetrik-deri-canta-aci-kahve\/"},"modified":"2026-03-26T12:47:20","modified_gmt":"2026-03-26T12:47:20","slug":"asimetrik-deri-canta-aci-kahve","status":"publish","type":"product","link":"https:\/\/mod.wisdar.net\/tr\/urun\/asimetrik-deri-canta-aci-kahve\/","title":{"rendered":"Asimetrik Deri \u00c7anta \u2013 Ac\u0131 Kahve"},"content":{"rendered":"<p>Hakiki deriden \u00fcretilen bu \u00e7anta, sa\u011flam yap\u0131s\u0131yla uzun y\u0131llar kullan\u0131labilecek bir kalite sunar. Derinin do\u011fal dokusu zamana kar\u015f\u0131 dayan\u0131kl\u0131 oldu\u011fu kadar her kullan\u0131mla birlikte daha karakterli bir g\u00f6r\u00fcn\u00fcm kazan\u0131r.<br \/>\nMateryal: %100 Deri<br \/>\nDesen: D\u00fcz<br \/>\n\u00d6l\u00e7\u00fcler: 20 x 30 cm<br \/>\nAstar: Astars\u0131z<br \/>\nD\u0131\u015f Detaylar: Fermuar Kapama<br \/>\n\u0130\u00e7 Detaylar: Bir B\u00f6lme, Fermuars\u0131z i\u00e7 cep<\/p>\n<p>\u2014 Technical Details \u2014<br \/>\nMateryal: %100 Deri<br \/>\nDesen: D\u00fcz<br \/>\n\u00d6l\u00e7\u00fcler: 20 x 30 cm<br \/>\nAstar: Astars\u0131z<br \/>\nD\u0131\u015f Detaylar: Fermuar Kapama<br \/>\n\u0130\u00e7 Detaylar: Bir B\u00f6lme, Fermuars\u0131z i\u00e7 cep<\/p>\n","protected":false},"excerpt":{"rendered":"<p>Hakiki deriden \u00fcretilen bu \u00e7anta, sa\u011flam yap\u0131s\u0131yla uzun y\u0131llar kullan\u0131labilecek bir kalite sunar. Derinin do\u011fal dokusu zamana kar\u015f\u0131 dayan\u0131kl\u0131 oldu\u011fu kadar her kullan\u0131mla birlikte daha karakterli bir g\u00f6r\u00fcn\u00fcm kazan\u0131r. Materyal: %100 Deri Desen: D\u00fcz \u00d6l\u00e7\u00fcler: 20 x 30 cm Astar: Astars\u0131z D\u0131\u015f Detaylar: Fermuar Kapama \u0130\u00e7 Detaylar: Bir B\u00f6lme, Fermuars\u0131z i\u00e7 cep \u2014 Technical Details [&hellip;]<\/p>\n","protected":false},"featured_media":181336,"comment_status":"open","ping_status":"closed","template":"","meta":[],"product_brand":[],"product_cat":[6960,6957],"product_tag":[7250,7285,7227,6979,6995],"class_list":{"0":"post-181341","1":"product","2":"type-product","3":"status-publish","4":"has-post-thumbnail","6":"product_cat-cantalar","7":"product_cat-cantalar-el-cantalari","8":"product_tag-aci-kahve-rengi","9":"product_tag-deri-canta","10":"product_tag-hakiki-deri","11":"product_tag-kadin-el-cantasi","12":"product_tag-moda-aksesuari","13":"pa_color-aci-kahve-1","14":"pa_size-std","16":"first","17":"instock","18":"sale","19":"shipping-taxable","20":"purchasable","21":"product-type-variable"},"_links":{"self":[{"href":"https:\/\/mod.wisdar.net\/tr\/wp-json\/wp\/v2\/product\/181341","targetHints":{"allow":["GET"]}}],"collection":[{"href":"https:\/\/mod.wisdar.net\/tr\/wp-json\/wp\/v2\/product"}],"about":[{"href":"https:\/\/mod.wisdar.net\/tr\/wp-json\/wp\/v2\/types\/product"}],"replies":[{"embeddable":true,"href":"https:\/\/mod.wisdar.net\/tr\/wp-json\/wp\/v2\/comments?post=181341"}],"wp:featuredmedia":[{"embeddable":true,"href":"https:\/\/mod.wisdar.net\/tr\/wp-json\/wp\/v2\/media\/181336"}],"wp:attachment":[{"href":"https:\/\/mod.wisdar.net\/tr\/wp-json\/wp\/v2\/media?parent=181341"}],"wp:term":[{"taxonomy":"product_brand","embeddable":true,"href":"https:\/\/mod.wisdar.net\/tr\/wp-json\/wp\/v2\/product_brand?post=181341"},{"taxonomy":"product_cat","embeddable":true,"href":"https:\/\/mod.wisdar.net\/tr\/wp-json\/wp\/v2\/product_cat?post=181341"},{"taxonomy":"product_tag","embeddable":true,"href":"https:\/\/mod.wisdar.net\/tr\/wp-json\/wp\/v2\/product_tag?post=181341"}],"curies":[{"name":"wp","href":"https:\/\/api.w.org\/{rel}","templated":true}]}}