{"id":181369,"date":"2026-03-26T12:09:34","date_gmt":"2026-03-26T12:09:34","guid":{"rendered":"https:\/\/modesthanim.com\/product\/kova-canta-bej\/"},"modified":"2026-03-26T12:47:08","modified_gmt":"2026-03-26T12:47:08","slug":"kova-canta-bej","status":"publish","type":"product","link":"https:\/\/mod.wisdar.net\/tr\/urun\/kova-canta-bej\/","title":{"rendered":"Kova \u00c7anta \u2013 Bej"},"content":{"rendered":"<p>Modern tasar\u0131m\u0131 sayesinde farkl\u0131 kombinlere kolayca uyum sa\u011flayarak stilinize zarif bir dokunu\u015f katar.<br \/>\nMateryal: Suni Deri<br \/>\nDesen: D\u00fcz<br \/>\n\u00d6l\u00e7\u00fcler: 15 x 20 cm<br \/>\nAstar: Astars\u0131z<br \/>\n\u0130\u00e7 Detaylar: \u0130ki b\u00f6lme, Bir fermuarl\u0131 astarl\u0131 b\u00f6lme<br \/>\nD\u0131\u015f Detaylar: Bir b\u00f6lme, \u00c7\u0131t\u00e7\u0131t kapama<\/p>\n<p>\u2014 Teknik Detaylar \u2014<br \/>\nDesen: D\u00fcz<br \/>\n\u00d6l\u00e7\u00fcler: 15 x 20 cm<br \/>\nAstar: Astars\u0131z<br \/>\n\u0130\u00e7 Detaylar: \u0130ki b\u00f6lme, Bir fermuarl\u0131 astarl\u0131 b\u00f6lme<br \/>\nD\u0131\u015f Detaylar: Bir b\u00f6lme, \u00c7\u0131t\u00e7\u0131t kapama<\/p>\n","protected":false},"excerpt":{"rendered":"<p>Modern tasar\u0131m\u0131 sayesinde farkl\u0131 kombinlere kolayca uyum sa\u011flayarak stilinize zarif bir dokunu\u015f katar. Materyal: Suni Deri Desen: D\u00fcz \u00d6l\u00e7\u00fcler: 15 x 20 cm Astar: Astars\u0131z \u0130\u00e7 Detaylar: \u0130ki b\u00f6lme, Bir fermuarl\u0131 astarl\u0131 b\u00f6lme D\u0131\u015f Detaylar: Bir b\u00f6lme, \u00c7\u0131t\u00e7\u0131t kapama \u2014 Teknik Detaylar \u2014 Desen: D\u00fcz \u00d6l\u00e7\u00fcler: 15 x 20 cm Astar: Astars\u0131z \u0130\u00e7 Detaylar: \u0130ki [&hellip;]<\/p>\n","protected":false},"featured_media":181362,"comment_status":"open","ping_status":"closed","template":"","meta":[],"product_brand":[],"product_cat":[6960,6957],"product_tag":[],"class_list":{"0":"post-181369","1":"product","2":"type-product","3":"status-publish","4":"has-post-thumbnail","6":"product_cat-cantalar","7":"product_cat-cantalar-el-cantalari","8":"pa_color-bej","9":"pa_size-std","11":"first","12":"instock","13":"sale","14":"shipping-taxable","15":"purchasable","16":"product-type-variable"},"_links":{"self":[{"href":"https:\/\/mod.wisdar.net\/tr\/wp-json\/wp\/v2\/product\/181369","targetHints":{"allow":["GET"]}}],"collection":[{"href":"https:\/\/mod.wisdar.net\/tr\/wp-json\/wp\/v2\/product"}],"about":[{"href":"https:\/\/mod.wisdar.net\/tr\/wp-json\/wp\/v2\/types\/product"}],"replies":[{"embeddable":true,"href":"https:\/\/mod.wisdar.net\/tr\/wp-json\/wp\/v2\/comments?post=181369"}],"wp:featuredmedia":[{"embeddable":true,"href":"https:\/\/mod.wisdar.net\/tr\/wp-json\/wp\/v2\/media\/181362"}],"wp:attachment":[{"href":"https:\/\/mod.wisdar.net\/tr\/wp-json\/wp\/v2\/media?parent=181369"}],"wp:term":[{"taxonomy":"product_brand","embeddable":true,"href":"https:\/\/mod.wisdar.net\/tr\/wp-json\/wp\/v2\/product_brand?post=181369"},{"taxonomy":"product_cat","embeddable":true,"href":"https:\/\/mod.wisdar.net\/tr\/wp-json\/wp\/v2\/product_cat?post=181369"},{"taxonomy":"product_tag","embeddable":true,"href":"https:\/\/mod.wisdar.net\/tr\/wp-json\/wp\/v2\/product_tag?post=181369"}],"curies":[{"name":"wp","href":"https:\/\/api.w.org\/{rel}","templated":true}]}}