{"id":181394,"date":"2026-03-26T12:10:45","date_gmt":"2026-03-26T12:10:45","guid":{"rendered":"https:\/\/modesthanim.com\/product\/kova-canta-yesil\/"},"modified":"2026-03-26T12:48:02","modified_gmt":"2026-03-26T12:48:02","slug":"kova-canta-yesil","status":"publish","type":"product","link":"https:\/\/mod.wisdar.net\/tr\/urun\/kova-canta-yesil\/","title":{"rendered":"Kova \u00c7anta \u2013 Ye\u015fil"},"content":{"rendered":"<p>Modern tasar\u0131m\u0131 sayesinde farkl\u0131 kombinlere kolayca uyum sa\u011flayarak stilinize zarif bir dokunu\u015f katar.<br \/>\nMateryal: Suni Deri<br \/>\nDesen: D\u00fcz<br \/>\n\u00d6l\u00e7\u00fcler: 15 x 20 cm<br \/>\nAstar: Astars\u0131z<br \/>\n\u0130\u00e7 Detaylar: \u0130ki b\u00f6lme, Bir fermuarl\u0131 astarl\u0131 b\u00f6lme<br \/>\nD\u0131\u015f Detaylar: Bir b\u00f6lme, \u00c7\u0131t\u00e7\u0131t kapama<\/p>\n<p>\u2014 Technical Details \u2014<br \/>\nMateryal: Suni Deri<br \/>\nDesen: D\u00fcz<br \/>\n\u00d6l\u00e7\u00fcler: 15 x 20 cm<br \/>\nAstar: Astars\u0131z<br \/>\n\u0130\u00e7 Detaylar: \u0130ki b\u00f6lme, Bir fermuarl\u0131 astarl\u0131 b\u00f6lme<br \/>\nD\u0131\u015f Detaylar: Bir b\u00f6lme, \u00c7\u0131t\u00e7\u0131t kapama<\/p>\n","protected":false},"excerpt":{"rendered":"<p>Modern tasar\u0131m\u0131 sayesinde farkl\u0131 kombinlere kolayca uyum sa\u011flayarak stilinize zarif bir dokunu\u015f katar. Materyal: Suni Deri Desen: D\u00fcz \u00d6l\u00e7\u00fcler: 15 x 20 cm Astar: Astars\u0131z \u0130\u00e7 Detaylar: \u0130ki b\u00f6lme, Bir fermuarl\u0131 astarl\u0131 b\u00f6lme D\u0131\u015f Detaylar: Bir b\u00f6lme, \u00c7\u0131t\u00e7\u0131t kapama \u2014 Technical Details \u2014 Materyal: Suni Deri Desen: D\u00fcz \u00d6l\u00e7\u00fcler: 15 x 20 cm Astar: Astars\u0131z [&hellip;]<\/p>\n","protected":false},"featured_media":181387,"comment_status":"open","ping_status":"closed","template":"","meta":[],"product_brand":[],"product_cat":[6960,6957],"product_tag":[6979,6995,7100,7099],"class_list":{"0":"post-181394","1":"product","2":"type-product","3":"status-publish","4":"has-post-thumbnail","6":"product_cat-cantalar","7":"product_cat-cantalar-el-cantalari","8":"product_tag-kadin-el-cantasi","9":"product_tag-moda-aksesuari","10":"product_tag-suni-deri-2","11":"product_tag-yesil-canta","12":"pa_color-yesil","13":"pa_size-std","15":"first","16":"instock","17":"sale","18":"shipping-taxable","19":"purchasable","20":"product-type-variable"},"_links":{"self":[{"href":"https:\/\/mod.wisdar.net\/tr\/wp-json\/wp\/v2\/product\/181394","targetHints":{"allow":["GET"]}}],"collection":[{"href":"https:\/\/mod.wisdar.net\/tr\/wp-json\/wp\/v2\/product"}],"about":[{"href":"https:\/\/mod.wisdar.net\/tr\/wp-json\/wp\/v2\/types\/product"}],"replies":[{"embeddable":true,"href":"https:\/\/mod.wisdar.net\/tr\/wp-json\/wp\/v2\/comments?post=181394"}],"wp:featuredmedia":[{"embeddable":true,"href":"https:\/\/mod.wisdar.net\/tr\/wp-json\/wp\/v2\/media\/181387"}],"wp:attachment":[{"href":"https:\/\/mod.wisdar.net\/tr\/wp-json\/wp\/v2\/media?parent=181394"}],"wp:term":[{"taxonomy":"product_brand","embeddable":true,"href":"https:\/\/mod.wisdar.net\/tr\/wp-json\/wp\/v2\/product_brand?post=181394"},{"taxonomy":"product_cat","embeddable":true,"href":"https:\/\/mod.wisdar.net\/tr\/wp-json\/wp\/v2\/product_cat?post=181394"},{"taxonomy":"product_tag","embeddable":true,"href":"https:\/\/mod.wisdar.net\/tr\/wp-json\/wp\/v2\/product_tag?post=181394"}],"curies":[{"name":"wp","href":"https:\/\/api.w.org\/{rel}","templated":true}]}}