{"id":181559,"date":"2026-03-26T12:20:09","date_gmt":"2026-03-26T12:20:09","guid":{"rendered":"https:\/\/modesthanim.com\/product\/kollari-baglama-detayli-trenc-siyah\/"},"modified":"2026-03-26T12:49:09","modified_gmt":"2026-03-26T12:49:09","slug":"kollari-baglama-detayli-trenc-siyah","status":"publish","type":"product","link":"https:\/\/mod.wisdar.net\/tr\/urun\/kollari-baglama-detayli-trenc-siyah\/","title":{"rendered":"Kollar\u0131 Ba\u011flama Detayl\u0131 Tren\u00e7 \u2013 Siyah"},"content":{"rendered":"<p>Kollar\u0131 Ba\u011flama Detayl\u0131 Tren\u00e7, mask\u00fclen kesimi feminen bir zarafetle harmanlayarak d\u0131\u015f giyimde fark yaratmak isteyenler i\u00e7in tasarland\u0131.<\/p>\n<p>Kuma\u015f \u0130\u00e7eri\u011fi: %85 Rayon, %15 Naylon<br \/>\nDesen: D\u00fcz<br \/>\nYaka Tipi: Kruvaze Yaka<br \/>\nKol Tipi: Uzun Kol<br \/>\nCep: Gizli Cep<br \/>\nAstar: Astars\u0131z<br \/>\n\u00dcr\u00fcn Boyu: 130 cm<br \/>\nKal\u0131p Tipi: Normal Kal\u0131p<br \/>\nManken \u00d6l\u00e7\u00fcleri:<br \/>\nBoy: 175 cm<br \/>\nG\u00f6\u011f\u00fcs: 85 cm<br \/>\nBel: 60 cm<br \/>\nBasen: 90 cm<br \/>\nMankenin Giydi\u011fi Beden: 38<\/p>\n<p>\u2014 Technical Details \u2014<br \/>\nDesen: D\u00fcz<br \/>\nYaka Tipi: Kruvaze Yaka<br \/>\nKol Tipi: Uzun Kol<br \/>\nCep: Gizli Cep<br \/>\nAstar: Astars\u0131z<br \/>\n\u00dcr\u00fcn Boyu: 130 cm<br \/>\nKal\u0131p Tipi: Normal Kal\u0131p<br \/>\nManken \u00d6l\u00e7\u00fcleri: Boy: 175 cm, G\u00f6\u011f\u00fcs: 85 cm, Bel: 60 cm, Basen: 90 cm<br \/>\nMankenin Giydi\u011fi Beden: 38<br \/>\nSize Chart: {&#8217;38&#8217;: {&#8216;OMUZ&#8217;: &#8216;39.5&#8217;, &#8216;G\u00d6\u011e\u00dcS&#8217;: &#8216;106&#8217;, &#8216;BEL&#8217;: &#8216;112&#8217;, &#8216;BASEN&#8217;: &#8216;122&#8217;, &#8216;BOY&#8217;: &#8216;129.5&#8217;, &#8216;KOL BOYU&#8217;: &#8216;59.5&#8217;}, &#8217;40&#8217;: {&#8216;OMUZ&#8217;: &#8216;40.5&#8217;, &#8216;G\u00d6\u011e\u00dcS&#8217;: &#8216;110&#8217;, &#8216;BEL&#8217;: &#8216;116&#8217;, &#8216;BASEN&#8217;: &#8216;126&#8217;, &#8216;BOY&#8217;: &#8216;130&#8217;, &#8216;KOL BOYU&#8217;: &#8217;61&#8217;}, &#8217;42&#8217;: {&#8216;OMUZ&#8217;: &#8216;41.5&#8217;, &#8216;G\u00d6\u011e\u00dcS&#8217;: &#8216;114&#8217;, &#8216;BEL&#8217;: &#8216;120&#8217;, &#8216;BASEN&#8217;: &#8216;130&#8217;, &#8216;BOY&#8217;: &#8216;130.5&#8217;, &#8216;KOL BOYU&#8217;: &#8216;61.5&#8217;}, &#8217;44&#8217;: {&#8216;OMUZ&#8217;: &#8216;42.5&#8217;, &#8216;G\u00d6\u011e\u00dcS&#8217;: &#8216;118&#8217;, &#8216;BEL&#8217;: &#8216;124&#8217;, &#8216;BASEN&#8217;: &#8216;134&#8217;, &#8216;BOY&#8217;: &#8216;131&#8217;, &#8216;KOL BOYU&#8217;: &#8217;62&#8217;}}<\/p>\n","protected":false},"excerpt":{"rendered":"<p>Kollar\u0131 Ba\u011flama Detayl\u0131 Tren\u00e7, mask\u00fclen kesimi feminen bir zarafetle harmanlayarak d\u0131\u015f giyimde fark yaratmak isteyenler i\u00e7in tasarland\u0131. Kuma\u015f \u0130\u00e7eri\u011fi: %85 Rayon, %15 Naylon Desen: D\u00fcz Yaka Tipi: Kruvaze Yaka Kol Tipi: Uzun Kol Cep: Gizli Cep Astar: Astars\u0131z \u00dcr\u00fcn Boyu: 130 cm Kal\u0131p Tipi: Normal Kal\u0131p Manken \u00d6l\u00e7\u00fcleri: Boy: 175 cm G\u00f6\u011f\u00fcs: 85 cm Bel: [&hellip;]<\/p>\n","protected":false},"featured_media":181543,"comment_status":"open","ping_status":"closed","template":"","meta":[],"product_brand":[],"product_cat":[2047],"product_tag":[6936,5012,6744,6312,4999,6776],"class_list":{"0":"post-181559","1":"product","2":"type-product","3":"status-publish","4":"has-post-thumbnail","6":"product_cat-paltolar","7":"product_tag-cok-yonlu","8":"product_tag-elegant","9":"product_tag-kadin-modasi","10":"product_tag-long-coat","11":"product_tag-outerwear","12":"product_tag-trenckot","13":"pa_color-siyah","14":"pa_size-4706","15":"pa_size-4711","16":"pa_size-4713","17":"pa_size-4751","19":"first","20":"instock","21":"sale","22":"shipping-taxable","23":"purchasable","24":"product-type-variable"},"_links":{"self":[{"href":"https:\/\/mod.wisdar.net\/tr\/wp-json\/wp\/v2\/product\/181559","targetHints":{"allow":["GET"]}}],"collection":[{"href":"https:\/\/mod.wisdar.net\/tr\/wp-json\/wp\/v2\/product"}],"about":[{"href":"https:\/\/mod.wisdar.net\/tr\/wp-json\/wp\/v2\/types\/product"}],"replies":[{"embeddable":true,"href":"https:\/\/mod.wisdar.net\/tr\/wp-json\/wp\/v2\/comments?post=181559"}],"wp:featuredmedia":[{"embeddable":true,"href":"https:\/\/mod.wisdar.net\/tr\/wp-json\/wp\/v2\/media\/181543"}],"wp:attachment":[{"href":"https:\/\/mod.wisdar.net\/tr\/wp-json\/wp\/v2\/media?parent=181559"}],"wp:term":[{"taxonomy":"product_brand","embeddable":true,"href":"https:\/\/mod.wisdar.net\/tr\/wp-json\/wp\/v2\/product_brand?post=181559"},{"taxonomy":"product_cat","embeddable":true,"href":"https:\/\/mod.wisdar.net\/tr\/wp-json\/wp\/v2\/product_cat?post=181559"},{"taxonomy":"product_tag","embeddable":true,"href":"https:\/\/mod.wisdar.net\/tr\/wp-json\/wp\/v2\/product_tag?post=181559"}],"curies":[{"name":"wp","href":"https:\/\/api.w.org\/{rel}","templated":true}]}}