{"id":181590,"date":"2026-03-26T12:20:51","date_gmt":"2026-03-26T12:20:51","guid":{"rendered":"https:\/\/modesthanim.com\/product\/yan-dugme-detayli-takim-petrol\/"},"modified":"2026-03-26T12:50:31","modified_gmt":"2026-03-26T12:50:31","slug":"yan-dugme-detayli-takim-petrol","status":"publish","type":"product","link":"https:\/\/mod.wisdar.net\/tr\/urun\/yan-dugme-detayli-takim-petrol\/","title":{"rendered":"Yan D\u00fc\u011fme Detayl\u0131 Tak\u0131m \u2013 Petrol"},"content":{"rendered":"<p>Minimal \u00e7izgilerini \u00f6zg\u00fcn d\u00fc\u011fme dokunu\u015fuyla zenginle\u015ftiren Yan D\u00fc\u011fme Detayl\u0131 Tak\u0131m, sofistike ve dengeli kombinler i\u00e7in se\u00e7kin bir tercihtir.<\/p>\n<p>\u00dcST<br \/>\nKuma\u015f \u0130\u00e7eri\u011fi: %86 Lyocell, %14 Polyester<br \/>\nDesen: D\u00fcz<br \/>\nYaka Tipi: Bisiklet Yaka<br \/>\nKol Tipi: Uzun Kol<br \/>\nCep: Yan Cep<br \/>\nAstar: Astars\u0131z<br \/>\n\u00dcr\u00fcn Boyu: 130 cm<br \/>\nKal\u0131p Tipi: Normal Kal\u0131p<\/p>\n<p>ALT<br \/>\nKuma\u015f \u0130\u00e7eri\u011fi: %86 Lyocell, %14 Polyester<br \/>\nDesen: D\u00fcz<br \/>\nBel Tipi: Normal Bel<br \/>\nBel Formu: Yandan Fermuar Kapamal\u0131, Arka Beli Lastikli<br \/>\nPa\u00e7a Tipi: Boru Pa\u00e7a<br \/>\nCep: Yan Cep<br \/>\nAstar: Astars\u0131z<br \/>\n\u00dcr\u00fcn Boyu: 98 cm<br \/>\nKal\u0131p Tipi: Normal Kal\u0131p<\/p>\n<p>Manken \u00d6l\u00e7\u00fcleri:<br \/>\nBoy: 174 cm<br \/>\nG\u00f6\u011f\u00fcs: 85 cm<br \/>\nBel: 59 cm<br \/>\nBasen: 90 cm<\/p>\n<p>Mankenin Giydi\u011fi Beden: 38<\/p>\n","protected":false},"excerpt":{"rendered":"<p>Minimal \u00e7izgilerini \u00f6zg\u00fcn d\u00fc\u011fme dokunu\u015fuyla zenginle\u015ftiren Yan D\u00fc\u011fme Detayl\u0131 Tak\u0131m, sofistike ve dengeli kombinler i\u00e7in se\u00e7kin bir tercihtir. \u00dcST Kuma\u015f \u0130\u00e7eri\u011fi: %86 Lyocell, %14 Polyester Desen: D\u00fcz Yaka Tipi: Bisiklet Yaka Kol Tipi: Uzun Kol Cep: Yan Cep Astar: Astars\u0131z \u00dcr\u00fcn Boyu: 130 cm Kal\u0131p Tipi: Normal Kal\u0131p ALT Kuma\u015f \u0130\u00e7eri\u011fi: %86 Lyocell, %14 Polyester [&hellip;]<\/p>\n","protected":false},"featured_media":181579,"comment_status":"open","ping_status":"closed","template":"","meta":[],"product_brand":[],"product_cat":[1900],"product_tag":[],"class_list":{"0":"post-181590","1":"product","2":"type-product","3":"status-publish","4":"has-post-thumbnail","6":"product_cat-koordinatlar-setler","7":"pa_color-petrol","8":"pa_size-4706","9":"pa_size-4711","10":"pa_size-4713","11":"pa_size-4751","12":"pa_size-4749","13":"pa_size-4747","15":"first","16":"instock","17":"sale","18":"shipping-taxable","19":"purchasable","20":"product-type-variable"},"_links":{"self":[{"href":"https:\/\/mod.wisdar.net\/tr\/wp-json\/wp\/v2\/product\/181590","targetHints":{"allow":["GET"]}}],"collection":[{"href":"https:\/\/mod.wisdar.net\/tr\/wp-json\/wp\/v2\/product"}],"about":[{"href":"https:\/\/mod.wisdar.net\/tr\/wp-json\/wp\/v2\/types\/product"}],"replies":[{"embeddable":true,"href":"https:\/\/mod.wisdar.net\/tr\/wp-json\/wp\/v2\/comments?post=181590"}],"wp:featuredmedia":[{"embeddable":true,"href":"https:\/\/mod.wisdar.net\/tr\/wp-json\/wp\/v2\/media\/181579"}],"wp:attachment":[{"href":"https:\/\/mod.wisdar.net\/tr\/wp-json\/wp\/v2\/media?parent=181590"}],"wp:term":[{"taxonomy":"product_brand","embeddable":true,"href":"https:\/\/mod.wisdar.net\/tr\/wp-json\/wp\/v2\/product_brand?post=181590"},{"taxonomy":"product_cat","embeddable":true,"href":"https:\/\/mod.wisdar.net\/tr\/wp-json\/wp\/v2\/product_cat?post=181590"},{"taxonomy":"product_tag","embeddable":true,"href":"https:\/\/mod.wisdar.net\/tr\/wp-json\/wp\/v2\/product_tag?post=181590"}],"curies":[{"name":"wp","href":"https:\/\/api.w.org\/{rel}","templated":true}]}}