{"id":182117,"date":"2026-03-27T14:27:06","date_gmt":"2026-03-27T14:27:06","guid":{"rendered":"https:\/\/modesthanim.com\/product\/fitted-keten-karisimli-yelek\/"},"modified":"2026-04-04T03:32:06","modified_gmt":"2026-04-04T03:32:06","slug":"fitted-keten-karisimli-yelek","status":"publish","type":"product","link":"https:\/\/mod.wisdar.net\/tr\/urun\/fitted-keten-karisimli-yelek\/","title":{"rendered":"F\u0131tted Keten Kar\u0131\u015f\u0131ml\u0131 Yelek"},"content":{"rendered":"<p>Arad\u0131\u011f\u0131n Ekru Kad\u0131n F\u0131tted Keten Kar\u0131\u015f\u0131ml\u0131 Yelek en uygun fiyatla DeFacto&#8217;da! Yeni sezon Ekru Kad\u0131n F\u0131tted Keten Kar\u0131\u015f\u0131ml\u0131 Yelek i\u00e7in hemen DeFacto&#8217;ya t\u0131kla!<\/p>\n<p>\u2014 Technical Details \u2014<br \/>\nCinsiyet: Kad\u0131n<br \/>\nKapama Detay\u0131: D\u00fc\u011fmeli<br \/>\nKuma\u015f: Keten Kar\u0131\u015f\u0131ml\u0131<br \/>\nYaka: V Yaka<br \/>\nPa\u00e7a Detay: D\u00fcz Pa\u00e7a<br \/>\nKol Boyu: Kolsuz<br \/>\nKal\u0131p: F\u0131tted<br \/>\nD\u0131\u015f Giyim \u00dcr\u00fcn Grubu: Yelek<br \/>\nMarka: Defacto<br \/>\nMen\u015fei: TR<br \/>\n\u00dcr\u00fcn Grubu: Kad\u0131n Yelek<br \/>\nNumune Bedeni: 36<br \/>\nModel \u00d6l\u00e7\u00fcleri: 36 Beden \u2013 1,78cm \u2013 89\/63\/92<\/p>\n","protected":false},"excerpt":{"rendered":"<p>Arad\u0131\u011f\u0131n Ekru Kad\u0131n F\u0131tted Keten Kar\u0131\u015f\u0131ml\u0131 Yelek en uygun fiyatla DeFacto&#8217;da! Yeni sezon Ekru Kad\u0131n F\u0131tted Keten Kar\u0131\u015f\u0131ml\u0131 Yelek i\u00e7in hemen DeFacto&#8217;ya t\u0131kla! \u2014 Technical Details \u2014 Cinsiyet: Kad\u0131n Kapama Detay\u0131: D\u00fc\u011fmeli Kuma\u015f: Keten Kar\u0131\u015f\u0131ml\u0131 Yaka: V Yaka Pa\u00e7a Detay: D\u00fcz Pa\u00e7a Kol Boyu: Kolsuz Kal\u0131p: F\u0131tted D\u0131\u015f Giyim \u00dcr\u00fcn Grubu: Yelek Marka: Defacto Men\u015fei: [&hellip;]<\/p>\n","protected":false},"featured_media":182104,"comment_status":"open","ping_status":"closed","template":"","meta":[],"product_brand":[],"product_cat":[2053],"product_tag":[8404,6757],"class_list":{"0":"post-182117","1":"product","2":"type-product","3":"status-publish","4":"has-post-thumbnail","6":"product_cat-yelekler-yelekler","7":"product_tag-dar-kesim-2","8":"product_tag-ekru","9":"pa_brand-defacto","10":"pa_color-sade-ekru","11":"pa_size-4698","12":"pa_size-4701","13":"pa_size-4706","14":"pa_size-4711","15":"pa_size-4713","17":"first","18":"instock","19":"sale","20":"shipping-taxable","21":"purchasable","22":"product-type-variable"},"_links":{"self":[{"href":"https:\/\/mod.wisdar.net\/tr\/wp-json\/wp\/v2\/product\/182117","targetHints":{"allow":["GET"]}}],"collection":[{"href":"https:\/\/mod.wisdar.net\/tr\/wp-json\/wp\/v2\/product"}],"about":[{"href":"https:\/\/mod.wisdar.net\/tr\/wp-json\/wp\/v2\/types\/product"}],"replies":[{"embeddable":true,"href":"https:\/\/mod.wisdar.net\/tr\/wp-json\/wp\/v2\/comments?post=182117"}],"wp:featuredmedia":[{"embeddable":true,"href":"https:\/\/mod.wisdar.net\/tr\/wp-json\/wp\/v2\/media\/182104"}],"wp:attachment":[{"href":"https:\/\/mod.wisdar.net\/tr\/wp-json\/wp\/v2\/media?parent=182117"}],"wp:term":[{"taxonomy":"product_brand","embeddable":true,"href":"https:\/\/mod.wisdar.net\/tr\/wp-json\/wp\/v2\/product_brand?post=182117"},{"taxonomy":"product_cat","embeddable":true,"href":"https:\/\/mod.wisdar.net\/tr\/wp-json\/wp\/v2\/product_cat?post=182117"},{"taxonomy":"product_tag","embeddable":true,"href":"https:\/\/mod.wisdar.net\/tr\/wp-json\/wp\/v2\/product_tag?post=182117"}],"curies":[{"name":"wp","href":"https:\/\/api.w.org\/{rel}","templated":true}]}}