{"id":182169,"date":"2026-03-27T14:28:47","date_gmt":"2026-03-27T14:28:47","guid":{"rendered":"https:\/\/modesthanim.com\/product\/duz-paca-bermuda\/"},"modified":"2026-04-05T03:15:00","modified_gmt":"2026-04-05T03:15:00","slug":"duz-paca-bermuda","status":"publish","type":"product","link":"https:\/\/mod.wisdar.net\/tr\/urun\/duz-paca-bermuda\/","title":{"rendered":"D\u00fcz Pa\u00e7a Bermuda"},"content":{"rendered":"<p>Arad\u0131\u011f\u0131n Gri Kad\u0131n D\u00fcz Pa\u00e7a Bermuda en uygun fiyatla DeFacto&#8217;da! Yeni sezon Gri Kad\u0131n D\u00fcz Pa\u00e7a Bermuda i\u00e7in hemen DeFacto&#8217;ya t\u0131kla!<\/p>\n","protected":false},"excerpt":{"rendered":"<p>Arad\u0131\u011f\u0131n Gri Kad\u0131n D\u00fcz Pa\u00e7a Bermuda en uygun fiyatla DeFacto&#8217;da! Yeni sezon Gri Kad\u0131n D\u00fcz Pa\u00e7a Bermuda i\u00e7in hemen DeFacto&#8217;ya t\u0131kla!<\/p>\n","protected":false},"featured_media":182164,"comment_status":"open","ping_status":"closed","template":"","meta":[],"product_brand":[],"product_cat":[11020],"product_tag":[],"class_list":{"0":"post-182169","1":"product","2":"type-product","3":"status-publish","4":"has-post-thumbnail","6":"product_cat-tisort-ve-sort","7":"pa_brand-defacto","8":"pa_color-gri-melanj","9":"pa_size-l","10":"pa_size-m","11":"pa_size-s","12":"pa_size-xl","13":"pa_size-xs","14":"pa_size-xxl","16":"first","17":"instock","18":"shipping-taxable","19":"purchasable","20":"product-type-variable"},"_links":{"self":[{"href":"https:\/\/mod.wisdar.net\/tr\/wp-json\/wp\/v2\/product\/182169","targetHints":{"allow":["GET"]}}],"collection":[{"href":"https:\/\/mod.wisdar.net\/tr\/wp-json\/wp\/v2\/product"}],"about":[{"href":"https:\/\/mod.wisdar.net\/tr\/wp-json\/wp\/v2\/types\/product"}],"replies":[{"embeddable":true,"href":"https:\/\/mod.wisdar.net\/tr\/wp-json\/wp\/v2\/comments?post=182169"}],"wp:featuredmedia":[{"embeddable":true,"href":"https:\/\/mod.wisdar.net\/tr\/wp-json\/wp\/v2\/media\/182164"}],"wp:attachment":[{"href":"https:\/\/mod.wisdar.net\/tr\/wp-json\/wp\/v2\/media?parent=182169"}],"wp:term":[{"taxonomy":"product_brand","embeddable":true,"href":"https:\/\/mod.wisdar.net\/tr\/wp-json\/wp\/v2\/product_brand?post=182169"},{"taxonomy":"product_cat","embeddable":true,"href":"https:\/\/mod.wisdar.net\/tr\/wp-json\/wp\/v2\/product_cat?post=182169"},{"taxonomy":"product_tag","embeddable":true,"href":"https:\/\/mod.wisdar.net\/tr\/wp-json\/wp\/v2\/product_tag?post=182169"}],"curies":[{"name":"wp","href":"https:\/\/api.w.org\/{rel}","templated":true}]}}