{"id":182207,"date":"2026-03-27T14:30:31","date_gmt":"2026-03-27T14:30:31","guid":{"rendered":"https:\/\/modesthanim.com\/product\/kadin-suni-deri-omuz-cantasi\/"},"modified":"2026-03-27T14:31:22","modified_gmt":"2026-03-27T14:31:22","slug":"kadin-suni-deri-omuz-cantasi","status":"publish","type":"product","link":"https:\/\/mod.wisdar.net\/tr\/urun\/kadin-suni-deri-omuz-cantasi\/","title":{"rendered":"Kad\u0131n Suni Deri Omuz \u00c7antas\u0131"},"content":{"rendered":"<p>Kad\u0131n Suni Deri \u00c7anta, modern tasar\u0131m\u0131 ve fonksiyonel i\u00e7 yap\u0131s\u0131yla g\u00fcnl\u00fck kullan\u0131m i\u00e7in ideal bir se\u00e7enektir. Dayan\u0131kl\u0131 suni deri dokusu ve \u015f\u0131k detaylar\u0131yla kombinlerinize zarif bir dokunu\u015f katar.<\/p>\n<p>\u2014 Technical Details \u2014<br \/>\n\u00c7anta Tipi: Omuz \u00c7antas\u0131<br \/>\nRenk: Siyah<br \/>\n\u00dcr\u00fcn \u00d6l\u00e7\u00fcs\u00fc: 50*31*14<br \/>\nKuma\u015f: Suni Deri<br \/>\nCinsiyet: Kad\u0131n<br \/>\nModelin \u00d6l\u00e7\u00fcleri: STD Beden \u2013 1,74cm \u2013 78\/60\/89<br \/>\nMarka: Defacto<br \/>\nMen\u015fei: MA<br \/>\n\u00dcr\u00fcn Grubu: Kad\u0131n \u00c7anta<\/p>\n","protected":false},"excerpt":{"rendered":"<p>Kad\u0131n Suni Deri \u00c7anta, modern tasar\u0131m\u0131 ve fonksiyonel i\u00e7 yap\u0131s\u0131yla g\u00fcnl\u00fck kullan\u0131m i\u00e7in ideal bir se\u00e7enektir. Dayan\u0131kl\u0131 suni deri dokusu ve \u015f\u0131k detaylar\u0131yla kombinlerinize zarif bir dokunu\u015f katar. \u2014 Technical Details \u2014 \u00c7anta Tipi: Omuz \u00c7antas\u0131 Renk: Siyah \u00dcr\u00fcn \u00d6l\u00e7\u00fcs\u00fc: 50*31*14 Kuma\u015f: Suni Deri Cinsiyet: Kad\u0131n Modelin \u00d6l\u00e7\u00fcleri: STD Beden \u2013 1,74cm \u2013 78\/60\/89 Marka: [&hellip;]<\/p>\n","protected":false},"featured_media":182199,"comment_status":"open","ping_status":"closed","template":"","meta":[],"product_brand":[],"product_cat":[6960,6957],"product_tag":[7145,7035,6980,7130,7131],"class_list":{"0":"post-182207","1":"product","2":"type-product","3":"status-publish","4":"has-post-thumbnail","6":"product_cat-cantalar","7":"product_cat-cantalar-el-cantalari","8":"product_tag-kadin-aksesuari","9":"product_tag-moda-canta","10":"product_tag-omuz-cantasi","11":"product_tag-siyah-canta","12":"product_tag-suni-deri-canta","13":"pa_brand-defacto","14":"pa_color-siyah","15":"pa_size-std","17":"first","18":"instock","19":"sale","20":"shipping-taxable","21":"purchasable","22":"product-type-variable"},"_links":{"self":[{"href":"https:\/\/mod.wisdar.net\/tr\/wp-json\/wp\/v2\/product\/182207","targetHints":{"allow":["GET"]}}],"collection":[{"href":"https:\/\/mod.wisdar.net\/tr\/wp-json\/wp\/v2\/product"}],"about":[{"href":"https:\/\/mod.wisdar.net\/tr\/wp-json\/wp\/v2\/types\/product"}],"replies":[{"embeddable":true,"href":"https:\/\/mod.wisdar.net\/tr\/wp-json\/wp\/v2\/comments?post=182207"}],"wp:featuredmedia":[{"embeddable":true,"href":"https:\/\/mod.wisdar.net\/tr\/wp-json\/wp\/v2\/media\/182199"}],"wp:attachment":[{"href":"https:\/\/mod.wisdar.net\/tr\/wp-json\/wp\/v2\/media?parent=182207"}],"wp:term":[{"taxonomy":"product_brand","embeddable":true,"href":"https:\/\/mod.wisdar.net\/tr\/wp-json\/wp\/v2\/product_brand?post=182207"},{"taxonomy":"product_cat","embeddable":true,"href":"https:\/\/mod.wisdar.net\/tr\/wp-json\/wp\/v2\/product_cat?post=182207"},{"taxonomy":"product_tag","embeddable":true,"href":"https:\/\/mod.wisdar.net\/tr\/wp-json\/wp\/v2\/product_tag?post=182207"}],"curies":[{"name":"wp","href":"https:\/\/api.w.org\/{rel}","templated":true}]}}