{"id":182232,"date":"2026-03-27T14:31:51","date_gmt":"2026-03-27T14:31:51","guid":{"rendered":"https:\/\/modesthanim.com\/product\/kadin-suni-deri-baget-canta\/"},"modified":"2026-04-05T03:14:20","modified_gmt":"2026-04-05T03:14:20","slug":"kadin-suni-deri-baget-canta","status":"publish","type":"product","link":"https:\/\/mod.wisdar.net\/tr\/urun\/kadin-suni-deri-baget-canta\/","title":{"rendered":"Kad\u0131n Suni Deri Baget \u00c7anta"},"content":{"rendered":"<p>Kad\u0131n Suni Deri Baget \u00c7anta, modern ve minimal tasar\u0131m\u0131yla kombinlerinize \u015f\u0131k bir dokunu\u015f katar. Dayan\u0131kl\u0131 suni deri yap\u0131s\u0131 ve kompakt formu sayesinde hem g\u00fcnl\u00fck hem de \u00f6zel anlarda rahatl\u0131kla kullan\u0131labilir. Omuz ask\u0131l\u0131 tasar\u0131m\u0131yla pratik ve zamans\u0131z bir aksesuard\u0131r.<\/p>\n<p>\u2014 Technical Details \u2014<br \/>\n\u00dcr\u00fcn \u00d6l\u00e7\u00fcs\u00fc: 6*30*13<br \/>\nMen\u015fei: TR<br \/>\n\u00dcr\u00fcn Grubu: Kad\u0131n \u00c7anta<\/p>\n","protected":false},"excerpt":{"rendered":"<p>Kad\u0131n Suni Deri Baget \u00c7anta, modern ve minimal tasar\u0131m\u0131yla kombinlerinize \u015f\u0131k bir dokunu\u015f katar. Dayan\u0131kl\u0131 suni deri yap\u0131s\u0131 ve kompakt formu sayesinde hem g\u00fcnl\u00fck hem de \u00f6zel anlarda rahatl\u0131kla kullan\u0131labilir. Omuz ask\u0131l\u0131 tasar\u0131m\u0131yla pratik ve zamans\u0131z bir aksesuard\u0131r. \u2014 Technical Details \u2014 \u00dcr\u00fcn \u00d6l\u00e7\u00fcs\u00fc: 6*30*13 Men\u015fei: TR \u00dcr\u00fcn Grubu: Kad\u0131n \u00c7anta<\/p>\n","protected":false},"featured_media":182227,"comment_status":"open","ping_status":"closed","template":"","meta":[],"product_brand":[],"product_cat":[6960,6957],"product_tag":[7279,4908,6998],"class_list":{"0":"post-182232","1":"product","2":"type-product","3":"status-publish","4":"has-post-thumbnail","6":"product_cat-cantalar","7":"product_cat-cantalar-el-cantalari","8":"product_tag-baget-canta","9":"product_tag-brown","10":"product_tag-suni-deri","11":"pa_brand-defacto","12":"pa_color-acik-yesil-2","13":"pa_size-std","15":"first","16":"outofstock","17":"shipping-taxable","18":"product-type-variable"},"_links":{"self":[{"href":"https:\/\/mod.wisdar.net\/tr\/wp-json\/wp\/v2\/product\/182232","targetHints":{"allow":["GET"]}}],"collection":[{"href":"https:\/\/mod.wisdar.net\/tr\/wp-json\/wp\/v2\/product"}],"about":[{"href":"https:\/\/mod.wisdar.net\/tr\/wp-json\/wp\/v2\/types\/product"}],"replies":[{"embeddable":true,"href":"https:\/\/mod.wisdar.net\/tr\/wp-json\/wp\/v2\/comments?post=182232"}],"wp:featuredmedia":[{"embeddable":true,"href":"https:\/\/mod.wisdar.net\/tr\/wp-json\/wp\/v2\/media\/182227"}],"wp:attachment":[{"href":"https:\/\/mod.wisdar.net\/tr\/wp-json\/wp\/v2\/media?parent=182232"}],"wp:term":[{"taxonomy":"product_brand","embeddable":true,"href":"https:\/\/mod.wisdar.net\/tr\/wp-json\/wp\/v2\/product_brand?post=182232"},{"taxonomy":"product_cat","embeddable":true,"href":"https:\/\/mod.wisdar.net\/tr\/wp-json\/wp\/v2\/product_cat?post=182232"},{"taxonomy":"product_tag","embeddable":true,"href":"https:\/\/mod.wisdar.net\/tr\/wp-json\/wp\/v2\/product_tag?post=182232"}],"curies":[{"name":"wp","href":"https:\/\/api.w.org\/{rel}","templated":true}]}}