{"id":182256,"date":"2026-03-27T14:32:58","date_gmt":"2026-03-27T14:32:58","guid":{"rendered":"https:\/\/modesthanim.com\/product\/kadin-omuz-cantasi\/"},"modified":"2026-04-04T07:24:06","modified_gmt":"2026-04-04T07:24:06","slug":"kadin-omuz-cantasi","status":"publish","type":"product","link":"https:\/\/mod.wisdar.net\/tr\/urun\/kadin-omuz-cantasi\/","title":{"rendered":"Kad\u0131n Omuz \u00c7antas\u0131"},"content":{"rendered":"<p>Arad\u0131\u011f\u0131n Kahve Kad\u0131n Kad\u0131n Omuz \u00c7antas\u0131 en uygun fiyatla DeFacto&#8217;da! Yeni sezon Kahve Kad\u0131n Kad\u0131n Omuz \u00c7antas\u0131 i\u00e7in hemen DeFacto&#8217;ya t\u0131kla!<\/p>\n<p>\u2014 Technical Details \u2014<br \/>\n\u00c7anta Tipi: Omuz \u00c7antas\u0131<br \/>\nRenk: Kahverengi<br \/>\nCinsiyet: Kad\u0131n<br \/>\nModel \u00d6l\u00e7\u00fcleri: STD Beden \u2013 1,72cm \u2013 84\/61\/92<br \/>\nMen\u015fei: TR<br \/>\n\u00dcr\u00fcn Grubu: Kad\u0131n \u00c7anta<\/p>\n","protected":false},"excerpt":{"rendered":"<p>Arad\u0131\u011f\u0131n Kahve Kad\u0131n Kad\u0131n Omuz \u00c7antas\u0131 en uygun fiyatla DeFacto&#8217;da! Yeni sezon Kahve Kad\u0131n Kad\u0131n Omuz \u00c7antas\u0131 i\u00e7in hemen DeFacto&#8217;ya t\u0131kla! \u2014 Technical Details \u2014 \u00c7anta Tipi: Omuz \u00c7antas\u0131 Renk: Kahverengi Cinsiyet: Kad\u0131n Model \u00d6l\u00e7\u00fcleri: STD Beden \u2013 1,72cm \u2013 84\/61\/92 Men\u015fei: TR \u00dcr\u00fcn Grubu: Kad\u0131n \u00c7anta<\/p>\n","protected":false},"featured_media":182250,"comment_status":"open","ping_status":"closed","template":"","meta":[],"product_brand":[],"product_cat":[6960,6957],"product_tag":[7089,7016,7087,6995,6980],"class_list":{"0":"post-182256","1":"product","2":"type-product","3":"status-publish","4":"has-post-thumbnail","6":"product_cat-cantalar","7":"product_cat-cantalar-el-cantalari","8":"product_tag-defacto","9":"product_tag-kadin-cantasi","10":"product_tag-kahverengi-canta","11":"product_tag-moda-aksesuari","12":"product_tag-omuz-cantasi","13":"pa_brand-defacto","14":"pa_color-haki","15":"pa_size-std","17":"first","18":"outofstock","19":"shipping-taxable","20":"product-type-variable"},"_links":{"self":[{"href":"https:\/\/mod.wisdar.net\/tr\/wp-json\/wp\/v2\/product\/182256","targetHints":{"allow":["GET"]}}],"collection":[{"href":"https:\/\/mod.wisdar.net\/tr\/wp-json\/wp\/v2\/product"}],"about":[{"href":"https:\/\/mod.wisdar.net\/tr\/wp-json\/wp\/v2\/types\/product"}],"replies":[{"embeddable":true,"href":"https:\/\/mod.wisdar.net\/tr\/wp-json\/wp\/v2\/comments?post=182256"}],"wp:featuredmedia":[{"embeddable":true,"href":"https:\/\/mod.wisdar.net\/tr\/wp-json\/wp\/v2\/media\/182250"}],"wp:attachment":[{"href":"https:\/\/mod.wisdar.net\/tr\/wp-json\/wp\/v2\/media?parent=182256"}],"wp:term":[{"taxonomy":"product_brand","embeddable":true,"href":"https:\/\/mod.wisdar.net\/tr\/wp-json\/wp\/v2\/product_brand?post=182256"},{"taxonomy":"product_cat","embeddable":true,"href":"https:\/\/mod.wisdar.net\/tr\/wp-json\/wp\/v2\/product_cat?post=182256"},{"taxonomy":"product_tag","embeddable":true,"href":"https:\/\/mod.wisdar.net\/tr\/wp-json\/wp\/v2\/product_tag?post=182256"}],"curies":[{"name":"wp","href":"https:\/\/api.w.org\/{rel}","templated":true}]}}