{"id":182279,"date":"2026-03-27T14:33:55","date_gmt":"2026-03-27T14:33:55","guid":{"rendered":"https:\/\/modesthanim.com\/product\/kadin-el-cantasi\/"},"modified":"2026-04-04T07:24:20","modified_gmt":"2026-04-04T07:24:20","slug":"kadin-el-cantasi","status":"publish","type":"product","link":"https:\/\/mod.wisdar.net\/tr\/urun\/kadin-el-cantasi\/","title":{"rendered":"Kad\u0131n El \u00c7antas\u0131"},"content":{"rendered":"<p>Kad\u0131n El \u00c7antas\u0131, \u015f\u0131k tasar\u0131m\u0131 ve kullan\u0131\u015fl\u0131 yap\u0131s\u0131yla g\u00fcnl\u00fck kombinlerinizi tamamlar. Hem zarif hem de pratik bir kullan\u0131m sunarak e\u015fyalar\u0131n\u0131z\u0131 d\u00fczenli \u015fekilde ta\u015f\u0131man\u0131za yard\u0131mc\u0131 olur.<\/p>\n<p>\u2014 Technical Details \u2014<br \/>\n\u00c7anta Tipi: El \u00c7antas\u0131<br \/>\n\u00dcr\u00fcn \u00d6l\u00e7\u00fcs\u00fc: 25*15*8<br \/>\nCinsiyet: Kad\u0131n<br \/>\nRenk: Bej<br \/>\nMen\u015fei: CN<br \/>\nMarka: Defacto<\/p>\n","protected":false},"excerpt":{"rendered":"<p>Kad\u0131n El \u00c7antas\u0131, \u015f\u0131k tasar\u0131m\u0131 ve kullan\u0131\u015fl\u0131 yap\u0131s\u0131yla g\u00fcnl\u00fck kombinlerinizi tamamlar. Hem zarif hem de pratik bir kullan\u0131m sunarak e\u015fyalar\u0131n\u0131z\u0131 d\u00fczenli \u015fekilde ta\u015f\u0131man\u0131za yard\u0131mc\u0131 olur. \u2014 Technical Details \u2014 \u00c7anta Tipi: El \u00c7antas\u0131 \u00dcr\u00fcn \u00d6l\u00e7\u00fcs\u00fc: 25*15*8 Cinsiyet: Kad\u0131n Renk: Bej Men\u015fei: CN Marka: Defacto<\/p>\n","protected":false},"featured_media":182274,"comment_status":"open","ping_status":"closed","template":"","meta":[],"product_brand":[],"product_cat":[6960,6957],"product_tag":[7089,6979,6995],"class_list":{"0":"post-182279","1":"product","2":"type-product","3":"status-publish","4":"has-post-thumbnail","6":"product_cat-cantalar","7":"product_cat-cantalar-el-cantalari","8":"product_tag-defacto","9":"product_tag-kadin-el-cantasi","10":"product_tag-moda-aksesuari","11":"pa_brand-defacto","12":"pa_color-siyah","13":"pa_size-std","15":"first","16":"outofstock","17":"shipping-taxable","18":"product-type-variable"},"_links":{"self":[{"href":"https:\/\/mod.wisdar.net\/tr\/wp-json\/wp\/v2\/product\/182279","targetHints":{"allow":["GET"]}}],"collection":[{"href":"https:\/\/mod.wisdar.net\/tr\/wp-json\/wp\/v2\/product"}],"about":[{"href":"https:\/\/mod.wisdar.net\/tr\/wp-json\/wp\/v2\/types\/product"}],"replies":[{"embeddable":true,"href":"https:\/\/mod.wisdar.net\/tr\/wp-json\/wp\/v2\/comments?post=182279"}],"wp:featuredmedia":[{"embeddable":true,"href":"https:\/\/mod.wisdar.net\/tr\/wp-json\/wp\/v2\/media\/182274"}],"wp:attachment":[{"href":"https:\/\/mod.wisdar.net\/tr\/wp-json\/wp\/v2\/media?parent=182279"}],"wp:term":[{"taxonomy":"product_brand","embeddable":true,"href":"https:\/\/mod.wisdar.net\/tr\/wp-json\/wp\/v2\/product_brand?post=182279"},{"taxonomy":"product_cat","embeddable":true,"href":"https:\/\/mod.wisdar.net\/tr\/wp-json\/wp\/v2\/product_cat?post=182279"},{"taxonomy":"product_tag","embeddable":true,"href":"https:\/\/mod.wisdar.net\/tr\/wp-json\/wp\/v2\/product_tag?post=182279"}],"curies":[{"name":"wp","href":"https:\/\/api.w.org\/{rel}","templated":true}]}}