{"id":182301,"date":"2026-03-27T14:34:51","date_gmt":"2026-03-27T14:34:51","guid":{"rendered":"https:\/\/modesthanim.com\/product\/kadin-jean-capraz-canta\/"},"modified":"2026-03-27T14:35:21","modified_gmt":"2026-03-27T14:35:21","slug":"kadin-jean-capraz-canta","status":"publish","type":"product","link":"https:\/\/mod.wisdar.net\/tr\/urun\/kadin-jean-capraz-canta\/","title":{"rendered":"Kad\u0131n Jean \u00c7apraz \u00c7anta"},"content":{"rendered":"<p>Arad\u0131\u011f\u0131n Mavi Kad\u0131n Kad\u0131n Jean \u00c7apraz \u00c7anta en uygun fiyatla DeFacto&#8217;da! Yeni sezon Mavi Kad\u0131n Kad\u0131n Jean \u00c7apraz \u00c7anta i\u00e7in hemen DeFacto&#8217;ya t\u0131kla!<\/p>\n<p>\u2014 Technical Details \u2014<br \/>\n\u00dcr\u00fcn \u00d6l\u00e7\u00fcs\u00fc: 22*15*7<br \/>\n\u00c7anta Tipi: \u00c7apraz \u00c7anta<br \/>\nRenk: Mavi<br \/>\nCinsiyet: Kad\u0131n<br \/>\nMarka: Defacto<br \/>\nMen\u015fei: CN<br \/>\n\u00dcr\u00fcn Grubu: Kad\u0131n \u00c7anta<\/p>\n","protected":false},"excerpt":{"rendered":"<p>Arad\u0131\u011f\u0131n Mavi Kad\u0131n Kad\u0131n Jean \u00c7apraz \u00c7anta en uygun fiyatla DeFacto&#8217;da! Yeni sezon Mavi Kad\u0131n Kad\u0131n Jean \u00c7apraz \u00c7anta i\u00e7in hemen DeFacto&#8217;ya t\u0131kla! \u2014 Technical Details \u2014 \u00dcr\u00fcn \u00d6l\u00e7\u00fcs\u00fc: 22*15*7 \u00c7anta Tipi: \u00c7apraz \u00c7anta Renk: Mavi Cinsiyet: Kad\u0131n Marka: Defacto Men\u015fei: CN \u00dcr\u00fcn Grubu: Kad\u0131n \u00c7anta<\/p>\n","protected":false},"featured_media":182296,"comment_status":"open","ping_status":"closed","template":"","meta":[],"product_brand":[],"product_cat":[6960,6957],"product_tag":[7016,7035],"class_list":{"0":"post-182301","1":"product","2":"type-product","3":"status-publish","4":"has-post-thumbnail","6":"product_cat-cantalar","7":"product_cat-cantalar-el-cantalari","8":"product_tag-kadin-cantasi","9":"product_tag-moda-canta","10":"pa_brand-defacto","11":"pa_color-mavi","12":"pa_size-std","14":"first","15":"instock","16":"sale","17":"shipping-taxable","18":"purchasable","19":"product-type-variable"},"_links":{"self":[{"href":"https:\/\/mod.wisdar.net\/tr\/wp-json\/wp\/v2\/product\/182301","targetHints":{"allow":["GET"]}}],"collection":[{"href":"https:\/\/mod.wisdar.net\/tr\/wp-json\/wp\/v2\/product"}],"about":[{"href":"https:\/\/mod.wisdar.net\/tr\/wp-json\/wp\/v2\/types\/product"}],"replies":[{"embeddable":true,"href":"https:\/\/mod.wisdar.net\/tr\/wp-json\/wp\/v2\/comments?post=182301"}],"wp:featuredmedia":[{"embeddable":true,"href":"https:\/\/mod.wisdar.net\/tr\/wp-json\/wp\/v2\/media\/182296"}],"wp:attachment":[{"href":"https:\/\/mod.wisdar.net\/tr\/wp-json\/wp\/v2\/media?parent=182301"}],"wp:term":[{"taxonomy":"product_brand","embeddable":true,"href":"https:\/\/mod.wisdar.net\/tr\/wp-json\/wp\/v2\/product_brand?post=182301"},{"taxonomy":"product_cat","embeddable":true,"href":"https:\/\/mod.wisdar.net\/tr\/wp-json\/wp\/v2\/product_cat?post=182301"},{"taxonomy":"product_tag","embeddable":true,"href":"https:\/\/mod.wisdar.net\/tr\/wp-json\/wp\/v2\/product_tag?post=182301"}],"curies":[{"name":"wp","href":"https:\/\/api.w.org\/{rel}","templated":true}]}}