{"id":182326,"date":"2026-03-27T14:35:52","date_gmt":"2026-03-27T14:35:52","guid":{"rendered":"https:\/\/modesthanim.com\/product\/kadin-jean-capraz-canta-2\/"},"modified":"2026-03-27T15:00:05","modified_gmt":"2026-03-27T15:00:05","slug":"kadin-jean-capraz-canta-2","status":"publish","type":"product","link":"https:\/\/mod.wisdar.net\/tr\/urun\/kadin-jean-capraz-canta-2\/","title":{"rendered":"Kad\u0131n Jean \u00c7apraz \u00c7anta"},"content":{"rendered":"<p>Arad\u0131\u011f\u0131n Mavi Kad\u0131n Kad\u0131n Jean \u00c7apraz \u00c7anta en uygun fiyatla DeFacto&#8217;da! Yeni sezon Mavi Kad\u0131n Kad\u0131n Jean \u00c7apraz \u00c7anta i\u00e7in hemen DeFacto&#8217;ya t\u0131kla!<\/p>\n<p>\u2014 Technical Details \u2014<br \/>\n\u00c7anta Tipi: \u00c7apraz \u00c7anta<br \/>\n\u00dcr\u00fcn \u00d6l\u00e7\u00fcs\u00fc: 5*13*16<br \/>\nCinsiyet: Kad\u0131n<br \/>\nRenk: Mavi<br \/>\nMarka: Defacto<br \/>\nMen\u015fei: CN<br \/>\n\u00dcr\u00fcn Grubu: Kad\u0131n \u00c7anta<\/p>\n","protected":false},"excerpt":{"rendered":"<p>Arad\u0131\u011f\u0131n Mavi Kad\u0131n Kad\u0131n Jean \u00c7apraz \u00c7anta en uygun fiyatla DeFacto&#8217;da! Yeni sezon Mavi Kad\u0131n Kad\u0131n Jean \u00c7apraz \u00c7anta i\u00e7in hemen DeFacto&#8217;ya t\u0131kla! \u2014 Technical Details \u2014 \u00c7anta Tipi: \u00c7apraz \u00c7anta \u00dcr\u00fcn \u00d6l\u00e7\u00fcs\u00fc: 5*13*16 Cinsiyet: Kad\u0131n Renk: Mavi Marka: Defacto Men\u015fei: CN \u00dcr\u00fcn Grubu: Kad\u0131n \u00c7anta<\/p>\n","protected":false},"featured_media":182319,"comment_status":"open","ping_status":"closed","template":"","meta":[],"product_brand":[],"product_cat":[6960,6957],"product_tag":[4905,7075,7089,7844],"class_list":{"0":"post-182326","1":"product","2":"type-product","3":"status-publish","4":"has-post-thumbnail","6":"product_cat-cantalar","7":"product_cat-cantalar-el-cantalari","8":"product_tag-blue","9":"product_tag-canta","10":"product_tag-defacto","11":"product_tag-denim","12":"pa_brand-defacto","13":"pa_color-mavi","14":"pa_size-std","16":"first","17":"instock","18":"sale","19":"shipping-taxable","20":"purchasable","21":"product-type-variable"},"_links":{"self":[{"href":"https:\/\/mod.wisdar.net\/tr\/wp-json\/wp\/v2\/product\/182326","targetHints":{"allow":["GET"]}}],"collection":[{"href":"https:\/\/mod.wisdar.net\/tr\/wp-json\/wp\/v2\/product"}],"about":[{"href":"https:\/\/mod.wisdar.net\/tr\/wp-json\/wp\/v2\/types\/product"}],"replies":[{"embeddable":true,"href":"https:\/\/mod.wisdar.net\/tr\/wp-json\/wp\/v2\/comments?post=182326"}],"wp:featuredmedia":[{"embeddable":true,"href":"https:\/\/mod.wisdar.net\/tr\/wp-json\/wp\/v2\/media\/182319"}],"wp:attachment":[{"href":"https:\/\/mod.wisdar.net\/tr\/wp-json\/wp\/v2\/media?parent=182326"}],"wp:term":[{"taxonomy":"product_brand","embeddable":true,"href":"https:\/\/mod.wisdar.net\/tr\/wp-json\/wp\/v2\/product_brand?post=182326"},{"taxonomy":"product_cat","embeddable":true,"href":"https:\/\/mod.wisdar.net\/tr\/wp-json\/wp\/v2\/product_cat?post=182326"},{"taxonomy":"product_tag","embeddable":true,"href":"https:\/\/mod.wisdar.net\/tr\/wp-json\/wp\/v2\/product_tag?post=182326"}],"curies":[{"name":"wp","href":"https:\/\/api.w.org\/{rel}","templated":true}]}}