{"id":182345,"date":"2026-03-27T14:36:27","date_gmt":"2026-03-27T14:36:27","guid":{"rendered":"https:\/\/modesthanim.com\/product\/kadin-omuz-cantasi-2\/"},"modified":"2026-04-04T07:33:47","modified_gmt":"2026-04-04T07:33:47","slug":"kadin-omuz-cantasi-2","status":"publish","type":"product","link":"https:\/\/mod.wisdar.net\/tr\/urun\/kadin-omuz-cantasi-2\/","title":{"rendered":"Kad\u0131n Omuz \u00c7antas\u0131"},"content":{"rendered":"<p>Arad\u0131\u011f\u0131n Kahve Kad\u0131n Kad\u0131n Omuz \u00c7antas\u0131 en uygun fiyatla DeFacto&#8217;da! Yeni sezon Kahve Kad\u0131n Kad\u0131n Omuz \u00c7antas\u0131 i\u00e7in hemen DeFacto&#8217;ya t\u0131kla!<\/p>\n<p>\u2014 Technical Details \u2014<br \/>\nCinsiyet: Kad\u0131n<br \/>\n\u00c7anta Tipi: Omuz \u00c7antas\u0131<br \/>\n\u00dcr\u00fcn \u00d6l\u00e7\u00fcs\u00fc: 1 cm<br \/>\nRenk: Kahverengi<br \/>\nMarka: Defacto<br \/>\nMen\u015fei: TR<br \/>\n\u00dcr\u00fcn Grubu: Kad\u0131n \u00c7anta<\/p>\n","protected":false},"excerpt":{"rendered":"<p>Arad\u0131\u011f\u0131n Kahve Kad\u0131n Kad\u0131n Omuz \u00c7antas\u0131 en uygun fiyatla DeFacto&#8217;da! Yeni sezon Kahve Kad\u0131n Kad\u0131n Omuz \u00c7antas\u0131 i\u00e7in hemen DeFacto&#8217;ya t\u0131kla! \u2014 Technical Details \u2014 Cinsiyet: Kad\u0131n \u00c7anta Tipi: Omuz \u00c7antas\u0131 \u00dcr\u00fcn \u00d6l\u00e7\u00fcs\u00fc: 1 cm Renk: Kahverengi Marka: Defacto Men\u015fei: TR \u00dcr\u00fcn Grubu: Kad\u0131n \u00c7anta<\/p>\n","protected":false},"featured_media":182340,"comment_status":"open","ping_status":"closed","template":"","meta":[],"product_brand":[],"product_cat":[6960,6957],"product_tag":[4908,7075,6980],"class_list":{"0":"post-182345","1":"product","2":"type-product","3":"status-publish","4":"has-post-thumbnail","6":"product_cat-cantalar","7":"product_cat-cantalar-el-cantalari","8":"product_tag-brown","9":"product_tag-canta","10":"product_tag-omuz-cantasi","11":"pa_brand-defacto","12":"pa_color-lacivert","13":"pa_size-std","15":"first","16":"outofstock","17":"shipping-taxable","18":"product-type-variable"},"_links":{"self":[{"href":"https:\/\/mod.wisdar.net\/tr\/wp-json\/wp\/v2\/product\/182345","targetHints":{"allow":["GET"]}}],"collection":[{"href":"https:\/\/mod.wisdar.net\/tr\/wp-json\/wp\/v2\/product"}],"about":[{"href":"https:\/\/mod.wisdar.net\/tr\/wp-json\/wp\/v2\/types\/product"}],"replies":[{"embeddable":true,"href":"https:\/\/mod.wisdar.net\/tr\/wp-json\/wp\/v2\/comments?post=182345"}],"wp:featuredmedia":[{"embeddable":true,"href":"https:\/\/mod.wisdar.net\/tr\/wp-json\/wp\/v2\/media\/182340"}],"wp:attachment":[{"href":"https:\/\/mod.wisdar.net\/tr\/wp-json\/wp\/v2\/media?parent=182345"}],"wp:term":[{"taxonomy":"product_brand","embeddable":true,"href":"https:\/\/mod.wisdar.net\/tr\/wp-json\/wp\/v2\/product_brand?post=182345"},{"taxonomy":"product_cat","embeddable":true,"href":"https:\/\/mod.wisdar.net\/tr\/wp-json\/wp\/v2\/product_cat?post=182345"},{"taxonomy":"product_tag","embeddable":true,"href":"https:\/\/mod.wisdar.net\/tr\/wp-json\/wp\/v2\/product_tag?post=182345"}],"curies":[{"name":"wp","href":"https:\/\/api.w.org\/{rel}","templated":true}]}}